{"id":941,"date":"2020-04-30T12:12:21","date_gmt":"2020-04-30T10:12:21","guid":{"rendered":"http:\/\/www.biomaps.universite-paris-saclay.fr\/?page_id=941"},"modified":"2022-10-19T11:07:26","modified_gmt":"2022-10-19T09:07:26","slug":"spirometrie-3d-par-irm","status":"publish","type":"page","link":"https:\/\/www.biomaps.universite-paris-saclay.fr\/index.php\/spirometrie-3d-par-irm\/","title":{"rendered":"Spirom\u00e9trie 3D par IRM"},"content":{"rendered":"\t\t<div data-elementor-type=\"wp-page\" data-elementor-id=\"941\" class=\"elementor elementor-941\" data-elementor-post-type=\"page\">\n\t\t\t\t\t\t<section class=\"elementor-section elementor-top-section elementor-element elementor-element-9e455f3 elementor-section-boxed elementor-section-height-default elementor-section-height-default\" data-id=\"9e455f3\" data-element_type=\"section\">\n\t\t\t\t\t\t<div class=\"elementor-container elementor-column-gap-default\">\n\t\t\t\t\t<div class=\"elementor-column elementor-col-100 elementor-top-column elementor-element elementor-element-f6b35bd\" data-id=\"f6b35bd\" data-element_type=\"column\">\n\t\t\t<div class=\"elementor-widget-wrap elementor-element-populated\">\n\t\t\t\t\t\t<div class=\"elementor-element elementor-element-b95ac6a elementor-widget elementor-widget-text-editor\" data-id=\"b95ac6a\" data-element_type=\"widget\" data-widget_type=\"text-editor.default\">\n\t\t\t\t<div class=\"elementor-widget-container\">\n\t\t\t\t\t\t\t<h3>Contexte scientifique<\/h3>\n<p class=\"has-medium-font-size\" style=\"padding-left: 40px;\"><em><strong>Spirom\u00e9trie standard<\/strong><\/em><\/p>\n<p class=\"has-medium-font-size\">La ventilation gazeuse, la perfusion sanguine et le transfert septal du gaz assurent globalement la fonction pulmonaire chez l\u2019humain. Pendant la respiration, la ventilation est intrins\u00e8quement li\u00e9e au comportement m\u00e9canique des poumons, car elle est d\u00e9termin\u00e9e par les lumi\u00e8res de l&rsquo;arbre bronchique, l\u2019inflation et la d\u00e9flation des tissus alv\u00e9olaires du poumon tandis que le gaz s\u2019\u00e9coule et diffuse \u00e0 travers le parenchyme pulmonaire. L&rsquo;efficacit\u00e9 de la ventilation et les maladies respiratoires sont \u00e9valu\u00e9es par spirom\u00e9trie dans le cadre de tests d\u2019exploration fonctionnelle respiratoire en routine clinique. La spirom\u00e9trie est aujourd&rsquo;hui la technique de r\u00e9f\u00e9rence pour \u00e9valuer la fonction respiratoire pulmonaire chez l\u2019humain. \u00c0 partir de la forme d&rsquo;une courbe d\u00e9bit-volume mesur\u00e9e pendant que le patient, entra\u00een\u00e9 par le praticien, effectue des respirations forc\u00e9es, la capacit\u00e9 vitale forc\u00e9e (CVF) et le volume expiratoire forc\u00e9 en une seconde (VEMS) peuvent \u00eatre d\u00e9duits et le pneumologue est capable de d\u00e9tecter et de caract\u00e9riser les affections respiratoires ainsi que d\u2019\u00e9valuer les traitements en cours. Cette technique est non invasive et simple. Elle est largement disponible, robuste, reproductible et sensible \u00e0 l&rsquo;intervention. Toutefois, ses r\u00e9sultats d\u00e9pendent de la formation de l&rsquo;op\u00e9rateur et de la coop\u00e9ration du patient. Elle fournit uniquement des informations scalaires globales sur le poumon dans des conditions fonctionnelles extr\u00eames.<\/p>\n<p class=\"has-medium-font-size\" style=\"padding-left: 40px;\"><em><strong>IRM pulmonaire<\/strong><\/em><\/p>\n<p class=\"has-medium-font-size\">En d\u00e9pit des limitations intrins\u00e8ques et des contraintes physiologiques qui ont entrav\u00e9 son application dans le poumon, l&rsquo;imagerie par r\u00e9sonance magn\u00e9tique (IRM) peut d\u00e9sormais sonder efficacement l&rsquo;organe \u00e0 l&rsquo;\u00e9chelle r\u00e9gionale. Les d\u00e9formations locales ont pu \u00eatre \u00e9galement d\u00e9duite par recalage non \u00e9lastique sur un ensemble d&rsquo;images rapidement acquises en IRM dynamique. N\u00e9anmoins, alors que les mouvements et les ph\u00e9nom\u00e8nes impliqu\u00e9s dans le processus respiratoire sont essentiellement 3D, seules des cartes de ventilation 2D ont \u00e9t\u00e9 obtenues jusqu&rsquo;\u00e0 pr\u00e9sent.<\/p>\t\t\t\t\t\t<\/div>\n\t\t\t\t<\/div>\n\t\t\t\t\t<\/div>\n\t\t<\/div>\n\t\t\t\t\t<\/div>\n\t\t<\/section>\n\t\t\t\t<section class=\"elementor-section elementor-top-section elementor-element elementor-element-0d3a455 elementor-section-boxed elementor-section-height-default elementor-section-height-default\" data-id=\"0d3a455\" data-element_type=\"section\">\n\t\t\t\t\t\t<div class=\"elementor-container elementor-column-gap-default\">\n\t\t\t\t\t<div class=\"elementor-column elementor-col-50 elementor-top-column elementor-element elementor-element-4aa576d\" data-id=\"4aa576d\" data-element_type=\"column\">\n\t\t\t<div class=\"elementor-widget-wrap elementor-element-populated\">\n\t\t\t\t\t\t<div class=\"elementor-element elementor-element-ebcbc09 elementor-widget elementor-widget-spacer\" data-id=\"ebcbc09\" data-element_type=\"widget\" data-widget_type=\"spacer.default\">\n\t\t\t\t<div class=\"elementor-widget-container\">\n\t\t\t\t\t<div class=\"elementor-spacer\">\n\t\t\t<div class=\"elementor-spacer-inner\"><\/div>\n\t\t<\/div>\n\t\t\t\t<\/div>\n\t\t\t\t<\/div>\n\t\t\t\t<div class=\"elementor-element elementor-element-039d42c elementor-widget elementor-widget-text-editor\" data-id=\"039d42c\" data-element_type=\"widget\" data-widget_type=\"text-editor.default\">\n\t\t\t\t<div class=\"elementor-widget-container\">\n\t\t\t\t\t\t\t<p class=\"has-medium-font-size\">Une strat\u00e9gie innovante et un cadre d\u2019\u00e9tude original ont \u00e9t\u00e9 r\u00e9cemment mis au point au laboratoire <strong>BioMaps<\/strong> avec GE Healthcare afin d\u2019analyser conjointement la fonction ventilatoire et le comportement m\u00e9canique du poumon : la spirom\u00e9trie 3D par r\u00e9sonance magn\u00e9tique. Comme la m\u00e9canique respiratoire soutient fondamentalement la fonction ventilatoire, cette technique devrait ouvrir une nouvelle voie pour explorer de mani\u00e8re non invasive la fonction pulmonaire tout en fournissant un meilleur diagnostic des maladies pulmonaires r\u00e9gionales.<\/p>\t\t\t\t\t\t<\/div>\n\t\t\t\t<\/div>\n\t\t\t\t\t<\/div>\n\t\t<\/div>\n\t\t\t\t<div class=\"elementor-column elementor-col-50 elementor-top-column elementor-element elementor-element-32543cf\" data-id=\"32543cf\" data-element_type=\"column\">\n\t\t\t<div class=\"elementor-widget-wrap elementor-element-populated\">\n\t\t\t\t\t\t<div class=\"elementor-element elementor-element-085be67 elementor-widget elementor-widget-image\" data-id=\"085be67\" data-element_type=\"widget\" data-widget_type=\"image.default\">\n\t\t\t\t<div class=\"elementor-widget-container\">\n\t\t\t\t\t\t\t\t\t\t<figure class=\"wp-caption\">\n\t\t\t\t\t\t\t\t\t\t<img fetchpriority=\"high\" decoding=\"async\" width=\"426\" height=\"424\" src=\"https:\/\/www.biomaps.universite-paris-saclay.fr\/wp-content\/uploads\/2020\/04\/Normal_Thoracic_Diaphragmatic_respirations.gif\" class=\"attachment-large size-large wp-image-944\" alt=\"\" \/>\t\t\t\t\t\t\t\t\t\t\t<figcaption class=\"widget-image-caption wp-caption-text\">Figure 1 : Dynamique respiratoire spontan\u00e9e, diaphragmatique et thoracique dans le poumon gauche (haut) et droit (bas) chez un sujet sain avec remise en phase r\u00e9trospective d\u2019un acquisition ZTE-AZTEK 3D.<\/figcaption>\n\t\t\t\t\t\t\t\t\t\t<\/figure>\n\t\t\t\t\t\t\t<\/div>\n\t\t\t\t<\/div>\n\t\t\t\t\t<\/div>\n\t\t<\/div>\n\t\t\t\t\t<\/div>\n\t\t<\/section>\n\t\t\t\t<section class=\"elementor-section elementor-top-section elementor-element elementor-element-6533acb elementor-section-boxed elementor-section-height-default elementor-section-height-default\" data-id=\"6533acb\" data-element_type=\"section\">\n\t\t\t\t\t\t<div class=\"elementor-container elementor-column-gap-default\">\n\t\t\t\t\t<div class=\"elementor-column elementor-col-50 elementor-top-column elementor-element elementor-element-9668c84\" data-id=\"9668c84\" data-element_type=\"column\">\n\t\t\t<div class=\"elementor-widget-wrap elementor-element-populated\">\n\t\t\t\t\t\t<div class=\"elementor-element elementor-element-54ebcf4 elementor-widget elementor-widget-image\" data-id=\"54ebcf4\" data-element_type=\"widget\" data-widget_type=\"image.default\">\n\t\t\t\t<div class=\"elementor-widget-container\">\n\t\t\t\t\t\t\t\t\t\t<figure class=\"wp-caption\">\n\t\t\t\t\t\t\t\t\t\t<img decoding=\"async\" width=\"500\" height=\"415\" src=\"https:\/\/www.biomaps.universite-paris-saclay.fr\/wp-content\/uploads\/2020\/04\/spiro-500x415.png\" class=\"attachment-large size-large wp-image-945\" alt=\"\" srcset=\"https:\/\/www.biomaps.universite-paris-saclay.fr\/wp-content\/uploads\/2020\/04\/spiro-500x415.png 500w, https:\/\/www.biomaps.universite-paris-saclay.fr\/wp-content\/uploads\/2020\/04\/spiro-150x124.png 150w, https:\/\/www.biomaps.universite-paris-saclay.fr\/wp-content\/uploads\/2020\/04\/spiro.png 574w\" sizes=\"(max-width: 500px) 100vw, 500px\" \/>\t\t\t\t\t\t\t\t\t\t\t<figcaption class=\"widget-image-caption wp-caption-text\">Figure 2 : Vues sagittales des images thoraciques, recal\u00e9es r\u00e9trospectivement selon 32 phases acquises, \u00e0 la fin de l'expiration (en haut) et \u00e0 la fin de l'inspiration (en bas) pour des motifs respiratoires spontan\u00e9 (gauche), thoracique (milieu) et diaphragmatique (droite). La ligne rouge repr\u00e9sente la fin de l'expiration pour r\u00e9f\u00e9rence.<\/figcaption>\n\t\t\t\t\t\t\t\t\t\t<\/figure>\n\t\t\t\t\t\t\t<\/div>\n\t\t\t\t<\/div>\n\t\t\t\t\t<\/div>\n\t\t<\/div>\n\t\t\t\t<div class=\"elementor-column elementor-col-50 elementor-top-column elementor-element elementor-element-28ff71d\" data-id=\"28ff71d\" data-element_type=\"column\">\n\t\t\t<div class=\"elementor-widget-wrap elementor-element-populated\">\n\t\t\t\t\t\t<div class=\"elementor-element elementor-element-f2ca5a8 elementor-widget elementor-widget-image\" data-id=\"f2ca5a8\" data-element_type=\"widget\" data-widget_type=\"image.default\">\n\t\t\t\t<div class=\"elementor-widget-container\">\n\t\t\t\t\t\t\t\t\t\t<figure class=\"wp-caption\">\n\t\t\t\t\t\t\t\t\t\t<img decoding=\"async\" width=\"483\" height=\"427\" src=\"https:\/\/www.biomaps.universite-paris-saclay.fr\/wp-content\/uploads\/2020\/04\/spiro2.png\" class=\"attachment-large size-large wp-image-946\" alt=\"\" srcset=\"https:\/\/www.biomaps.universite-paris-saclay.fr\/wp-content\/uploads\/2020\/04\/spiro2.png 483w, https:\/\/www.biomaps.universite-paris-saclay.fr\/wp-content\/uploads\/2020\/04\/spiro2-150x133.png 150w\" sizes=\"(max-width: 483px) 100vw, 483px\" \/>\t\t\t\t\t\t\t\t\t\t\t<figcaption class=\"widget-image-caption wp-caption-text\">Figure 3 : Vues coronales, sagittales et axiales acquises en 3D UTE \u00e0 la fin de l'expiration avec, superpos\u00e9es, des courbes de d\u00e9bit-volume r\u00e9gionales estim\u00e9es par spirom\u00e9trie 3D IRM. Les conventions de couleur et d'axe sont donn\u00e9es dans le coin inf\u00e9rieur droit pour les courbes locales et globales. <\/figcaption>\n\t\t\t\t\t\t\t\t\t\t<\/figure>\n\t\t\t\t\t\t\t<\/div>\n\t\t\t\t<\/div>\n\t\t\t\t<div class=\"elementor-element elementor-element-2e70e76 elementor-widget elementor-widget-text-editor\" data-id=\"2e70e76\" data-element_type=\"widget\" data-widget_type=\"text-editor.default\">\n\t\t\t\t<div class=\"elementor-widget-container\">\n\t\t\t\t\t\t\t<center>Tardieu M, Salameh N, Souris L, Rousseau D, Jourdain L, Skeif H, Pr\u00e9vot F, de Rochefort L, Ducreux D, Louis B, Garteiser P, Sinkus R, Darrasse L, Poirier-Quinot M, Ma\u00eetre X. Magnetic resonance elastography with guided pressure waves. <i>NMR Biomed<\/i>. 2022;35(7):e4701. doi:<a href=\"https:\/\/doi.org\/10.1002\/nbm.4701\" target=\"_blank\" rel=\"noopener\">10.1002\/nbm.4701<\/a>\t\t\t\t\t\t<\/div>\n\t\t\t\t<\/div>\n\t\t\t\t\t<\/div>\n\t\t<\/div>\n\t\t\t\t\t<\/div>\n\t\t<\/section>\n\t\t\t\t<section class=\"elementor-section elementor-top-section elementor-element elementor-element-e69d53d elementor-section-boxed elementor-section-height-default elementor-section-height-default\" data-id=\"e69d53d\" data-element_type=\"section\">\n\t\t\t\t\t\t<div class=\"elementor-container elementor-column-gap-default\">\n\t\t\t\t\t<div class=\"elementor-column elementor-col-100 elementor-top-column elementor-element elementor-element-0e31ac0\" data-id=\"0e31ac0\" data-element_type=\"column\">\n\t\t\t<div class=\"elementor-widget-wrap elementor-element-populated\">\n\t\t\t\t\t\t<div class=\"elementor-element elementor-element-114c114 elementor-widget elementor-widget-text-editor\" data-id=\"114c114\" data-element_type=\"widget\" data-widget_type=\"text-editor.default\">\n\t\t\t\t<div class=\"elementor-widget-container\">\n\t\t\t\t\t\t\t<h3>Environnement scientifique<\/h3>\n<p class=\"has-medium-font-size\">Le projet s\u2019inscrit dans un consortium scientifique qui couvre l\u2019acquisition des donn\u00e9es d\u2019IRM pulmonaire (BioMaps, H\u00f4pital de la Piti\u00e9-Salp\u00eatri\u00e8re, GE Healthcare), la reconstruction des donn\u00e9es du poumon (BioMaps, GE Healthcare, \u00c9cole Polytechnique), la mod\u00e9lisation et le traitement des donn\u00e9es (\u00c9cole Polytechnique, GE Healthcare), le poumon asthmatique (H\u00f4pital de Bic\u00eatre) et le poumon chroniquement obstru\u00e9 (H\u00f4pital de la Piti\u00e9-Salp\u00eatri\u00e8re).<\/p>\t\t\t\t\t\t<\/div>\n\t\t\t\t<\/div>\n\t\t\t\t\t<\/div>\n\t\t<\/div>\n\t\t\t\t\t<\/div>\n\t\t<\/section>\n\t\t\t\t<section class=\"elementor-section elementor-top-section elementor-element elementor-element-8f6d4de elementor-section-boxed elementor-section-height-default elementor-section-height-default\" data-id=\"8f6d4de\" data-element_type=\"section\">\n\t\t\t\t\t\t<div class=\"elementor-container elementor-column-gap-default\">\n\t\t\t\t\t<div class=\"elementor-column elementor-col-100 elementor-top-column elementor-element elementor-element-f6baeaa\" data-id=\"f6baeaa\" data-element_type=\"column\">\n\t\t\t<div class=\"elementor-widget-wrap elementor-element-populated\">\n\t\t\t\t\t\t<div class=\"elementor-element elementor-element-417fea7 elementor-widget elementor-widget-text-editor\" data-id=\"417fea7\" data-element_type=\"widget\" data-widget_type=\"text-editor.default\">\n\t\t\t\t<div class=\"elementor-widget-container\">\n\t\t\t\t\t\t\t<p><strong>Contacts:<\/strong><\/p><p><a href=\"mailto:luc.darrasse@universite-paris-saclay.fr\" target=\"_blank\" rel=\"noopener\">Luc Darrasse<\/a>,\u00a0<a href=\"mailto:rose-marie.dubuisson@universite-paris-saclay.fr\" target=\"_blank\" rel=\"noopener\">Rose-Marie Dubuisson<\/a>,\u00a0<a href=\"mailto:claire.barakat@inserm.fr\" target=\"_blank\" rel=\"noopener\">Claire Pellot-Barakat<\/a>,\u00a0<a href=\"mailto:angeline.nemeth@universite-paris-saclay.fr\" target=\"_blank\" rel=\"noopener\">Xavier Ma\u00eetre<\/a>,\u00a0<a href=\"mailto:angeline.nemeth@universite-paris-saclay.fr\" target=\"_blank\" rel=\"noopener\">Ang\u00e9line Nemeth<\/a>,\u00a0<a href=\"mailto:marie.poirier-quinot@universite-paris-saclay.fr\" target=\"_blank\" rel=\"noopener\">Marie Poirier-Quinot<\/a><\/p>\t\t\t\t\t\t<\/div>\n\t\t\t\t<\/div>\n\t\t\t\t\t<\/div>\n\t\t<\/div>\n\t\t\t\t\t<\/div>\n\t\t<\/section>\n\t\t\t\t<section class=\"elementor-section elementor-top-section elementor-element elementor-element-160f6b7 elementor-section-boxed elementor-section-height-default elementor-section-height-default\" data-id=\"160f6b7\" data-element_type=\"section\">\n\t\t\t\t\t\t<div class=\"elementor-container elementor-column-gap-default\">\n\t\t\t\t\t<div class=\"elementor-column elementor-col-100 elementor-top-column elementor-element elementor-element-838ff90\" data-id=\"838ff90\" data-element_type=\"column\">\n\t\t\t<div class=\"elementor-widget-wrap elementor-element-populated\">\n\t\t\t\t\t\t<div class=\"elementor-element elementor-element-d58c957 elementor-widget elementor-widget-text-editor\" data-id=\"d58c957\" data-element_type=\"widget\" data-widget_type=\"text-editor.default\">\n\t\t\t\t<div class=\"elementor-widget-container\">\n\t\t\t\t\t\t\t<p><strong>R\u00e9f\u00e9rences<\/strong>:<\/p><p style=\"text-align: start;\">1\/ Boucneau T, Fernandez B, Larson P, Darrasse L, Ma\u00eetre X. 3D Magnetic Resonance Spirometry.\u00a0<i>Scientific Reports<\/i>. 2020;10(1):9649. doi:<a href=\"https:\/\/doi.org\/10.1038\/s41598-020-66202-7\" target=\"_blank\" rel=\"noopener\">10.1038\/s41598-020-66202-7<\/a><\/p><div class=\"csl-bib-body\">2\/ Boucneau T, Fernandez B, Besson FL, Menini A, Wiesinger F, Durand E, Caramella C, Darrasse L, Ma\u00eetre X. AZTEK: Adaptive zero TE k-space trajectories. <i>Magnetic Resonance in Medicine<\/i>. 2021;85(2):926-935. doi:<a class=\"moz-txt-link-freetext\" href=\"https:\/\/doi.org\/10.1002\/mrm.28483\" target=\"_blank\" rel=\"noopener\">https:\/\/doi.org\/10.1002\/mrm.28483<\/a><\/div><div>\u00a0<\/div><p style=\"text-align: start;\">3\/ Boucneau <strong>Magnetic resonance imaging of respiratory mechanics<\/strong>, PhD dissertation, 2019. <a href=\"http:\/\/www.theses.fr\/2019SACLS165\" target=\"_blank\" rel=\"noopener\">www.theses.fr\/2019SACLS165<\/a><\/p>\t\t\t\t\t\t<\/div>\n\t\t\t\t<\/div>\n\t\t\t\t\t<\/div>\n\t\t<\/div>\n\t\t\t\t\t<\/div>\n\t\t<\/section>\n\t\t\t\t<\/div>\n\t\t","protected":false},"excerpt":{"rendered":"<p>Contexte scientifique Spirom\u00e9trie standard La ventilation gazeuse, la perfusion sanguine et le transfert septal du gaz assurent globalement la fonction pulmonaire chez l\u2019humain. Pendant la respiration, la ventilation est intrins\u00e8quement li\u00e9e au comportement m\u00e9canique des poumons, car elle est d\u00e9termin\u00e9e par les lumi\u00e8res de l&rsquo;arbre bronchique, l\u2019inflation et la d\u00e9flation des tissus alv\u00e9olaires du poumon [&hellip;]<\/p>\n","protected":false},"author":2,"featured_media":615,"parent":0,"menu_order":0,"comment_status":"closed","ping_status":"closed","template":"","meta":{"footnotes":""},"guten_post_layout_featured_media_urls":{"full":["https:\/\/www.biomaps.universite-paris-saclay.fr\/wp-content\/uploads\/2020\/04\/Footer-e1609957375858.png",750,126,false],"thumbnail":["https:\/\/www.biomaps.universite-paris-saclay.fr\/wp-content\/uploads\/2020\/04\/Footer-100x100.png",100,100,true],"medium":["https:\/\/www.biomaps.universite-paris-saclay.fr\/wp-content\/uploads\/2020\/04\/Footer-150x25.png",150,25,true],"medium_large":["https:\/\/www.biomaps.universite-paris-saclay.fr\/wp-content\/uploads\/2020\/04\/Footer-768x129.png",640,108,true],"large":["https:\/\/www.biomaps.universite-paris-saclay.fr\/wp-content\/uploads\/2020\/04\/Footer-500x84.png",500,84,true],"1536x1536":["https:\/\/www.biomaps.universite-paris-saclay.fr\/wp-content\/uploads\/2020\/04\/Footer-1536x257.png",1536,257,true],"2048x2048":["https:\/\/www.biomaps.universite-paris-saclay.fr\/wp-content\/uploads\/2020\/04\/Footer-e1609957375858.png",750,126,false],"guten_post_layout_landscape_large":["https:\/\/www.biomaps.universite-paris-saclay.fr\/wp-content\/uploads\/2020\/04\/Footer-1200x318.png",1200,318,true],"guten_post_layout_portrait_large":["https:\/\/www.biomaps.universite-paris-saclay.fr\/wp-content\/uploads\/2020\/04\/Footer-1200x318.png",1200,318,true],"guten_post_layout_square_large":["https:\/\/www.biomaps.universite-paris-saclay.fr\/wp-content\/uploads\/2020\/04\/Footer-1200x318.png",1200,318,true],"guten_post_layout_landscape":["https:\/\/www.biomaps.universite-paris-saclay.fr\/wp-content\/uploads\/2020\/04\/Footer-600x318.png",600,318,true],"guten_post_layout_portrait":["https:\/\/www.biomaps.universite-paris-saclay.fr\/wp-content\/uploads\/2020\/04\/Footer-600x318.png",600,318,true],"guten_post_layout_square":["https:\/\/www.biomaps.universite-paris-saclay.fr\/wp-content\/uploads\/2020\/04\/Footer-600x318.png",600,318,true],"sciencex-single-team-thumb":["https:\/\/www.biomaps.universite-paris-saclay.fr\/wp-content\/uploads\/2020\/04\/Footer-360x270.png",360,270,true],"sciencex-team-thumbnail":["https:\/\/www.biomaps.universite-paris-saclay.fr\/wp-content\/uploads\/2020\/04\/Footer-263x216.png",263,216,true],"sciencex-event-thumbnail":["https:\/\/www.biomaps.universite-paris-saclay.fr\/wp-content\/uploads\/2020\/04\/Footer-555x318.png",555,318,true],"sciencex-event-gallery-thumb":["https:\/\/www.biomaps.universite-paris-saclay.fr\/wp-content\/uploads\/2020\/04\/Footer-227x168.png",227,168,true],"sciencex-blog-thumb":["https:\/\/www.biomaps.universite-paris-saclay.fr\/wp-content\/uploads\/2020\/04\/Footer-100x80.png",100,80,true]},"_links":{"self":[{"href":"https:\/\/www.biomaps.universite-paris-saclay.fr\/index.php\/wp-json\/wp\/v2\/pages\/941"}],"collection":[{"href":"https:\/\/www.biomaps.universite-paris-saclay.fr\/index.php\/wp-json\/wp\/v2\/pages"}],"about":[{"href":"https:\/\/www.biomaps.universite-paris-saclay.fr\/index.php\/wp-json\/wp\/v2\/types\/page"}],"author":[{"embeddable":true,"href":"https:\/\/www.biomaps.universite-paris-saclay.fr\/index.php\/wp-json\/wp\/v2\/users\/2"}],"replies":[{"embeddable":true,"href":"https:\/\/www.biomaps.universite-paris-saclay.fr\/index.php\/wp-json\/wp\/v2\/comments?post=941"}],"version-history":[{"count":11,"href":"https:\/\/www.biomaps.universite-paris-saclay.fr\/index.php\/wp-json\/wp\/v2\/pages\/941\/revisions"}],"predecessor-version":[{"id":4469,"href":"https:\/\/www.biomaps.universite-paris-saclay.fr\/index.php\/wp-json\/wp\/v2\/pages\/941\/revisions\/4469"}],"wp:featuredmedia":[{"embeddable":true,"href":"https:\/\/www.biomaps.universite-paris-saclay.fr\/index.php\/wp-json\/wp\/v2\/media\/615"}],"wp:attachment":[{"href":"https:\/\/www.biomaps.universite-paris-saclay.fr\/index.php\/wp-json\/wp\/v2\/media?parent=941"}],"curies":[{"name":"wp","href":"https:\/\/api.w.org\/{rel}","templated":true}]}}