{"id":72,"date":"2020-02-26T23:09:24","date_gmt":"2020-02-26T22:09:24","guid":{"rendered":"http:\/\/www.biomaps.universite-paris-saclay.fr\/?page_id=72"},"modified":"2026-01-02T12:01:20","modified_gmt":"2026-01-02T11:01:20","slug":"publications","status":"publish","type":"page","link":"https:\/\/www.biomaps.universite-paris-saclay.fr\/index.php\/publications\/","title":{"rendered":"Articles"},"content":{"rendered":"\t\t<div data-elementor-type=\"wp-page\" data-elementor-id=\"72\" class=\"elementor elementor-72\" data-elementor-post-type=\"page\">\n\t\t\t\t\t\t<section class=\"elementor-section elementor-top-section elementor-element elementor-element-087e437 elementor-section-boxed elementor-section-height-default elementor-section-height-default\" data-id=\"087e437\" data-element_type=\"section\">\n\t\t\t\t\t\t<div class=\"elementor-container elementor-column-gap-default\">\n\t\t\t\t\t<div class=\"elementor-column elementor-col-100 elementor-top-column elementor-element elementor-element-4b94749\" data-id=\"4b94749\" data-element_type=\"column\">\n\t\t\t<div class=\"elementor-widget-wrap elementor-element-populated\">\n\t\t\t\t\t\t<div class=\"elementor-element elementor-element-9798d7a elementor-widget elementor-widget-heading\" data-id=\"9798d7a\" data-element_type=\"widget\" data-widget_type=\"heading.default\">\n\t\t\t\t<div class=\"elementor-widget-container\">\n\t\t\t<h2 class=\"elementor-heading-title elementor-size-default\">2025<\/h2>\t\t<\/div>\n\t\t\t\t<\/div>\n\t\t\t\t\t<\/div>\n\t\t<\/div>\n\t\t\t\t\t<\/div>\n\t\t<\/section>\n\t\t\t\t<section class=\"elementor-section elementor-top-section elementor-element elementor-element-68368a6 elementor-section-boxed elementor-section-height-default elementor-section-height-default\" data-id=\"68368a6\" data-element_type=\"section\">\n\t\t\t\t\t\t<div class=\"elementor-container elementor-column-gap-default\">\n\t\t\t\t\t<div class=\"elementor-column elementor-col-100 elementor-top-column elementor-element elementor-element-59f59eb\" data-id=\"59f59eb\" data-element_type=\"column\">\n\t\t\t<div class=\"elementor-widget-wrap elementor-element-populated\">\n\t\t\t\t\t\t<div class=\"elementor-element elementor-element-bab9ad1 elementor-widget elementor-widget-text-editor\" data-id=\"bab9ad1\" data-element_type=\"widget\" data-widget_type=\"text-editor.default\">\n\t\t\t\t<div class=\"elementor-widget-container\">\n\t\t\t\t\t\t\t<p>1\/ <strong>R. J. Andrade, A. Lemoine, A. Racap\u00e9, N. Etaix, T. Frappart, C. Fraschini, J.-L. Gennisson*, A. Nordez*.<\/strong> <em>In vivo assessment of shear modulus along the fibers of pennate muscle during passive lengthening and contraction using steered ultrasound push beams. <\/em>Journal of the mechanical behavior of biomedical materials, <a class=\"anchor doi anchor-primary\" title=\"Persistent link using digital object identifier\" href=\"https:\/\/doi.org\/10.1016\/j.jmbbm.2024.106862\" target=\"_blank\" rel=\"noreferrer noopener\" aria-label=\"Persistent link using digital object identifier\"><span class=\"anchor-text-container\"><span class=\"anchor-text\">doi:10.1016\/j.jmbbm.2024.106862<\/span><\/span><\/a>, 2025.<\/p>\t\t\t\t\t\t<\/div>\n\t\t\t\t<\/div>\n\t\t\t\t\t<\/div>\n\t\t<\/div>\n\t\t\t\t\t<\/div>\n\t\t<\/section>\n\t\t\t\t<section class=\"elementor-section elementor-top-section elementor-element elementor-element-3e6bbd2 elementor-section-boxed elementor-section-height-default elementor-section-height-default\" data-id=\"3e6bbd2\" data-element_type=\"section\">\n\t\t\t\t\t\t<div class=\"elementor-container elementor-column-gap-default\">\n\t\t\t\t\t<div class=\"elementor-column elementor-col-100 elementor-top-column elementor-element elementor-element-e3caf8f\" data-id=\"e3caf8f\" data-element_type=\"column\">\n\t\t\t<div class=\"elementor-widget-wrap elementor-element-populated\">\n\t\t\t\t\t\t<div class=\"elementor-element elementor-element-cdc4f42 elementor-widget elementor-widget-text-editor\" data-id=\"cdc4f42\" data-element_type=\"widget\" data-widget_type=\"text-editor.default\">\n\t\t\t\t<div class=\"elementor-widget-container\">\n\t\t\t\t\t\t\t<p>2\/ <strong>A. Soyer<\/strong><strong>, <\/strong><strong>S. Leterrier<\/strong><strong>, <\/strong><strong>S. Goutal<\/strong><strong>, <\/strong><strong>C. Corvo<\/strong><strong>, <\/strong><strong>W. Saba<\/strong><strong>, <\/strong><strong>F. Caill\u00e9<\/strong><strong>, <\/strong><strong>G. Dal Bo<\/strong><strong>, <\/strong><strong>A. Winkeler<\/strong><strong>, <\/strong><strong>K. Thibault<\/strong><strong>, <\/strong><strong>C. Leroy<\/strong><strong>, <\/strong><strong>N. Tournier. <\/strong><em>Decreased opioid receptor availability and impaired neurometabolic coupling as signatures of morphine tolerance in male rats: A positron emission tomography study. <\/em>Biomedicine &amp; Pharmacotherapy, <a href=\"https:\/\/doi.org\/10.1016\/j.biopha.2025.117848\" target=\"_blank\" rel=\"noopener\">doi:10.1016\/j.biopha.2025.117848<\/a>, 2025.<\/p>\t\t\t\t\t\t<\/div>\n\t\t\t\t<\/div>\n\t\t\t\t\t<\/div>\n\t\t<\/div>\n\t\t\t\t\t<\/div>\n\t\t<\/section>\n\t\t\t\t<section class=\"elementor-section elementor-top-section elementor-element elementor-element-498e65f elementor-section-boxed elementor-section-height-default elementor-section-height-default\" data-id=\"498e65f\" data-element_type=\"section\">\n\t\t\t\t\t\t<div class=\"elementor-container elementor-column-gap-default\">\n\t\t\t\t\t<div class=\"elementor-column elementor-col-100 elementor-top-column elementor-element elementor-element-2027e48\" data-id=\"2027e48\" data-element_type=\"column\">\n\t\t\t<div class=\"elementor-widget-wrap elementor-element-populated\">\n\t\t\t\t\t\t<div class=\"elementor-element elementor-element-e63572d elementor-widget-divider--view-line elementor-widget elementor-widget-divider\" data-id=\"e63572d\" data-element_type=\"widget\" data-widget_type=\"divider.default\">\n\t\t\t\t<div class=\"elementor-widget-container\">\n\t\t\t\t\t<div class=\"elementor-divider\">\n\t\t\t<span class=\"elementor-divider-separator\">\n\t\t\t\t\t\t<\/span>\n\t\t<\/div>\n\t\t\t\t<\/div>\n\t\t\t\t<\/div>\n\t\t\t\t\t<\/div>\n\t\t<\/div>\n\t\t\t\t\t<\/div>\n\t\t<\/section>\n\t\t\t\t<section class=\"elementor-section elementor-top-section elementor-element elementor-element-4f7e8e5 elementor-section-boxed elementor-section-height-default elementor-section-height-default\" data-id=\"4f7e8e5\" data-element_type=\"section\">\n\t\t\t\t\t\t<div class=\"elementor-container elementor-column-gap-default\">\n\t\t\t\t\t<div class=\"elementor-column elementor-col-100 elementor-top-column elementor-element elementor-element-336f198\" data-id=\"336f198\" data-element_type=\"column\">\n\t\t\t<div class=\"elementor-widget-wrap elementor-element-populated\">\n\t\t\t\t\t\t<div class=\"elementor-element elementor-element-811429f elementor-widget elementor-widget-heading\" data-id=\"811429f\" data-element_type=\"widget\" data-widget_type=\"heading.default\">\n\t\t\t\t<div class=\"elementor-widget-container\">\n\t\t\t<h2 class=\"elementor-heading-title elementor-size-default\"><a href=\"https:\/\/www.biomaps.universite-paris-saclay.fr\/index.php\/articles-2024\/\">2024<\/a><\/h2>\t\t<\/div>\n\t\t\t\t<\/div>\n\t\t\t\t\t<\/div>\n\t\t<\/div>\n\t\t\t\t\t<\/div>\n\t\t<\/section>\n\t\t\t\t<section class=\"elementor-section elementor-top-section elementor-element elementor-element-3932b7f elementor-section-boxed elementor-section-height-default elementor-section-height-default\" data-id=\"3932b7f\" data-element_type=\"section\">\n\t\t\t\t\t\t<div class=\"elementor-container elementor-column-gap-default\">\n\t\t\t\t\t<div class=\"elementor-column elementor-col-100 elementor-top-column elementor-element elementor-element-a030486\" data-id=\"a030486\" data-element_type=\"column\">\n\t\t\t<div class=\"elementor-widget-wrap elementor-element-populated\">\n\t\t\t\t\t\t<div class=\"elementor-element elementor-element-b33f925 elementor-widget elementor-widget-heading\" data-id=\"b33f925\" data-element_type=\"widget\" data-widget_type=\"heading.default\">\n\t\t\t\t<div class=\"elementor-widget-container\">\n\t\t\t<h2 class=\"elementor-heading-title elementor-size-default\"><a href=\"https:\/\/www.biomaps.universite-paris-saclay.fr\/index.php\/articles-2023\/\">2023<\/a><\/h2>\t\t<\/div>\n\t\t\t\t<\/div>\n\t\t\t\t\t<\/div>\n\t\t<\/div>\n\t\t\t\t\t<\/div>\n\t\t<\/section>\n\t\t\t\t<section class=\"elementor-section elementor-top-section elementor-element elementor-element-b2918bf elementor-section-boxed elementor-section-height-default elementor-section-height-default\" data-id=\"b2918bf\" data-element_type=\"section\">\n\t\t\t\t\t\t<div class=\"elementor-container elementor-column-gap-default\">\n\t\t\t\t\t<div class=\"elementor-column elementor-col-100 elementor-top-column elementor-element elementor-element-8fcffa7\" data-id=\"8fcffa7\" data-element_type=\"column\">\n\t\t\t<div class=\"elementor-widget-wrap elementor-element-populated\">\n\t\t\t\t\t\t<div class=\"elementor-element elementor-element-92edf15 elementor-widget elementor-widget-heading\" data-id=\"92edf15\" data-element_type=\"widget\" data-widget_type=\"heading.default\">\n\t\t\t\t<div class=\"elementor-widget-container\">\n\t\t\t<h2 class=\"elementor-heading-title elementor-size-default\"><a href=\"https:\/\/www.biomaps.universite-paris-saclay.fr\/index.php\/articles-2022\/\">2022<\/a><\/h2>\t\t<\/div>\n\t\t\t\t<\/div>\n\t\t\t\t\t<\/div>\n\t\t<\/div>\n\t\t\t\t\t<\/div>\n\t\t<\/section>\n\t\t\t\t<section class=\"elementor-section elementor-top-section elementor-element elementor-element-feef746 elementor-section-boxed elementor-section-height-default elementor-section-height-default\" data-id=\"feef746\" data-element_type=\"section\">\n\t\t\t\t\t\t<div class=\"elementor-container elementor-column-gap-default\">\n\t\t\t\t\t<div class=\"elementor-column elementor-col-100 elementor-top-column elementor-element elementor-element-5411693\" data-id=\"5411693\" data-element_type=\"column\">\n\t\t\t<div class=\"elementor-widget-wrap elementor-element-populated\">\n\t\t\t\t\t\t<div class=\"elementor-element elementor-element-790d45b elementor-widget elementor-widget-heading\" data-id=\"790d45b\" data-element_type=\"widget\" data-widget_type=\"heading.default\">\n\t\t\t\t<div class=\"elementor-widget-container\">\n\t\t\t<h2 class=\"elementor-heading-title elementor-size-default\"><a href=\"https:\/\/www.biomaps.universite-paris-saclay.fr\/index.php\/articles-2021\/\">2021<\/a><\/h2>\t\t<\/div>\n\t\t\t\t<\/div>\n\t\t\t\t\t<\/div>\n\t\t<\/div>\n\t\t\t\t\t<\/div>\n\t\t<\/section>\n\t\t\t\t<section class=\"elementor-section elementor-top-section elementor-element elementor-element-223cb4c elementor-section-boxed elementor-section-height-default elementor-section-height-default\" data-id=\"223cb4c\" data-element_type=\"section\">\n\t\t\t\t\t\t<div class=\"elementor-container elementor-column-gap-default\">\n\t\t\t\t\t<div class=\"elementor-column elementor-col-100 elementor-top-column elementor-element elementor-element-3d94ec1\" data-id=\"3d94ec1\" data-element_type=\"column\">\n\t\t\t<div class=\"elementor-widget-wrap elementor-element-populated\">\n\t\t\t\t\t\t<div class=\"elementor-element elementor-element-a2f8857 elementor-widget elementor-widget-heading\" data-id=\"a2f8857\" data-element_type=\"widget\" data-widget_type=\"heading.default\">\n\t\t\t\t<div class=\"elementor-widget-container\">\n\t\t\t<h2 class=\"elementor-heading-title elementor-size-default\"><a href=\"https:\/\/www.biomaps.universite-paris-saclay.fr\/index.php\/articles-2020\/\">2020<\/a><\/h2>\t\t<\/div>\n\t\t\t\t<\/div>\n\t\t\t\t\t<\/div>\n\t\t<\/div>\n\t\t\t\t\t<\/div>\n\t\t<\/section>\n\t\t\t\t<section class=\"elementor-section elementor-top-section elementor-element elementor-element-7f35b44 elementor-section-boxed elementor-section-height-default elementor-section-height-default\" data-id=\"7f35b44\" data-element_type=\"section\">\n\t\t\t\t\t\t<div class=\"elementor-container elementor-column-gap-default\">\n\t\t\t\t\t<div class=\"elementor-column elementor-col-100 elementor-top-column elementor-element elementor-element-029097a\" data-id=\"029097a\" data-element_type=\"column\">\n\t\t\t<div class=\"elementor-widget-wrap elementor-element-populated\">\n\t\t\t\t\t\t<div class=\"elementor-element elementor-element-ec51232 elementor-widget-divider--view-line elementor-widget elementor-widget-divider\" data-id=\"ec51232\" data-element_type=\"widget\" data-widget_type=\"divider.default\">\n\t\t\t\t<div class=\"elementor-widget-container\">\n\t\t\t\t\t<div class=\"elementor-divider\">\n\t\t\t<span class=\"elementor-divider-separator\">\n\t\t\t\t\t\t<\/span>\n\t\t<\/div>\n\t\t\t\t<\/div>\n\t\t\t\t<\/div>\n\t\t\t\t\t<\/div>\n\t\t<\/div>\n\t\t\t\t\t<\/div>\n\t\t<\/section>\n\t\t\t\t<section class=\"elementor-section elementor-top-section elementor-element elementor-element-2394919 elementor-section-boxed elementor-section-height-default elementor-section-height-default\" data-id=\"2394919\" data-element_type=\"section\">\n\t\t\t\t\t\t<div class=\"elementor-container elementor-column-gap-default\">\n\t\t\t\t\t<div class=\"elementor-column elementor-col-100 elementor-top-column elementor-element elementor-element-3f0c3fe\" data-id=\"3f0c3fe\" data-element_type=\"column\">\n\t\t\t<div class=\"elementor-widget-wrap elementor-element-populated\">\n\t\t\t\t\t\t<div class=\"elementor-element elementor-element-91c7d11 elementor-widget elementor-widget-text-editor\" data-id=\"91c7d11\" data-element_type=\"widget\" data-widget_type=\"text-editor.default\">\n\t\t\t\t<div class=\"elementor-widget-container\">\n\t\t\t\t\t\t\t<p>Les adresses des publications de l&rsquo;unit\u00e9 sont r\u00e9f\u00e9renc\u00e9es comme suit:<\/p>\n<p><!-- \/wp:paragraph --><\/p>\n<p><!-- wp:list --><\/p>\n<ul>\n<li><strong>Universit\u00e9 Paris-Saclay, Inserm, CNRS, CEA, Laboratoire d&rsquo;Imagerie Biom\u00e9dicale Multimodale (BioMaps), <br \/>Service Hospitalier Fr\u00e9d\u00e9ric Joliot, <\/strong><strong>4 place du g\u00e9n\u00e9ral Leclerc, 91401 ORSAY France<\/strong><\/li>\n<li><strong>Universit\u00e9 Paris-Saclay, Inserm, CNRS, CEA, Laboratoire d&rsquo;Imagerie Biom\u00e9dicale Multimodale (BioMaps), <br \/>Institut Gustave Roussy, 114 Rue Edouard Vaillant 94800 VILLEJUIF France<\/strong><\/li>\n<li><strong>Universit\u00e9 Paris-Saclay, Inserm, CNRS, CEA, Laboratoire d&rsquo;Imagerie Biom\u00e9dicale Multimodale (BioMaps), <br \/>H\u00f4pital Kremlin-Bic\u00eatre, 78 Rue du G\u00e9n\u00e9ral Leclerc, 94270 LE KREMLIN-BICETRE France<\/strong><\/li>\n<\/ul>\n<p><!-- \/wp:list --><\/p>\n<p><!-- wp:separator --><\/p>\n<hr \/>\n<p><!-- \/wp:separator --><\/p>\n<p><!-- wp:paragraph --><\/p>\n<p>Remerciements dans les publications de l\u2019unit\u00e9\u00a0:\u00a0<strong>This work was performed on a platform member of France Life Imaging network (grant ANR-11-INBS-0006)<\/strong><\/p>\t\t\t\t\t\t<\/div>\n\t\t\t\t<\/div>\n\t\t\t\t\t<\/div>\n\t\t<\/div>\n\t\t\t\t\t<\/div>\n\t\t<\/section>\n\t\t\t\t<\/div>\n\t\t","protected":false},"excerpt":{"rendered":"<p>2025 1\/ R. J. Andrade, A. Lemoine, A. Racap\u00e9, N. Etaix, T. Frappart, C. Fraschini, J.-L. Gennisson*, A. Nordez*. In vivo assessment of shear modulus along the fibers of pennate muscle during passive lengthening and contraction using steered ultrasound push beams. Journal of the mechanical behavior of biomedical materials, doi:10.1016\/j.jmbbm.2024.106862, 2025. 2\/ A. Soyer, S. [&hellip;]<\/p>\n","protected":false},"author":2,"featured_media":615,"parent":0,"menu_order":0,"comment_status":"closed","ping_status":"closed","template":"","meta":{"footnotes":""},"guten_post_layout_featured_media_urls":{"full":["https:\/\/www.biomaps.universite-paris-saclay.fr\/wp-content\/uploads\/2020\/04\/Footer-e1609957375858.png",750,126,false],"thumbnail":["https:\/\/www.biomaps.universite-paris-saclay.fr\/wp-content\/uploads\/2020\/04\/Footer-100x100.png",100,100,true],"medium":["https:\/\/www.biomaps.universite-paris-saclay.fr\/wp-content\/uploads\/2020\/04\/Footer-150x25.png",150,25,true],"medium_large":["https:\/\/www.biomaps.universite-paris-saclay.fr\/wp-content\/uploads\/2020\/04\/Footer-768x129.png",640,108,true],"large":["https:\/\/www.biomaps.universite-paris-saclay.fr\/wp-content\/uploads\/2020\/04\/Footer-500x84.png",500,84,true],"1536x1536":["https:\/\/www.biomaps.universite-paris-saclay.fr\/wp-content\/uploads\/2020\/04\/Footer-1536x257.png",1536,257,true],"2048x2048":["https:\/\/www.biomaps.universite-paris-saclay.fr\/wp-content\/uploads\/2020\/04\/Footer-e1609957375858.png",750,126,false],"guten_post_layout_landscape_large":["https:\/\/www.biomaps.universite-paris-saclay.fr\/wp-content\/uploads\/2020\/04\/Footer-1200x318.png",1200,318,true],"guten_post_layout_portrait_large":["https:\/\/www.biomaps.universite-paris-saclay.fr\/wp-content\/uploads\/2020\/04\/Footer-1200x318.png",1200,318,true],"guten_post_layout_square_large":["https:\/\/www.biomaps.universite-paris-saclay.fr\/wp-content\/uploads\/2020\/04\/Footer-1200x318.png",1200,318,true],"guten_post_layout_landscape":["https:\/\/www.biomaps.universite-paris-saclay.fr\/wp-content\/uploads\/2020\/04\/Footer-600x318.png",600,318,true],"guten_post_layout_portrait":["https:\/\/www.biomaps.universite-paris-saclay.fr\/wp-content\/uploads\/2020\/04\/Footer-600x318.png",600,318,true],"guten_post_layout_square":["https:\/\/www.biomaps.universite-paris-saclay.fr\/wp-content\/uploads\/2020\/04\/Footer-600x318.png",600,318,true],"sciencex-single-team-thumb":["https:\/\/www.biomaps.universite-paris-saclay.fr\/wp-content\/uploads\/2020\/04\/Footer-360x270.png",360,270,true],"sciencex-team-thumbnail":["https:\/\/www.biomaps.universite-paris-saclay.fr\/wp-content\/uploads\/2020\/04\/Footer-263x216.png",263,216,true],"sciencex-event-thumbnail":["https:\/\/www.biomaps.universite-paris-saclay.fr\/wp-content\/uploads\/2020\/04\/Footer-555x318.png",555,318,true],"sciencex-event-gallery-thumb":["https:\/\/www.biomaps.universite-paris-saclay.fr\/wp-content\/uploads\/2020\/04\/Footer-227x168.png",227,168,true],"sciencex-blog-thumb":["https:\/\/www.biomaps.universite-paris-saclay.fr\/wp-content\/uploads\/2020\/04\/Footer-100x80.png",100,80,true]},"_links":{"self":[{"href":"https:\/\/www.biomaps.universite-paris-saclay.fr\/index.php\/wp-json\/wp\/v2\/pages\/72"}],"collection":[{"href":"https:\/\/www.biomaps.universite-paris-saclay.fr\/index.php\/wp-json\/wp\/v2\/pages"}],"about":[{"href":"https:\/\/www.biomaps.universite-paris-saclay.fr\/index.php\/wp-json\/wp\/v2\/types\/page"}],"author":[{"embeddable":true,"href":"https:\/\/www.biomaps.universite-paris-saclay.fr\/index.php\/wp-json\/wp\/v2\/users\/2"}],"replies":[{"embeddable":true,"href":"https:\/\/www.biomaps.universite-paris-saclay.fr\/index.php\/wp-json\/wp\/v2\/comments?post=72"}],"version-history":[{"count":555,"href":"https:\/\/www.biomaps.universite-paris-saclay.fr\/index.php\/wp-json\/wp\/v2\/pages\/72\/revisions"}],"predecessor-version":[{"id":5917,"href":"https:\/\/www.biomaps.universite-paris-saclay.fr\/index.php\/wp-json\/wp\/v2\/pages\/72\/revisions\/5917"}],"wp:featuredmedia":[{"embeddable":true,"href":"https:\/\/www.biomaps.universite-paris-saclay.fr\/index.php\/wp-json\/wp\/v2\/media\/615"}],"wp:attachment":[{"href":"https:\/\/www.biomaps.universite-paris-saclay.fr\/index.php\/wp-json\/wp\/v2\/media?parent=72"}],"curies":[{"name":"wp","href":"https:\/\/api.w.org\/{rel}","templated":true}]}}