{"id":6149,"date":"2026-04-28T13:50:50","date_gmt":"2026-04-28T11:50:50","guid":{"rendered":"https:\/\/www.biomaps.universite-paris-saclay.fr\/?page_id=6149"},"modified":"2026-04-28T14:55:35","modified_gmt":"2026-04-28T12:55:35","slug":"etudes-de-cas","status":"publish","type":"page","link":"https:\/\/www.biomaps.universite-paris-saclay.fr\/index.php\/etudes-de-cas\/","title":{"rendered":"Etudes de cas"},"content":{"rendered":"\t\t<div data-elementor-type=\"wp-page\" data-elementor-id=\"6149\" class=\"elementor elementor-6149\" data-elementor-post-type=\"page\">\n\t\t\t\t\t\t<section class=\"elementor-section elementor-top-section elementor-element elementor-element-53dfb2bc elementor-section-boxed elementor-section-height-default elementor-section-height-default\" data-id=\"53dfb2bc\" data-element_type=\"section\">\n\t\t\t\t\t\t<div class=\"elementor-container elementor-column-gap-default\">\n\t\t\t\t\t<div class=\"elementor-column elementor-col-100 elementor-top-column elementor-element elementor-element-32728708\" data-id=\"32728708\" data-element_type=\"column\">\n\t\t\t<div class=\"elementor-widget-wrap elementor-element-populated\">\n\t\t\t\t\t\t<div class=\"elementor-element elementor-element-507a0361 elementor-widget elementor-widget-text-editor\" data-id=\"507a0361\" data-element_type=\"widget\" data-widget_type=\"text-editor.default\">\n\t\t\t\t<div class=\"elementor-widget-container\">\n\t\t\t\t\t\t\t<!-- wp:columns -->\n<div class=\"wp-block-columns\"><!-- wp:column -->\n<div class=\"wp-block-column\"><!-- wp:buttons {\"layout\":{\"type\":\"flex\"}} -->\n<div class=\"wp-block-buttons\"><\/div>\n<!-- \/wp:buttons --><\/div>\n<!-- \/wp:column -->\n\n<!-- wp:column -->\n<div class=\"wp-block-column\"><\/div>\n<!-- \/wp:column -->\n\n<!-- wp:column -->\n<div class=\"wp-block-column\"><\/div>\n<!-- \/wp:column --><\/div>\n<!-- \/wp:columns -->\t\t\t\t\t\t<\/div>\n\t\t\t\t<\/div>\n\t\t\t\t\t<\/div>\n\t\t<\/div>\n\t\t\t\t\t<\/div>\n\t\t<\/section>\n\t\t\t\t<section class=\"elementor-section elementor-top-section elementor-element elementor-element-7dcd1c1 elementor-section-boxed elementor-section-height-default elementor-section-height-default\" data-id=\"7dcd1c1\" data-element_type=\"section\">\n\t\t\t\t\t\t<div class=\"elementor-container elementor-column-gap-default\">\n\t\t\t\t\t<div class=\"elementor-column elementor-col-100 elementor-top-column elementor-element elementor-element-f4e2504\" data-id=\"f4e2504\" data-element_type=\"column\">\n\t\t\t<div class=\"elementor-widget-wrap elementor-element-populated\">\n\t\t\t\t\t\t<div class=\"elementor-element elementor-element-1443f7e elementor-widget elementor-widget-text-editor\" data-id=\"1443f7e\" data-element_type=\"widget\" data-widget_type=\"text-editor.default\">\n\t\t\t\t<div class=\"elementor-widget-container\">\n\t\t\t\t\t\t\t<p class=\"has-medium-font-size\">BioMaps met \u00e0 disposition ses <a href=\"https:\/\/www.biomaps.universite-paris-saclay.fr\/index.php\/6-equipes\/\" target=\"_blank\" rel=\"noopener\">expertises<\/a> et <a href=\"https:\/\/www.biomaps.universite-paris-saclay.fr\/index.php\/plateformes\/\" target=\"_blank\" rel=\"noopener\">plateformes<\/a> pour caract\u00e9riser par imagerie m\u00e9dicale translationnelle (TEP, IRM, ultrasons, Imagerie multimodale) les m\u00e9canismes d\u2019action de vos compos\u00e9s (efficacit\u00e9, biodistribution, PK-PD, pr\u00e9diction de toxicit\u00e9, etc.), les dysfonctionnements observ\u00e9s dans des pathologies depuis des mod\u00e8les animaux jusqu\u2019aux applications humaines.<\/p>\n<p class=\"has-medium-font-size\">Les \u00e9tudes de cas pr\u00e9sent\u00e9es ici mettent en lumi\u00e8re les savoir-faire compl\u00e9mentaires de nos \u00e9quipes et les capacit\u00e9s technologiques associ\u00e9es dans diff\u00e9rents domaines de recherche (maladies neurod\u00e9g\u00e9n\u00e9ratives, oncologie, addiction au tabac, etc.).<\/p>\t\t\t\t\t\t<\/div>\n\t\t\t\t<\/div>\n\t\t\t\t\t<\/div>\n\t\t<\/div>\n\t\t\t\t\t<\/div>\n\t\t<\/section>\n\t\t\t\t<section class=\"elementor-section elementor-top-section elementor-element elementor-element-7b8c4af elementor-section-boxed elementor-section-height-default elementor-section-height-default\" data-id=\"7b8c4af\" data-element_type=\"section\">\n\t\t\t\t\t\t<div class=\"elementor-container elementor-column-gap-default\">\n\t\t\t\t\t<div class=\"elementor-column elementor-col-33 elementor-top-column elementor-element elementor-element-bcacaff\" data-id=\"bcacaff\" data-element_type=\"column\">\n\t\t\t<div class=\"elementor-widget-wrap elementor-element-populated\">\n\t\t\t\t\t\t<div class=\"elementor-element elementor-element-afeed8d elementor-widget elementor-widget-text-editor\" data-id=\"afeed8d\" data-element_type=\"widget\" data-widget_type=\"text-editor.default\">\n\t\t\t\t<div class=\"elementor-widget-container\">\n\t\t\t\t\t\t\t<h4>Optimizing immunoPET imaging of tumor PD-L1 expression<\/h4>\t\t\t\t\t\t<\/div>\n\t\t\t\t<\/div>\n\t\t\t\t<div class=\"elementor-element elementor-element-01321c6 elementor-widget elementor-widget-image\" data-id=\"01321c6\" data-element_type=\"widget\" data-widget_type=\"image.default\">\n\t\t\t\t<div class=\"elementor-widget-container\">\n\t\t\t\t\t\t\t\t\t\t\t\t\t<img decoding=\"async\" width=\"227\" height=\"168\" src=\"https:\/\/www.biomaps.universite-paris-saclay.fr\/wp-content\/uploads\/2026\/04\/Optimizing-immunoPET-227x168.png\" class=\"attachment-sciencex-event-gallery-thumb size-sciencex-event-gallery-thumb wp-image-6153\" alt=\"\" \/>\t\t\t\t\t\t\t\t\t\t\t\t\t<\/div>\n\t\t\t\t<\/div>\n\t\t\t\t<div class=\"elementor-element elementor-element-af951a6 elementor-widget elementor-widget-text-editor\" data-id=\"af951a6\" data-element_type=\"widget\" data-settings=\"{&quot;motion_fx_motion_fx_mouse&quot;:&quot;yes&quot;}\" data-widget_type=\"text-editor.default\">\n\t\t\t\t<div class=\"elementor-widget-container\">\n\t\t\t\t\t\t\t<p><a href=\"http:\/\/www.biomaps.universite-paris-saclay.fr\/wp-content\/uploads\/2026\/04\/Optimizing-immunoPET-imaging-of-tumor-PD-L1-expression.pdf\" target=\"_blank\" rel=\"noopener\">T\u00e9l\u00e9charger<\/a><\/p>\t\t\t\t\t\t<\/div>\n\t\t\t\t<\/div>\n\t\t\t\t\t<\/div>\n\t\t<\/div>\n\t\t\t\t<div class=\"elementor-column elementor-col-33 elementor-top-column elementor-element elementor-element-ace36c9\" data-id=\"ace36c9\" data-element_type=\"column\">\n\t\t\t<div class=\"elementor-widget-wrap elementor-element-populated\">\n\t\t\t\t\t\t<div class=\"elementor-element elementor-element-a78178b elementor-widget elementor-widget-text-editor\" data-id=\"a78178b\" data-element_type=\"widget\" data-widget_type=\"text-editor.default\">\n\t\t\t\t<div class=\"elementor-widget-container\">\n\t\t\t\t\t\t\t<h4>Controled delivery of mAb to the mouse brain using focused ultrasound and immunoTEP<\/h4>\t\t\t\t\t\t<\/div>\n\t\t\t\t<\/div>\n\t\t\t\t<div class=\"elementor-element elementor-element-769cf5f elementor-widget elementor-widget-image\" data-id=\"769cf5f\" data-element_type=\"widget\" data-widget_type=\"image.default\">\n\t\t\t\t<div class=\"elementor-widget-container\">\n\t\t\t\t\t\t\t\t\t\t\t\t\t<img decoding=\"async\" src=\"https:\/\/www.biomaps.universite-paris-saclay.fr\/wp-content\/uploads\/2026\/04\/Controlled-delivery-of-mAb.jpg\" title=\"Controlled-delivery-of-mAb\" alt=\"Controlled-delivery-of-mAb\" loading=\"lazy\" \/>\t\t\t\t\t\t\t\t\t\t\t\t\t<\/div>\n\t\t\t\t<\/div>\n\t\t\t\t<div class=\"elementor-element elementor-element-8ea6c29 elementor-widget elementor-widget-text-editor\" data-id=\"8ea6c29\" data-element_type=\"widget\" data-settings=\"{&quot;motion_fx_motion_fx_mouse&quot;:&quot;yes&quot;}\" data-widget_type=\"text-editor.default\">\n\t\t\t\t<div class=\"elementor-widget-container\">\n\t\t\t\t\t\t\t<p><a href=\"http:\/\/www.biomaps.universite-paris-saclay.fr\/wp-content\/uploads\/2026\/04\/Controled-delivery-of-mAb-to-the-mouse-brain-using-focused-ultrasound-and-immunoTEP.pdf\" target=\"_blank\" rel=\"noopener\">T\u00e9l\u00e9charger<\/a><\/p>\t\t\t\t\t\t<\/div>\n\t\t\t\t<\/div>\n\t\t\t\t\t<\/div>\n\t\t<\/div>\n\t\t\t\t<div class=\"elementor-column elementor-col-33 elementor-top-column elementor-element elementor-element-3c4c0d3\" data-id=\"3c4c0d3\" data-element_type=\"column\">\n\t\t\t<div class=\"elementor-widget-wrap elementor-element-populated\">\n\t\t\t\t\t\t<div class=\"elementor-element elementor-element-f89fe26 elementor-widget elementor-widget-text-editor\" data-id=\"f89fe26\" data-element_type=\"widget\" data-widget_type=\"text-editor.default\">\n\t\t\t\t<div class=\"elementor-widget-container\">\n\t\t\t\t\t\t\t<h4>Identifying a biomarker of neuroinflammation for patient stratification in Alzheimer\u2019s disease<\/h4>\t\t\t\t\t\t<\/div>\n\t\t\t\t<\/div>\n\t\t\t\t<div class=\"elementor-element elementor-element-5c5ae59 elementor-widget elementor-widget-image\" data-id=\"5c5ae59\" data-element_type=\"widget\" data-widget_type=\"image.default\">\n\t\t\t\t<div class=\"elementor-widget-container\">\n\t\t\t\t\t\t\t\t\t\t\t\t\t<img decoding=\"async\" width=\"307\" height=\"106\" src=\"https:\/\/www.biomaps.universite-paris-saclay.fr\/wp-content\/uploads\/2026\/04\/Ientifying-a-biomaker.jpg\" class=\"attachment-large size-large wp-image-6158\" alt=\"\" srcset=\"https:\/\/www.biomaps.universite-paris-saclay.fr\/wp-content\/uploads\/2026\/04\/Ientifying-a-biomaker.jpg 307w, https:\/\/www.biomaps.universite-paris-saclay.fr\/wp-content\/uploads\/2026\/04\/Ientifying-a-biomaker-150x52.jpg 150w\" sizes=\"(max-width: 307px) 100vw, 307px\" \/>\t\t\t\t\t\t\t\t\t\t\t\t\t<\/div>\n\t\t\t\t<\/div>\n\t\t\t\t<div class=\"elementor-element elementor-element-3185ceb elementor-widget elementor-widget-text-editor\" data-id=\"3185ceb\" data-element_type=\"widget\" data-settings=\"{&quot;motion_fx_motion_fx_mouse&quot;:&quot;yes&quot;}\" data-widget_type=\"text-editor.default\">\n\t\t\t\t<div class=\"elementor-widget-container\">\n\t\t\t\t\t\t\t<p><a href=\"http:\/\/www.biomaps.universite-paris-saclay.fr\/wp-content\/uploads\/2026\/04\/Identifying-a-biomarker-of-neuroinflammation-for-patient-stratification-in-Alzheimers-disease.pdf\" target=\"_blank\" rel=\"noopener\">T\u00e9l\u00e9charger<\/a><\/p>\t\t\t\t\t\t<\/div>\n\t\t\t\t<\/div>\n\t\t\t\t\t<\/div>\n\t\t<\/div>\n\t\t\t\t\t<\/div>\n\t\t<\/section>\n\t\t\t\t<section class=\"elementor-section elementor-top-section elementor-element elementor-element-001d458 elementor-section-boxed elementor-section-height-default elementor-section-height-default\" data-id=\"001d458\" data-element_type=\"section\">\n\t\t\t\t\t\t<div class=\"elementor-container elementor-column-gap-default\">\n\t\t\t\t\t<div class=\"elementor-column elementor-col-100 elementor-top-column elementor-element elementor-element-94555a0\" data-id=\"94555a0\" data-element_type=\"column\">\n\t\t\t<div class=\"elementor-widget-wrap elementor-element-populated\">\n\t\t\t\t\t\t<div class=\"elementor-element elementor-element-5645693 elementor-widget elementor-widget-spacer\" data-id=\"5645693\" data-element_type=\"widget\" data-widget_type=\"spacer.default\">\n\t\t\t\t<div class=\"elementor-widget-container\">\n\t\t\t\t\t<div class=\"elementor-spacer\">\n\t\t\t<div class=\"elementor-spacer-inner\"><\/div>\n\t\t<\/div>\n\t\t\t\t<\/div>\n\t\t\t\t<\/div>\n\t\t\t\t\t<\/div>\n\t\t<\/div>\n\t\t\t\t\t<\/div>\n\t\t<\/section>\n\t\t\t\t<section class=\"elementor-section elementor-top-section elementor-element elementor-element-429995f elementor-section-boxed elementor-section-height-default elementor-section-height-default\" data-id=\"429995f\" data-element_type=\"section\">\n\t\t\t\t\t\t<div class=\"elementor-container elementor-column-gap-default\">\n\t\t\t\t\t<div class=\"elementor-column elementor-col-50 elementor-top-column elementor-element elementor-element-648a488\" data-id=\"648a488\" data-element_type=\"column\">\n\t\t\t<div class=\"elementor-widget-wrap elementor-element-populated\">\n\t\t\t\t\t\t<div class=\"elementor-element elementor-element-e8ca646 elementor-widget elementor-widget-text-editor\" data-id=\"e8ca646\" data-element_type=\"widget\" data-widget_type=\"text-editor.default\">\n\t\t\t\t<div class=\"elementor-widget-container\">\n\t\t\t\t\t\t\t<h4>Assessment of drug penetration in the brain using drug radiolabelling and PET imaging<\/h4>\t\t\t\t\t\t<\/div>\n\t\t\t\t<\/div>\n\t\t\t\t<div class=\"elementor-element elementor-element-32b5cdb elementor-widget elementor-widget-image\" data-id=\"32b5cdb\" data-element_type=\"widget\" data-widget_type=\"image.default\">\n\t\t\t\t<div class=\"elementor-widget-container\">\n\t\t\t\t\t\t\t\t\t\t\t\t\t<img fetchpriority=\"high\" decoding=\"async\" width=\"263\" height=\"216\" src=\"https:\/\/www.biomaps.universite-paris-saclay.fr\/wp-content\/uploads\/2026\/04\/Assessment-of-drug-penetration-263x216.jpg\" class=\"attachment-sciencex-team-thumbnail size-sciencex-team-thumbnail wp-image-6169\" alt=\"\" \/>\t\t\t\t\t\t\t\t\t\t\t\t\t<\/div>\n\t\t\t\t<\/div>\n\t\t\t\t<div class=\"elementor-element elementor-element-c2d67f2 elementor-widget elementor-widget-text-editor\" data-id=\"c2d67f2\" data-element_type=\"widget\" data-settings=\"{&quot;motion_fx_motion_fx_mouse&quot;:&quot;yes&quot;}\" data-widget_type=\"text-editor.default\">\n\t\t\t\t<div class=\"elementor-widget-container\">\n\t\t\t\t\t\t\t<p><a href=\"http:\/\/www.biomaps.universite-paris-saclay.fr\/wp-content\/uploads\/2026\/04\/Assessment-of-drug-penetration-in-the-brain-using-drug-radiolabelling-and-PET-imaging.pdf\" target=\"_blank\" rel=\"noopener\">T\u00e9l\u00e9charger<\/a><\/p>\t\t\t\t\t\t<\/div>\n\t\t\t\t<\/div>\n\t\t\t\t\t<\/div>\n\t\t<\/div>\n\t\t\t\t<div class=\"elementor-column elementor-col-50 elementor-top-column elementor-element elementor-element-ed59290\" data-id=\"ed59290\" data-element_type=\"column\">\n\t\t\t<div class=\"elementor-widget-wrap elementor-element-populated\">\n\t\t\t\t\t\t<div class=\"elementor-element elementor-element-2534f14 elementor-widget elementor-widget-text-editor\" data-id=\"2534f14\" data-element_type=\"widget\" data-widget_type=\"text-editor.default\">\n\t\t\t\t<div class=\"elementor-widget-container\">\n\t\t\t\t\t\t\t<h4>Imaging the smoking effects on CNS using PET- [18F] FDG<\/h4>\t\t\t\t\t\t<\/div>\n\t\t\t\t<\/div>\n\t\t\t\t<div class=\"elementor-element elementor-element-9d679ad elementor-widget elementor-widget-image\" data-id=\"9d679ad\" data-element_type=\"widget\" data-widget_type=\"image.default\">\n\t\t\t\t<div class=\"elementor-widget-container\">\n\t\t\t\t\t\t\t\t\t\t\t\t\t<img loading=\"lazy\" decoding=\"async\" width=\"263\" height=\"216\" src=\"https:\/\/www.biomaps.universite-paris-saclay.fr\/wp-content\/uploads\/2026\/04\/Imaging-the-smoking-263x216.jpg\" class=\"attachment-sciencex-team-thumbnail size-sciencex-team-thumbnail wp-image-6170\" alt=\"\" \/>\t\t\t\t\t\t\t\t\t\t\t\t\t<\/div>\n\t\t\t\t<\/div>\n\t\t\t\t<div class=\"elementor-element elementor-element-deae903 elementor-widget elementor-widget-text-editor\" data-id=\"deae903\" data-element_type=\"widget\" data-settings=\"{&quot;motion_fx_motion_fx_mouse&quot;:&quot;yes&quot;}\" data-widget_type=\"text-editor.default\">\n\t\t\t\t<div class=\"elementor-widget-container\">\n\t\t\t\t\t\t\t<p><a href=\"http:\/\/www.biomaps.universite-paris-saclay.fr\/wp-content\/uploads\/2026\/04\/Imaging-the-smoking-effects-on-CNS-using-PET-18FFDG.pdf\" target=\"_blank\" rel=\"noopener\">T\u00e9l\u00e9charger<\/a><\/p>\t\t\t\t\t\t<\/div>\n\t\t\t\t<\/div>\n\t\t\t\t\t<\/div>\n\t\t<\/div>\n\t\t\t\t\t<\/div>\n\t\t<\/section>\n\t\t\t\t<section class=\"elementor-section elementor-top-section elementor-element elementor-element-e688954 elementor-section-boxed elementor-section-height-default elementor-section-height-default\" data-id=\"e688954\" data-element_type=\"section\">\n\t\t\t\t\t\t<div class=\"elementor-container elementor-column-gap-default\">\n\t\t\t\t\t<div class=\"elementor-column elementor-col-100 elementor-top-column elementor-element elementor-element-ce39edc\" data-id=\"ce39edc\" data-element_type=\"column\">\n\t\t\t<div class=\"elementor-widget-wrap elementor-element-populated\">\n\t\t\t\t\t\t<div class=\"elementor-element elementor-element-ce9d4b1 elementor-widget elementor-widget-spacer\" data-id=\"ce9d4b1\" data-element_type=\"widget\" data-widget_type=\"spacer.default\">\n\t\t\t\t<div class=\"elementor-widget-container\">\n\t\t\t\t\t<div class=\"elementor-spacer\">\n\t\t\t<div class=\"elementor-spacer-inner\"><\/div>\n\t\t<\/div>\n\t\t\t\t<\/div>\n\t\t\t\t<\/div>\n\t\t\t\t\t<\/div>\n\t\t<\/div>\n\t\t\t\t\t<\/div>\n\t\t<\/section>\n\t\t\t\t<\/div>\n\t\t","protected":false},"excerpt":{"rendered":"<p>BioMaps met \u00e0 disposition ses expertises et plateformes pour caract\u00e9riser par imagerie m\u00e9dicale translationnelle (TEP, IRM, ultrasons, Imagerie multimodale) les m\u00e9canismes d\u2019action de vos compos\u00e9s (efficacit\u00e9, biodistribution, PK-PD, pr\u00e9diction de toxicit\u00e9, etc.), les dysfonctionnements observ\u00e9s dans des pathologies depuis des mod\u00e8les animaux jusqu\u2019aux applications humaines. Les \u00e9tudes de cas pr\u00e9sent\u00e9es ici mettent en lumi\u00e8re les [&hellip;]<\/p>\n","protected":false},"author":2,"featured_media":5970,"parent":0,"menu_order":0,"comment_status":"closed","ping_status":"closed","template":"","meta":{"footnotes":""},"guten_post_layout_featured_media_urls":{"full":["https:\/\/www.biomaps.universite-paris-saclay.fr\/wp-content\/uploads\/2026\/03\/Footer-e1609957375858-lower.png",750,75,false],"thumbnail":["https:\/\/www.biomaps.universite-paris-saclay.fr\/wp-content\/uploads\/2026\/03\/Footer-e1609957375858-lower-100x75.png",100,75,true],"medium":["https:\/\/www.biomaps.universite-paris-saclay.fr\/wp-content\/uploads\/2026\/03\/Footer-e1609957375858-lower-150x15.png",150,15,true],"medium_large":["https:\/\/www.biomaps.universite-paris-saclay.fr\/wp-content\/uploads\/2026\/03\/Footer-e1609957375858-lower.png",640,64,false],"large":["https:\/\/www.biomaps.universite-paris-saclay.fr\/wp-content\/uploads\/2026\/03\/Footer-e1609957375858-lower-500x50.png",500,50,true],"1536x1536":["https:\/\/www.biomaps.universite-paris-saclay.fr\/wp-content\/uploads\/2026\/03\/Footer-e1609957375858-lower.png",750,75,false],"2048x2048":["https:\/\/www.biomaps.universite-paris-saclay.fr\/wp-content\/uploads\/2026\/03\/Footer-e1609957375858-lower.png",750,75,false],"guten_post_layout_landscape_large":["https:\/\/www.biomaps.universite-paris-saclay.fr\/wp-content\/uploads\/2026\/03\/Footer-e1609957375858-lower.png",750,75,false],"guten_post_layout_portrait_large":["https:\/\/www.biomaps.universite-paris-saclay.fr\/wp-content\/uploads\/2026\/03\/Footer-e1609957375858-lower.png",750,75,false],"guten_post_layout_square_large":["https:\/\/www.biomaps.universite-paris-saclay.fr\/wp-content\/uploads\/2026\/03\/Footer-e1609957375858-lower.png",750,75,false],"guten_post_layout_landscape":["https:\/\/www.biomaps.universite-paris-saclay.fr\/wp-content\/uploads\/2026\/03\/Footer-e1609957375858-lower-600x75.png",600,75,true],"guten_post_layout_portrait":["https:\/\/www.biomaps.universite-paris-saclay.fr\/wp-content\/uploads\/2026\/03\/Footer-e1609957375858-lower-600x75.png",600,75,true],"guten_post_layout_square":["https:\/\/www.biomaps.universite-paris-saclay.fr\/wp-content\/uploads\/2026\/03\/Footer-e1609957375858-lower-600x75.png",600,75,true],"sciencex-single-team-thumb":["https:\/\/www.biomaps.universite-paris-saclay.fr\/wp-content\/uploads\/2026\/03\/Footer-e1609957375858-lower-360x75.png",360,75,true],"sciencex-team-thumbnail":["https:\/\/www.biomaps.universite-paris-saclay.fr\/wp-content\/uploads\/2026\/03\/Footer-e1609957375858-lower-263x75.png",263,75,true],"sciencex-event-thumbnail":["https:\/\/www.biomaps.universite-paris-saclay.fr\/wp-content\/uploads\/2026\/03\/Footer-e1609957375858-lower-555x75.png",555,75,true],"sciencex-event-gallery-thumb":["https:\/\/www.biomaps.universite-paris-saclay.fr\/wp-content\/uploads\/2026\/03\/Footer-e1609957375858-lower-227x75.png",227,75,true],"sciencex-blog-thumb":["https:\/\/www.biomaps.universite-paris-saclay.fr\/wp-content\/uploads\/2026\/03\/Footer-e1609957375858-lower-100x75.png",100,75,true]},"_links":{"self":[{"href":"https:\/\/www.biomaps.universite-paris-saclay.fr\/index.php\/wp-json\/wp\/v2\/pages\/6149"}],"collection":[{"href":"https:\/\/www.biomaps.universite-paris-saclay.fr\/index.php\/wp-json\/wp\/v2\/pages"}],"about":[{"href":"https:\/\/www.biomaps.universite-paris-saclay.fr\/index.php\/wp-json\/wp\/v2\/types\/page"}],"author":[{"embeddable":true,"href":"https:\/\/www.biomaps.universite-paris-saclay.fr\/index.php\/wp-json\/wp\/v2\/users\/2"}],"replies":[{"embeddable":true,"href":"https:\/\/www.biomaps.universite-paris-saclay.fr\/index.php\/wp-json\/wp\/v2\/comments?post=6149"}],"version-history":[{"count":30,"href":"https:\/\/www.biomaps.universite-paris-saclay.fr\/index.php\/wp-json\/wp\/v2\/pages\/6149\/revisions"}],"predecessor-version":[{"id":6191,"href":"https:\/\/www.biomaps.universite-paris-saclay.fr\/index.php\/wp-json\/wp\/v2\/pages\/6149\/revisions\/6191"}],"wp:featuredmedia":[{"embeddable":true,"href":"https:\/\/www.biomaps.universite-paris-saclay.fr\/index.php\/wp-json\/wp\/v2\/media\/5970"}],"wp:attachment":[{"href":"https:\/\/www.biomaps.universite-paris-saclay.fr\/index.php\/wp-json\/wp\/v2\/media?parent=6149"}],"curies":[{"name":"wp","href":"https:\/\/api.w.org\/{rel}","templated":true}]}}