{"id":6070,"date":"2026-04-28T09:57:28","date_gmt":"2026-04-28T07:57:28","guid":{"rendered":"https:\/\/www.biomaps.universite-paris-saclay.fr\/?page_id=6070"},"modified":"2026-04-28T10:38:46","modified_gmt":"2026-04-28T08:38:46","slug":"6-equipes","status":"publish","type":"page","link":"https:\/\/www.biomaps.universite-paris-saclay.fr\/index.php\/6-equipes\/","title":{"rendered":"Les \u00e9quipes de recherche"},"content":{"rendered":"\t\t<div data-elementor-type=\"wp-page\" data-elementor-id=\"6070\" class=\"elementor elementor-6070\" data-elementor-post-type=\"page\">\n\t\t\t\t\t\t<section class=\"elementor-section elementor-top-section elementor-element elementor-element-f5dfab6 elementor-section-boxed elementor-section-height-default elementor-section-height-default\" data-id=\"f5dfab6\" data-element_type=\"section\">\n\t\t\t\t\t\t<div class=\"elementor-container elementor-column-gap-default\">\n\t\t\t\t\t<div class=\"elementor-column elementor-col-100 elementor-top-column elementor-element elementor-element-7a5b8a2\" data-id=\"7a5b8a2\" data-element_type=\"column\">\n\t\t\t<div class=\"elementor-widget-wrap elementor-element-populated\">\n\t\t\t\t\t\t<div class=\"elementor-element elementor-element-78019cb elementor-widget elementor-widget-text-editor\" data-id=\"78019cb\" data-element_type=\"widget\" data-widget_type=\"text-editor.default\">\n\t\t\t\t<div class=\"elementor-widget-container\">\n\t\t\t\t\t\t\t<h2>Les 6 \u00e9quipes de recherche au sein de BioMaps<\/h2>\t\t\t\t\t\t<\/div>\n\t\t\t\t<\/div>\n\t\t\t\t\t<\/div>\n\t\t<\/div>\n\t\t\t\t\t<\/div>\n\t\t<\/section>\n\t\t\t\t<section class=\"elementor-section elementor-top-section elementor-element elementor-element-ad20dc1 elementor-section-boxed elementor-section-height-default elementor-section-height-default\" data-id=\"ad20dc1\" data-element_type=\"section\">\n\t\t\t\t\t\t<div class=\"elementor-container elementor-column-gap-default\">\n\t\t\t\t\t<div class=\"elementor-column elementor-col-33 elementor-top-column elementor-element elementor-element-ce2178f\" data-id=\"ce2178f\" data-element_type=\"column\">\n\t\t\t<div class=\"elementor-widget-wrap elementor-element-populated\">\n\t\t\t\t\t\t<div class=\"elementor-element elementor-element-224bf7a elementor-widget elementor-widget-text-editor\" data-id=\"224bf7a\" data-element_type=\"widget\" data-widget_type=\"text-editor.default\">\n\t\t\t\t<div class=\"elementor-widget-container\">\n\t\t\t\t\t\t\t<h4><a href=\"http:\/\/www.biomaps.universite-paris-saclay.fr\/index.php\/developpements-methologiques-et-instrumentation\/\">DMI <\/a><\/h4><h4><a href=\"http:\/\/www.biomaps.universite-paris-saclay.fr\/index.php\/developpements-methologiques-et-instrumentation\/\">D\u00e9veloppements m\u00e9thodologiques et instrumentation<\/a><\/h4>\t\t\t\t\t\t<\/div>\n\t\t\t\t<\/div>\n\t\t\t\t\t<\/div>\n\t\t<\/div>\n\t\t\t\t<div class=\"elementor-column elementor-col-33 elementor-top-column elementor-element elementor-element-4acf8af\" data-id=\"4acf8af\" data-element_type=\"column\">\n\t\t\t<div class=\"elementor-widget-wrap elementor-element-populated\">\n\t\t\t\t\t\t<div class=\"elementor-element elementor-element-4ab38ed elementor-widget elementor-widget-text-editor\" data-id=\"4ab38ed\" data-element_type=\"widget\" data-widget_type=\"text-editor.default\">\n\t\t\t\t<div class=\"elementor-widget-container\">\n\t\t\t\t\t\t\t<h4><a href=\"https:\/\/www.biomaps.universite-paris-saclay.fr\/index.php\/artistes\/\">ARTISTES<\/a><\/h4><h4><a href=\"https:\/\/www.biomaps.universite-paris-saclay.fr\/index.php\/artistes\/\">Analyse et Reconstruction par Technologie Intelligente Et Simulation num\u00e9rique<\/a><\/h4>\t\t\t\t\t\t<\/div>\n\t\t\t\t<\/div>\n\t\t\t\t\t<\/div>\n\t\t<\/div>\n\t\t\t\t<div class=\"elementor-column elementor-col-33 elementor-top-column elementor-element elementor-element-f36865b\" data-id=\"f36865b\" data-element_type=\"column\">\n\t\t\t<div class=\"elementor-widget-wrap elementor-element-populated\">\n\t\t\t\t\t\t<div class=\"elementor-element elementor-element-23f1b88 elementor-widget elementor-widget-text-editor\" data-id=\"23f1b88\" data-element_type=\"widget\" data-widget_type=\"text-editor.default\">\n\t\t\t\t<div class=\"elementor-widget-container\">\n\t\t\t\t\t\t\t<h4><a href=\"http:\/\/www.biomaps.universite-paris-saclay.fr\/index.php\/developpements-dagents-radiopharmaceutiques-et-dimagerie\/\">DRIM<\/a><\/h4><h4><a href=\"http:\/\/www.biomaps.universite-paris-saclay.fr\/index.php\/developpements-dagents-radiopharmaceutiques-et-dimagerie\/\">D\u00e9veloppements d&rsquo;agents radiopharmaceutiques et d&rsquo;imagerie<\/a><\/h4>\t\t\t\t\t\t<\/div>\n\t\t\t\t<\/div>\n\t\t\t\t\t<\/div>\n\t\t<\/div>\n\t\t\t\t\t<\/div>\n\t\t<\/section>\n\t\t\t\t<section class=\"elementor-section elementor-top-section elementor-element elementor-element-bad9231 elementor-section-boxed elementor-section-height-default elementor-section-height-default\" data-id=\"bad9231\" data-element_type=\"section\">\n\t\t\t\t\t\t<div class=\"elementor-container elementor-column-gap-default\">\n\t\t\t\t\t<div class=\"elementor-column elementor-col-100 elementor-top-column elementor-element elementor-element-da1ec9b\" data-id=\"da1ec9b\" data-element_type=\"column\">\n\t\t\t<div class=\"elementor-widget-wrap elementor-element-populated\">\n\t\t\t\t\t\t<div class=\"elementor-element elementor-element-74b1b88 elementor-widget elementor-widget-spacer\" data-id=\"74b1b88\" data-element_type=\"widget\" data-widget_type=\"spacer.default\">\n\t\t\t\t<div class=\"elementor-widget-container\">\n\t\t\t\t\t<div class=\"elementor-spacer\">\n\t\t\t<div class=\"elementor-spacer-inner\"><\/div>\n\t\t<\/div>\n\t\t\t\t<\/div>\n\t\t\t\t<\/div>\n\t\t\t\t\t<\/div>\n\t\t<\/div>\n\t\t\t\t\t<\/div>\n\t\t<\/section>\n\t\t\t\t<section class=\"elementor-section elementor-top-section elementor-element elementor-element-e9d2777 elementor-section-boxed elementor-section-height-default elementor-section-height-default\" data-id=\"e9d2777\" data-element_type=\"section\">\n\t\t\t\t\t\t<div class=\"elementor-container elementor-column-gap-default\">\n\t\t\t\t\t<div class=\"elementor-column elementor-col-33 elementor-top-column elementor-element elementor-element-ab762e4\" data-id=\"ab762e4\" data-element_type=\"column\">\n\t\t\t<div class=\"elementor-widget-wrap elementor-element-populated\">\n\t\t\t\t\t\t<div class=\"elementor-element elementor-element-868967f elementor-widget elementor-widget-text-editor\" data-id=\"868967f\" data-element_type=\"widget\" data-widget_type=\"text-editor.default\">\n\t\t\t\t<div class=\"elementor-widget-container\">\n\t\t\t\t\t\t\t<h4><a href=\"https:\/\/www.biomaps.universite-paris-saclay.fr\/index.php\/immunomaps\/\">ImmunoMAPS<\/a><\/h4><h4><a href=\"https:\/\/www.biomaps.universite-paris-saclay.fr\/index.php\/immunomaps\/\">Imagerie de l&rsquo;immunit\u00e9<\/a><\/h4>\t\t\t\t\t\t<\/div>\n\t\t\t\t<\/div>\n\t\t\t\t\t<\/div>\n\t\t<\/div>\n\t\t\t\t<div class=\"elementor-column elementor-col-33 elementor-top-column elementor-element elementor-element-ed64888\" data-id=\"ed64888\" data-element_type=\"column\">\n\t\t\t<div class=\"elementor-widget-wrap elementor-element-populated\">\n\t\t\t\t\t\t<div class=\"elementor-element elementor-element-4549723 elementor-widget elementor-widget-text-editor\" data-id=\"4549723\" data-element_type=\"widget\" data-widget_type=\"text-editor.default\">\n\t\t\t\t<div class=\"elementor-widget-container\">\n\t\t\t\t\t\t\t<h4><a href=\"http:\/\/www.biomaps.universite-paris-saclay.fr\/index.php\/imagerie-en-oncologie\/\">OncoMAPS<\/a><\/h4><h4><a href=\"http:\/\/www.biomaps.universite-paris-saclay.fr\/index.php\/imagerie-en-oncologie\/\">Imagerie en oncologie<\/a><\/h4>\t\t\t\t\t\t<\/div>\n\t\t\t\t<\/div>\n\t\t\t\t\t<\/div>\n\t\t<\/div>\n\t\t\t\t<div class=\"elementor-column elementor-col-33 elementor-top-column elementor-element elementor-element-b85bfb7\" data-id=\"b85bfb7\" data-element_type=\"column\">\n\t\t\t<div class=\"elementor-widget-wrap elementor-element-populated\">\n\t\t\t\t\t\t<div class=\"elementor-element elementor-element-5bcf5d8 elementor-widget elementor-widget-text-editor\" data-id=\"5bcf5d8\" data-element_type=\"widget\" data-widget_type=\"text-editor.default\">\n\t\t\t\t<div class=\"elementor-widget-container\">\n\t\t\t\t\t\t\t<h4><a href=\"http:\/\/www.biomaps.universite-paris-saclay.fr\/index.php\/neuroimagerie-pharmacologique\/\">BrainMAPS<\/a><\/h4><h4><a href=\"http:\/\/www.biomaps.universite-paris-saclay.fr\/index.php\/neuroimagerie-pharmacologique\/\">Neuroimagerie pharmacologique<\/a><\/h4>\t\t\t\t\t\t<\/div>\n\t\t\t\t<\/div>\n\t\t\t\t\t<\/div>\n\t\t<\/div>\n\t\t\t\t\t<\/div>\n\t\t<\/section>\n\t\t\t\t<section class=\"elementor-section elementor-top-section elementor-element elementor-element-5d89074 elementor-section-boxed elementor-section-height-default elementor-section-height-default\" data-id=\"5d89074\" data-element_type=\"section\">\n\t\t\t\t\t\t<div class=\"elementor-container elementor-column-gap-default\">\n\t\t\t\t\t<div class=\"elementor-column elementor-col-100 elementor-top-column elementor-element elementor-element-76bbaa6\" data-id=\"76bbaa6\" data-element_type=\"column\">\n\t\t\t<div class=\"elementor-widget-wrap elementor-element-populated\">\n\t\t\t\t\t\t<div class=\"elementor-element elementor-element-5d85bee elementor-widget elementor-widget-spacer\" data-id=\"5d85bee\" data-element_type=\"widget\" data-widget_type=\"spacer.default\">\n\t\t\t\t<div class=\"elementor-widget-container\">\n\t\t\t\t\t<div class=\"elementor-spacer\">\n\t\t\t<div class=\"elementor-spacer-inner\"><\/div>\n\t\t<\/div>\n\t\t\t\t<\/div>\n\t\t\t\t<\/div>\n\t\t\t\t\t<\/div>\n\t\t<\/div>\n\t\t\t\t\t<\/div>\n\t\t<\/section>\n\t\t\t\t<\/div>\n\t\t","protected":false},"excerpt":{"rendered":"<p>Les 6 \u00e9quipes de recherche au sein de BioMaps DMI D\u00e9veloppements m\u00e9thodologiques et instrumentation ARTISTES Analyse et Reconstruction par Technologie Intelligente Et Simulation num\u00e9rique DRIM D\u00e9veloppements d&rsquo;agents radiopharmaceutiques et d&rsquo;imagerie ImmunoMAPS Imagerie de l&rsquo;immunit\u00e9 OncoMAPS Imagerie en oncologie BrainMAPS Neuroimagerie pharmacologique<\/p>\n","protected":false},"author":2,"featured_media":5970,"parent":0,"menu_order":0,"comment_status":"closed","ping_status":"closed","template":"","meta":{"footnotes":""},"guten_post_layout_featured_media_urls":{"full":["https:\/\/www.biomaps.universite-paris-saclay.fr\/wp-content\/uploads\/2026\/03\/Footer-e1609957375858-lower.png",750,75,false],"thumbnail":["https:\/\/www.biomaps.universite-paris-saclay.fr\/wp-content\/uploads\/2026\/03\/Footer-e1609957375858-lower-100x75.png",100,75,true],"medium":["https:\/\/www.biomaps.universite-paris-saclay.fr\/wp-content\/uploads\/2026\/03\/Footer-e1609957375858-lower-150x15.png",150,15,true],"medium_large":["https:\/\/www.biomaps.universite-paris-saclay.fr\/wp-content\/uploads\/2026\/03\/Footer-e1609957375858-lower.png",640,64,false],"large":["https:\/\/www.biomaps.universite-paris-saclay.fr\/wp-content\/uploads\/2026\/03\/Footer-e1609957375858-lower-500x50.png",500,50,true],"1536x1536":["https:\/\/www.biomaps.universite-paris-saclay.fr\/wp-content\/uploads\/2026\/03\/Footer-e1609957375858-lower.png",750,75,false],"2048x2048":["https:\/\/www.biomaps.universite-paris-saclay.fr\/wp-content\/uploads\/2026\/03\/Footer-e1609957375858-lower.png",750,75,false],"guten_post_layout_landscape_large":["https:\/\/www.biomaps.universite-paris-saclay.fr\/wp-content\/uploads\/2026\/03\/Footer-e1609957375858-lower.png",750,75,false],"guten_post_layout_portrait_large":["https:\/\/www.biomaps.universite-paris-saclay.fr\/wp-content\/uploads\/2026\/03\/Footer-e1609957375858-lower.png",750,75,false],"guten_post_layout_square_large":["https:\/\/www.biomaps.universite-paris-saclay.fr\/wp-content\/uploads\/2026\/03\/Footer-e1609957375858-lower.png",750,75,false],"guten_post_layout_landscape":["https:\/\/www.biomaps.universite-paris-saclay.fr\/wp-content\/uploads\/2026\/03\/Footer-e1609957375858-lower-600x75.png",600,75,true],"guten_post_layout_portrait":["https:\/\/www.biomaps.universite-paris-saclay.fr\/wp-content\/uploads\/2026\/03\/Footer-e1609957375858-lower-600x75.png",600,75,true],"guten_post_layout_square":["https:\/\/www.biomaps.universite-paris-saclay.fr\/wp-content\/uploads\/2026\/03\/Footer-e1609957375858-lower-600x75.png",600,75,true],"sciencex-single-team-thumb":["https:\/\/www.biomaps.universite-paris-saclay.fr\/wp-content\/uploads\/2026\/03\/Footer-e1609957375858-lower-360x75.png",360,75,true],"sciencex-team-thumbnail":["https:\/\/www.biomaps.universite-paris-saclay.fr\/wp-content\/uploads\/2026\/03\/Footer-e1609957375858-lower-263x75.png",263,75,true],"sciencex-event-thumbnail":["https:\/\/www.biomaps.universite-paris-saclay.fr\/wp-content\/uploads\/2026\/03\/Footer-e1609957375858-lower-555x75.png",555,75,true],"sciencex-event-gallery-thumb":["https:\/\/www.biomaps.universite-paris-saclay.fr\/wp-content\/uploads\/2026\/03\/Footer-e1609957375858-lower-227x75.png",227,75,true],"sciencex-blog-thumb":["https:\/\/www.biomaps.universite-paris-saclay.fr\/wp-content\/uploads\/2026\/03\/Footer-e1609957375858-lower-100x75.png",100,75,true]},"_links":{"self":[{"href":"https:\/\/www.biomaps.universite-paris-saclay.fr\/index.php\/wp-json\/wp\/v2\/pages\/6070"}],"collection":[{"href":"https:\/\/www.biomaps.universite-paris-saclay.fr\/index.php\/wp-json\/wp\/v2\/pages"}],"about":[{"href":"https:\/\/www.biomaps.universite-paris-saclay.fr\/index.php\/wp-json\/wp\/v2\/types\/page"}],"author":[{"embeddable":true,"href":"https:\/\/www.biomaps.universite-paris-saclay.fr\/index.php\/wp-json\/wp\/v2\/users\/2"}],"replies":[{"embeddable":true,"href":"https:\/\/www.biomaps.universite-paris-saclay.fr\/index.php\/wp-json\/wp\/v2\/comments?post=6070"}],"version-history":[{"count":29,"href":"https:\/\/www.biomaps.universite-paris-saclay.fr\/index.php\/wp-json\/wp\/v2\/pages\/6070\/revisions"}],"predecessor-version":[{"id":6115,"href":"https:\/\/www.biomaps.universite-paris-saclay.fr\/index.php\/wp-json\/wp\/v2\/pages\/6070\/revisions\/6115"}],"wp:featuredmedia":[{"embeddable":true,"href":"https:\/\/www.biomaps.universite-paris-saclay.fr\/index.php\/wp-json\/wp\/v2\/media\/5970"}],"wp:attachment":[{"href":"https:\/\/www.biomaps.universite-paris-saclay.fr\/index.php\/wp-json\/wp\/v2\/media?parent=6070"}],"curies":[{"name":"wp","href":"https:\/\/api.w.org\/{rel}","templated":true}]}}