{"id":6049,"date":"2026-04-27T16:32:59","date_gmt":"2026-04-27T14:32:59","guid":{"rendered":"https:\/\/www.biomaps.universite-paris-saclay.fr\/?page_id=6049"},"modified":"2026-04-28T16:25:36","modified_gmt":"2026-04-28T14:25:36","slug":"presentation-unite","status":"publish","type":"page","link":"https:\/\/www.biomaps.universite-paris-saclay.fr\/index.php\/presentation-unite\/","title":{"rendered":"L&rsquo;unit\u00e9 BioMaps"},"content":{"rendered":"\t\t<div data-elementor-type=\"wp-page\" data-elementor-id=\"6049\" class=\"elementor elementor-6049\" data-elementor-post-type=\"page\">\n\t\t\t\t\t\t<section class=\"elementor-section elementor-top-section elementor-element elementor-element-7e5991f elementor-section-boxed elementor-section-height-default elementor-section-height-default\" data-id=\"7e5991f\" data-element_type=\"section\">\n\t\t\t\t\t\t<div class=\"elementor-container elementor-column-gap-default\">\n\t\t\t\t\t<div class=\"elementor-column elementor-col-100 elementor-top-column elementor-element elementor-element-940a5ac\" data-id=\"940a5ac\" data-element_type=\"column\">\n\t\t\t<div class=\"elementor-widget-wrap elementor-element-populated\">\n\t\t\t\t\t\t<div class=\"elementor-element elementor-element-23cb001 elementor-widget elementor-widget-spacer\" data-id=\"23cb001\" data-element_type=\"widget\" data-widget_type=\"spacer.default\">\n\t\t\t\t<div class=\"elementor-widget-container\">\n\t\t\t\t\t<div class=\"elementor-spacer\">\n\t\t\t<div class=\"elementor-spacer-inner\"><\/div>\n\t\t<\/div>\n\t\t\t\t<\/div>\n\t\t\t\t<\/div>\n\t\t\t\t\t<\/div>\n\t\t<\/div>\n\t\t\t\t\t<\/div>\n\t\t<\/section>\n\t\t\t\t<section class=\"elementor-section elementor-top-section elementor-element elementor-element-26f2718 elementor-section-boxed elementor-section-height-default elementor-section-height-default\" data-id=\"26f2718\" data-element_type=\"section\">\n\t\t\t\t\t\t<div class=\"elementor-container elementor-column-gap-default\">\n\t\t\t\t\t<div class=\"elementor-column elementor-col-100 elementor-top-column elementor-element elementor-element-a200137\" data-id=\"a200137\" data-element_type=\"column\">\n\t\t\t<div class=\"elementor-widget-wrap elementor-element-populated\">\n\t\t\t\t\t\t<div class=\"elementor-element elementor-element-5f89d99 elementor-widget elementor-widget-text-editor\" data-id=\"5f89d99\" data-element_type=\"widget\" data-widget_type=\"text-editor.default\">\n\t\t\t\t<div class=\"elementor-widget-container\">\n\t\t\t\t\t\t\t<p  class=\"has-medium-font-size\">Cr\u00e9\u00e9e en 2020, l\u2019unit\u00e9 mixte de recherche BioMaps (CEA, CNRS, INSERM, Paris Universit\u00e9 Saclay) est un centre\u00a0<b>d\u2019innovation en imagerie biom\u00e9dicale multimodale<\/b>\u00a0avec pour mission de\u00a0<b>concevoir des m\u00e9thodes, instruments et agents d\u2019imagerie biom\u00e9dicale et de les transf\u00e9rer vers les applications cliniques<\/b>\u00a0pour am\u00e9liorer le diagnostic et l&rsquo;\u00e9valuation des th\u00e9rapies innovantes.<\/p>\n<p class=\"has-medium-font-size\">Initialement dirig\u00e9e par Vincent Lebon, BioMaps a vu son organisation \u00e9volu\u00e9e en 2026 avec Nicolas Tournier en tant que directeur de l\u2019unit\u00e9. BioMaps s\u2019articule maintenant autour de <b><a href=\"https:\/\/www.biomaps.universite-paris-saclay.fr\/index.php\/6-equipes\/\">six \u00e9quipes th\u00e9matiques<\/a> <\/b>et vise \u00e0\u00a0<b>optimiser les synergies<\/b>\u00a0entre recherche fondamentale, d\u00e9veloppement technologique et applications cliniques.<\/p>\n<p class=\"has-medium-font-size\">Ainsi, biologistes, physiciens, pharmacologues, radiochimistes, radiopharmaciens et m\u00e9decins nucl\u00e9aires s&rsquo;allient pour d\u00e9velopper en synergie les outils et les mod\u00e8les qui permettront de mieux comprendre et caract\u00e9riser les dysfonctionnements observ\u00e9s en oncologie, neurologie et pharmacologie.<\/p>\n<p class=\"has-medium-font-size\">Les\u00a0<a href=\"https:\/\/www.biomaps.universite-paris-saclay.fr\/index.php\/plateformes\/\"><b>diff\u00e9rentes plateformes<\/b><\/a>\u00a0facilitent ces d\u00e9veloppements et sont \u00e9galement ouvertes \u00e0 la communaut\u00e9 scientifique nationale \/ internationale et acad\u00e9mique \/ industrielle dans le cadre de <a href=\"https:\/\/www.biomaps.universite-paris-saclay.fr\/index.php\/pasrel-contacts\/\">collaborations<\/a>.<\/p>\t\t\t\t\t\t<\/div>\n\t\t\t\t<\/div>\n\t\t\t\t\t<\/div>\n\t\t<\/div>\n\t\t\t\t\t<\/div>\n\t\t<\/section>\n\t\t\t\t<section class=\"elementor-section elementor-top-section elementor-element elementor-element-fced19e elementor-section-boxed elementor-section-height-default elementor-section-height-default\" data-id=\"fced19e\" data-element_type=\"section\">\n\t\t\t\t\t\t<div class=\"elementor-container elementor-column-gap-default\">\n\t\t\t\t\t<div class=\"elementor-column elementor-col-33 elementor-top-column elementor-element elementor-element-584192a\" data-id=\"584192a\" data-element_type=\"column\">\n\t\t\t<div class=\"elementor-widget-wrap\">\n\t\t\t\t\t\t\t<\/div>\n\t\t<\/div>\n\t\t\t\t<div class=\"elementor-column elementor-col-33 elementor-top-column elementor-element elementor-element-2e1aaa0\" data-id=\"2e1aaa0\" data-element_type=\"column\">\n\t\t\t<div class=\"elementor-widget-wrap elementor-element-populated\">\n\t\t\t\t\t\t<div class=\"elementor-element elementor-element-40cbaf1 elementor-widget elementor-widget-image\" data-id=\"40cbaf1\" data-element_type=\"widget\" data-widget_type=\"image.default\">\n\t\t\t\t<div class=\"elementor-widget-container\">\n\t\t\t\t\t\t\t\t\t\t\t\t\t<img fetchpriority=\"high\" decoding=\"async\" width=\"500\" height=\"246\" src=\"https:\/\/www.biomaps.universite-paris-saclay.fr\/wp-content\/uploads\/2026\/04\/BioMaps-sans-fond-e1777384139431-500x246.png\" class=\"attachment-large size-large wp-image-6211\" alt=\"\" srcset=\"https:\/\/www.biomaps.universite-paris-saclay.fr\/wp-content\/uploads\/2026\/04\/BioMaps-sans-fond-e1777384139431-500x246.png 500w, https:\/\/www.biomaps.universite-paris-saclay.fr\/wp-content\/uploads\/2026\/04\/BioMaps-sans-fond-e1777384139431-150x74.png 150w, https:\/\/www.biomaps.universite-paris-saclay.fr\/wp-content\/uploads\/2026\/04\/BioMaps-sans-fond-e1777384139431-768x379.png 768w, https:\/\/www.biomaps.universite-paris-saclay.fr\/wp-content\/uploads\/2026\/04\/BioMaps-sans-fond-e1777384139431.png 1280w\" sizes=\"(max-width: 500px) 100vw, 500px\" \/>\t\t\t\t\t\t\t\t\t\t\t\t\t<\/div>\n\t\t\t\t<\/div>\n\t\t\t\t\t<\/div>\n\t\t<\/div>\n\t\t\t\t<div class=\"elementor-column elementor-col-33 elementor-top-column elementor-element elementor-element-5681bf4\" data-id=\"5681bf4\" data-element_type=\"column\">\n\t\t\t<div class=\"elementor-widget-wrap\">\n\t\t\t\t\t\t\t<\/div>\n\t\t<\/div>\n\t\t\t\t\t<\/div>\n\t\t<\/section>\n\t\t\t\t<section class=\"elementor-section elementor-top-section elementor-element elementor-element-cc503c0 elementor-section-boxed elementor-section-height-default elementor-section-height-default\" data-id=\"cc503c0\" data-element_type=\"section\">\n\t\t\t\t\t\t<div class=\"elementor-container elementor-column-gap-default\">\n\t\t\t\t\t<div class=\"elementor-column elementor-col-100 elementor-top-column elementor-element elementor-element-b9be5bf\" data-id=\"b9be5bf\" data-element_type=\"column\">\n\t\t\t<div class=\"elementor-widget-wrap elementor-element-populated\">\n\t\t\t\t\t\t<div class=\"elementor-element elementor-element-c4a1570 elementor-widget elementor-widget-spacer\" data-id=\"c4a1570\" data-element_type=\"widget\" data-widget_type=\"spacer.default\">\n\t\t\t\t<div class=\"elementor-widget-container\">\n\t\t\t\t\t<div class=\"elementor-spacer\">\n\t\t\t<div class=\"elementor-spacer-inner\"><\/div>\n\t\t<\/div>\n\t\t\t\t<\/div>\n\t\t\t\t<\/div>\n\t\t\t\t\t<\/div>\n\t\t<\/div>\n\t\t\t\t\t<\/div>\n\t\t<\/section>\n\t\t\t\t<\/div>\n\t\t","protected":false},"excerpt":{"rendered":"<p>Cr\u00e9\u00e9e en 2020, l\u2019unit\u00e9 mixte de recherche BioMaps (CEA, CNRS, INSERM, Paris Universit\u00e9 Saclay) est un centre\u00a0d\u2019innovation en imagerie biom\u00e9dicale multimodale\u00a0avec pour mission de\u00a0concevoir des m\u00e9thodes, instruments et agents d\u2019imagerie biom\u00e9dicale et de les transf\u00e9rer vers les applications cliniques\u00a0pour am\u00e9liorer le diagnostic et l&rsquo;\u00e9valuation des th\u00e9rapies innovantes. Initialement dirig\u00e9e par Vincent Lebon, BioMaps a vu [&hellip;]<\/p>\n","protected":false},"author":2,"featured_media":5970,"parent":0,"menu_order":0,"comment_status":"closed","ping_status":"closed","template":"","meta":{"footnotes":""},"guten_post_layout_featured_media_urls":{"full":["https:\/\/www.biomaps.universite-paris-saclay.fr\/wp-content\/uploads\/2026\/03\/Footer-e1609957375858-lower.png",750,75,false],"thumbnail":["https:\/\/www.biomaps.universite-paris-saclay.fr\/wp-content\/uploads\/2026\/03\/Footer-e1609957375858-lower-100x75.png",100,75,true],"medium":["https:\/\/www.biomaps.universite-paris-saclay.fr\/wp-content\/uploads\/2026\/03\/Footer-e1609957375858-lower-150x15.png",150,15,true],"medium_large":["https:\/\/www.biomaps.universite-paris-saclay.fr\/wp-content\/uploads\/2026\/03\/Footer-e1609957375858-lower.png",640,64,false],"large":["https:\/\/www.biomaps.universite-paris-saclay.fr\/wp-content\/uploads\/2026\/03\/Footer-e1609957375858-lower-500x50.png",500,50,true],"1536x1536":["https:\/\/www.biomaps.universite-paris-saclay.fr\/wp-content\/uploads\/2026\/03\/Footer-e1609957375858-lower.png",750,75,false],"2048x2048":["https:\/\/www.biomaps.universite-paris-saclay.fr\/wp-content\/uploads\/2026\/03\/Footer-e1609957375858-lower.png",750,75,false],"guten_post_layout_landscape_large":["https:\/\/www.biomaps.universite-paris-saclay.fr\/wp-content\/uploads\/2026\/03\/Footer-e1609957375858-lower.png",750,75,false],"guten_post_layout_portrait_large":["https:\/\/www.biomaps.universite-paris-saclay.fr\/wp-content\/uploads\/2026\/03\/Footer-e1609957375858-lower.png",750,75,false],"guten_post_layout_square_large":["https:\/\/www.biomaps.universite-paris-saclay.fr\/wp-content\/uploads\/2026\/03\/Footer-e1609957375858-lower.png",750,75,false],"guten_post_layout_landscape":["https:\/\/www.biomaps.universite-paris-saclay.fr\/wp-content\/uploads\/2026\/03\/Footer-e1609957375858-lower-600x75.png",600,75,true],"guten_post_layout_portrait":["https:\/\/www.biomaps.universite-paris-saclay.fr\/wp-content\/uploads\/2026\/03\/Footer-e1609957375858-lower-600x75.png",600,75,true],"guten_post_layout_square":["https:\/\/www.biomaps.universite-paris-saclay.fr\/wp-content\/uploads\/2026\/03\/Footer-e1609957375858-lower-600x75.png",600,75,true],"sciencex-single-team-thumb":["https:\/\/www.biomaps.universite-paris-saclay.fr\/wp-content\/uploads\/2026\/03\/Footer-e1609957375858-lower-360x75.png",360,75,true],"sciencex-team-thumbnail":["https:\/\/www.biomaps.universite-paris-saclay.fr\/wp-content\/uploads\/2026\/03\/Footer-e1609957375858-lower-263x75.png",263,75,true],"sciencex-event-thumbnail":["https:\/\/www.biomaps.universite-paris-saclay.fr\/wp-content\/uploads\/2026\/03\/Footer-e1609957375858-lower-555x75.png",555,75,true],"sciencex-event-gallery-thumb":["https:\/\/www.biomaps.universite-paris-saclay.fr\/wp-content\/uploads\/2026\/03\/Footer-e1609957375858-lower-227x75.png",227,75,true],"sciencex-blog-thumb":["https:\/\/www.biomaps.universite-paris-saclay.fr\/wp-content\/uploads\/2026\/03\/Footer-e1609957375858-lower-100x75.png",100,75,true]},"_links":{"self":[{"href":"https:\/\/www.biomaps.universite-paris-saclay.fr\/index.php\/wp-json\/wp\/v2\/pages\/6049"}],"collection":[{"href":"https:\/\/www.biomaps.universite-paris-saclay.fr\/index.php\/wp-json\/wp\/v2\/pages"}],"about":[{"href":"https:\/\/www.biomaps.universite-paris-saclay.fr\/index.php\/wp-json\/wp\/v2\/types\/page"}],"author":[{"embeddable":true,"href":"https:\/\/www.biomaps.universite-paris-saclay.fr\/index.php\/wp-json\/wp\/v2\/users\/2"}],"replies":[{"embeddable":true,"href":"https:\/\/www.biomaps.universite-paris-saclay.fr\/index.php\/wp-json\/wp\/v2\/comments?post=6049"}],"version-history":[{"count":19,"href":"https:\/\/www.biomaps.universite-paris-saclay.fr\/index.php\/wp-json\/wp\/v2\/pages\/6049\/revisions"}],"predecessor-version":[{"id":6234,"href":"https:\/\/www.biomaps.universite-paris-saclay.fr\/index.php\/wp-json\/wp\/v2\/pages\/6049\/revisions\/6234"}],"wp:featuredmedia":[{"embeddable":true,"href":"https:\/\/www.biomaps.universite-paris-saclay.fr\/index.php\/wp-json\/wp\/v2\/media\/5970"}],"wp:attachment":[{"href":"https:\/\/www.biomaps.universite-paris-saclay.fr\/index.php\/wp-json\/wp\/v2\/media?parent=6049"}],"curies":[{"name":"wp","href":"https:\/\/api.w.org\/{rel}","templated":true}]}}