{"id":6035,"date":"2026-04-27T16:05:55","date_gmt":"2026-04-27T14:05:55","guid":{"rendered":"https:\/\/www.biomaps.universite-paris-saclay.fr\/?page_id=6035"},"modified":"2026-04-27T16:09:25","modified_gmt":"2026-04-27T14:09:25","slug":"immunomaps","status":"publish","type":"page","link":"https:\/\/www.biomaps.universite-paris-saclay.fr\/index.php\/immunomaps\/","title":{"rendered":"ImmunoMAPS &#8211; Imagerie de l&rsquo;immunit\u00e9"},"content":{"rendered":"\t\t<div data-elementor-type=\"wp-page\" data-elementor-id=\"6035\" class=\"elementor elementor-6035\" data-elementor-post-type=\"page\">\n\t\t\t\t\t\t<section class=\"elementor-section elementor-top-section elementor-element elementor-element-d340bbd elementor-section-boxed elementor-section-height-default elementor-section-height-default\" data-id=\"d340bbd\" data-element_type=\"section\">\n\t\t\t\t\t\t<div class=\"elementor-container elementor-column-gap-default\">\n\t\t\t\t\t<div class=\"elementor-column elementor-col-100 elementor-top-column elementor-element elementor-element-5ea9621\" data-id=\"5ea9621\" data-element_type=\"column\">\n\t\t\t<div class=\"elementor-widget-wrap elementor-element-populated\">\n\t\t\t\t\t\t<div class=\"elementor-element elementor-element-67afbbf elementor-widget elementor-widget-text-editor\" data-id=\"67afbbf\" data-element_type=\"widget\" data-widget_type=\"text-editor.default\">\n\t\t\t\t<div class=\"elementor-widget-container\">\n\t\t\t\t\t\t\t<h2>\ud83d\udea7\u200bPAGE EN COURS DE CONSTRUCTION\ud83d\udea7\u200b<\/h2><h2>Pr\u00e9sentation de l\u2019\u00e9quipe<\/h2><p class=\"has-medium-font-size\">Les activit\u00e9s de l&rsquo;\u00e9quipe <strong>ImmunoMAPS<\/strong>\u00a0s\u2019articulent autour de &#8230;<\/p>\t\t\t\t\t\t<\/div>\n\t\t\t\t<\/div>\n\t\t\t\t\t<\/div>\n\t\t<\/div>\n\t\t\t\t\t<\/div>\n\t\t<\/section>\n\t\t\t\t<section class=\"elementor-section elementor-top-section elementor-element elementor-element-99e8fdf elementor-section-boxed elementor-section-height-default elementor-section-height-default\" data-id=\"99e8fdf\" data-element_type=\"section\">\n\t\t\t\t\t\t<div class=\"elementor-container elementor-column-gap-default\">\n\t\t\t\t\t<div class=\"elementor-column elementor-col-50 elementor-top-column elementor-element elementor-element-1b44c1b\" data-id=\"1b44c1b\" data-element_type=\"column\">\n\t\t\t<div class=\"elementor-widget-wrap elementor-element-populated\">\n\t\t\t\t\t\t<div class=\"elementor-element elementor-element-f1a7a42 elementor-widget elementor-widget-text-editor\" data-id=\"f1a7a42\" data-element_type=\"widget\" data-widget_type=\"text-editor.default\">\n\t\t\t\t<div class=\"elementor-widget-container\">\n\t\t\t\t\t\t\t<h2>Axe 1. Imagerie ciblant les composants du syst\u00e8me immunitaire<\/h2><p><!-- \/wp:heading --><\/p><p><!-- wp:paragraph --><\/p><p class=\"has-medium-font-size\">A d\u00e9velopper + image d&rsquo;illustration<\/p>\t\t\t\t\t\t<\/div>\n\t\t\t\t<\/div>\n\t\t\t\t\t<\/div>\n\t\t<\/div>\n\t\t\t\t<div class=\"elementor-column elementor-col-50 elementor-top-column elementor-element elementor-element-721c12c\" data-id=\"721c12c\" data-element_type=\"column\">\n\t\t\t<div class=\"elementor-widget-wrap\">\n\t\t\t\t\t\t\t<\/div>\n\t\t<\/div>\n\t\t\t\t\t<\/div>\n\t\t<\/section>\n\t\t\t\t<section class=\"elementor-section elementor-top-section elementor-element elementor-element-ea1c8f2 elementor-section-boxed elementor-section-height-default elementor-section-height-default\" data-id=\"ea1c8f2\" data-element_type=\"section\">\n\t\t\t\t\t\t<div class=\"elementor-container elementor-column-gap-default\">\n\t\t\t\t\t<div class=\"elementor-column elementor-col-50 elementor-top-column elementor-element elementor-element-b850b47\" data-id=\"b850b47\" data-element_type=\"column\">\n\t\t\t<div class=\"elementor-widget-wrap\">\n\t\t\t\t\t\t\t<\/div>\n\t\t<\/div>\n\t\t\t\t<div class=\"elementor-column elementor-col-50 elementor-top-column elementor-element elementor-element-513d25d\" data-id=\"513d25d\" data-element_type=\"column\">\n\t\t\t<div class=\"elementor-widget-wrap elementor-element-populated\">\n\t\t\t\t\t\t<div class=\"elementor-element elementor-element-e204e42 elementor-widget elementor-widget-text-editor\" data-id=\"e204e42\" data-element_type=\"widget\" data-widget_type=\"text-editor.default\">\n\t\t\t\t<div class=\"elementor-widget-container\">\n\t\t\t\t\t\t\t<h2>Axe 2. Innovation th\u00e9rapeutique coupl\u00e9e \u00e0 l\u2019imagerie<\/h2><p><!-- \/wp:heading --><\/p><p><!-- wp:paragraph --><\/p><p class=\"has-medium-font-size\">A d\u00e9velopper + image d&rsquo;illustration<\/p>\t\t\t\t\t\t<\/div>\n\t\t\t\t<\/div>\n\t\t\t\t\t<\/div>\n\t\t<\/div>\n\t\t\t\t\t<\/div>\n\t\t<\/section>\n\t\t\t\t<\/div>\n\t\t","protected":false},"excerpt":{"rendered":"<p>\ud83d\udea7\u200bPAGE EN COURS DE CONSTRUCTION\ud83d\udea7\u200b Pr\u00e9sentation de l\u2019\u00e9quipe Les activit\u00e9s de l&rsquo;\u00e9quipe ImmunoMAPS\u00a0s\u2019articulent autour de &#8230; Axe 1. Imagerie ciblant les composants du syst\u00e8me immunitaire A d\u00e9velopper + image d&rsquo;illustration Axe 2. Innovation th\u00e9rapeutique coupl\u00e9e \u00e0 l\u2019imagerie A d\u00e9velopper + image d&rsquo;illustration<\/p>\n","protected":false},"author":2,"featured_media":5970,"parent":0,"menu_order":0,"comment_status":"closed","ping_status":"closed","template":"","meta":{"footnotes":""},"guten_post_layout_featured_media_urls":{"full":["https:\/\/www.biomaps.universite-paris-saclay.fr\/wp-content\/uploads\/2026\/03\/Footer-e1609957375858-lower.png",750,75,false],"thumbnail":["https:\/\/www.biomaps.universite-paris-saclay.fr\/wp-content\/uploads\/2026\/03\/Footer-e1609957375858-lower-100x75.png",100,75,true],"medium":["https:\/\/www.biomaps.universite-paris-saclay.fr\/wp-content\/uploads\/2026\/03\/Footer-e1609957375858-lower-150x15.png",150,15,true],"medium_large":["https:\/\/www.biomaps.universite-paris-saclay.fr\/wp-content\/uploads\/2026\/03\/Footer-e1609957375858-lower.png",640,64,false],"large":["https:\/\/www.biomaps.universite-paris-saclay.fr\/wp-content\/uploads\/2026\/03\/Footer-e1609957375858-lower-500x50.png",500,50,true],"1536x1536":["https:\/\/www.biomaps.universite-paris-saclay.fr\/wp-content\/uploads\/2026\/03\/Footer-e1609957375858-lower.png",750,75,false],"2048x2048":["https:\/\/www.biomaps.universite-paris-saclay.fr\/wp-content\/uploads\/2026\/03\/Footer-e1609957375858-lower.png",750,75,false],"guten_post_layout_landscape_large":["https:\/\/www.biomaps.universite-paris-saclay.fr\/wp-content\/uploads\/2026\/03\/Footer-e1609957375858-lower.png",750,75,false],"guten_post_layout_portrait_large":["https:\/\/www.biomaps.universite-paris-saclay.fr\/wp-content\/uploads\/2026\/03\/Footer-e1609957375858-lower.png",750,75,false],"guten_post_layout_square_large":["https:\/\/www.biomaps.universite-paris-saclay.fr\/wp-content\/uploads\/2026\/03\/Footer-e1609957375858-lower.png",750,75,false],"guten_post_layout_landscape":["https:\/\/www.biomaps.universite-paris-saclay.fr\/wp-content\/uploads\/2026\/03\/Footer-e1609957375858-lower-600x75.png",600,75,true],"guten_post_layout_portrait":["https:\/\/www.biomaps.universite-paris-saclay.fr\/wp-content\/uploads\/2026\/03\/Footer-e1609957375858-lower-600x75.png",600,75,true],"guten_post_layout_square":["https:\/\/www.biomaps.universite-paris-saclay.fr\/wp-content\/uploads\/2026\/03\/Footer-e1609957375858-lower-600x75.png",600,75,true],"sciencex-single-team-thumb":["https:\/\/www.biomaps.universite-paris-saclay.fr\/wp-content\/uploads\/2026\/03\/Footer-e1609957375858-lower-360x75.png",360,75,true],"sciencex-team-thumbnail":["https:\/\/www.biomaps.universite-paris-saclay.fr\/wp-content\/uploads\/2026\/03\/Footer-e1609957375858-lower-263x75.png",263,75,true],"sciencex-event-thumbnail":["https:\/\/www.biomaps.universite-paris-saclay.fr\/wp-content\/uploads\/2026\/03\/Footer-e1609957375858-lower-555x75.png",555,75,true],"sciencex-event-gallery-thumb":["https:\/\/www.biomaps.universite-paris-saclay.fr\/wp-content\/uploads\/2026\/03\/Footer-e1609957375858-lower-227x75.png",227,75,true],"sciencex-blog-thumb":["https:\/\/www.biomaps.universite-paris-saclay.fr\/wp-content\/uploads\/2026\/03\/Footer-e1609957375858-lower-100x75.png",100,75,true]},"_links":{"self":[{"href":"https:\/\/www.biomaps.universite-paris-saclay.fr\/index.php\/wp-json\/wp\/v2\/pages\/6035"}],"collection":[{"href":"https:\/\/www.biomaps.universite-paris-saclay.fr\/index.php\/wp-json\/wp\/v2\/pages"}],"about":[{"href":"https:\/\/www.biomaps.universite-paris-saclay.fr\/index.php\/wp-json\/wp\/v2\/types\/page"}],"author":[{"embeddable":true,"href":"https:\/\/www.biomaps.universite-paris-saclay.fr\/index.php\/wp-json\/wp\/v2\/users\/2"}],"replies":[{"embeddable":true,"href":"https:\/\/www.biomaps.universite-paris-saclay.fr\/index.php\/wp-json\/wp\/v2\/comments?post=6035"}],"version-history":[{"count":5,"href":"https:\/\/www.biomaps.universite-paris-saclay.fr\/index.php\/wp-json\/wp\/v2\/pages\/6035\/revisions"}],"predecessor-version":[{"id":6054,"href":"https:\/\/www.biomaps.universite-paris-saclay.fr\/index.php\/wp-json\/wp\/v2\/pages\/6035\/revisions\/6054"}],"wp:featuredmedia":[{"embeddable":true,"href":"https:\/\/www.biomaps.universite-paris-saclay.fr\/index.php\/wp-json\/wp\/v2\/media\/5970"}],"wp:attachment":[{"href":"https:\/\/www.biomaps.universite-paris-saclay.fr\/index.php\/wp-json\/wp\/v2\/media?parent=6035"}],"curies":[{"name":"wp","href":"https:\/\/api.w.org\/{rel}","templated":true}]}}