{"id":6018,"date":"2026-04-27T15:47:46","date_gmt":"2026-04-27T13:47:46","guid":{"rendered":"https:\/\/www.biomaps.universite-paris-saclay.fr\/?page_id=6018"},"modified":"2026-04-27T16:07:25","modified_gmt":"2026-04-27T14:07:25","slug":"artistes","status":"publish","type":"page","link":"https:\/\/www.biomaps.universite-paris-saclay.fr\/index.php\/artistes\/","title":{"rendered":"ARTISTES &#8211; Analyse et Reconstruction par Technologie Intelligente Et Simulation num\u00e9rique"},"content":{"rendered":"\t\t<div data-elementor-type=\"wp-page\" data-elementor-id=\"6018\" class=\"elementor elementor-6018\" data-elementor-post-type=\"page\">\n\t\t\t\t\t\t<section class=\"elementor-section elementor-top-section elementor-element elementor-element-30159fd elementor-section-boxed elementor-section-height-default elementor-section-height-default\" data-id=\"30159fd\" data-element_type=\"section\">\n\t\t\t\t\t\t<div class=\"elementor-container elementor-column-gap-default\">\n\t\t\t\t\t<div class=\"elementor-column elementor-col-100 elementor-top-column elementor-element elementor-element-8d6e582\" data-id=\"8d6e582\" data-element_type=\"column\">\n\t\t\t<div class=\"elementor-widget-wrap elementor-element-populated\">\n\t\t\t\t\t\t<div class=\"elementor-element elementor-element-f8e6de3 elementor-widget elementor-widget-text-editor\" data-id=\"f8e6de3\" data-element_type=\"widget\" data-widget_type=\"text-editor.default\">\n\t\t\t\t<div class=\"elementor-widget-container\">\n\t\t\t\t\t\t\t<p><!-- wp:heading --><\/p>\n<h2>\ud83d\udea7\u200bPAGE EN COURS DE CONSTRUCTION\ud83d\udea7\u200b<\/h2>\n<h2>Pr\u00e9sentation de l\u2019\u00e9quipe<\/h2>\n<p class=\"has-medium-font-size\">Les activit\u00e9s de l&rsquo;\u00e9quipe <strong>ARTISTES<\/strong>\u00a0s\u2019articulent autour de &#8230;<\/p>\n<p><!-- \/wp:list --><\/p>\t\t\t\t\t\t<\/div>\n\t\t\t\t<\/div>\n\t\t\t\t\t<\/div>\n\t\t<\/div>\n\t\t\t\t\t<\/div>\n\t\t<\/section>\n\t\t\t\t<section class=\"elementor-section elementor-top-section elementor-element elementor-element-6d0718c elementor-section-boxed elementor-section-height-default elementor-section-height-default\" data-id=\"6d0718c\" data-element_type=\"section\">\n\t\t\t\t\t\t<div class=\"elementor-container elementor-column-gap-default\">\n\t\t\t\t\t<div class=\"elementor-column elementor-col-50 elementor-top-column elementor-element elementor-element-5e1b699\" data-id=\"5e1b699\" data-element_type=\"column\">\n\t\t\t<div class=\"elementor-widget-wrap elementor-element-populated\">\n\t\t\t\t\t\t<div class=\"elementor-element elementor-element-258b9e2 elementor-widget elementor-widget-text-editor\" data-id=\"258b9e2\" data-element_type=\"widget\" data-widget_type=\"text-editor.default\">\n\t\t\t\t<div class=\"elementor-widget-container\">\n\t\t\t\t\t\t\t<h2>Axe 1. Simulation num\u00e9rique<\/h2><p><!-- \/wp:heading --><\/p><p><!-- wp:paragraph --><\/p><p class=\"has-medium-font-size\">A d\u00e9velopper + image d&rsquo;illustration<\/p>\t\t\t\t\t\t<\/div>\n\t\t\t\t<\/div>\n\t\t\t\t\t<\/div>\n\t\t<\/div>\n\t\t\t\t<div class=\"elementor-column elementor-col-50 elementor-top-column elementor-element elementor-element-7b8ffee\" data-id=\"7b8ffee\" data-element_type=\"column\">\n\t\t\t<div class=\"elementor-widget-wrap\">\n\t\t\t\t\t\t\t<\/div>\n\t\t<\/div>\n\t\t\t\t\t<\/div>\n\t\t<\/section>\n\t\t\t\t<section class=\"elementor-section elementor-top-section elementor-element elementor-element-3eb4bca elementor-section-boxed elementor-section-height-default elementor-section-height-default\" data-id=\"3eb4bca\" data-element_type=\"section\">\n\t\t\t\t\t\t<div class=\"elementor-container elementor-column-gap-default\">\n\t\t\t\t\t<div class=\"elementor-column elementor-col-50 elementor-top-column elementor-element elementor-element-0a383b1\" data-id=\"0a383b1\" data-element_type=\"column\">\n\t\t\t<div class=\"elementor-widget-wrap\">\n\t\t\t\t\t\t\t<\/div>\n\t\t<\/div>\n\t\t\t\t<div class=\"elementor-column elementor-col-50 elementor-top-column elementor-element elementor-element-518d6ef\" data-id=\"518d6ef\" data-element_type=\"column\">\n\t\t\t<div class=\"elementor-widget-wrap elementor-element-populated\">\n\t\t\t\t\t\t<div class=\"elementor-element elementor-element-e38d612 elementor-widget elementor-widget-text-editor\" data-id=\"e38d612\" data-element_type=\"widget\" data-widget_type=\"text-editor.default\">\n\t\t\t\t<div class=\"elementor-widget-container\">\n\t\t\t\t\t\t\t<h2>Axe 2. Reconstruction Tomographique<\/h2><p><!-- \/wp:heading --><\/p><p><!-- wp:paragraph --><\/p><p class=\"has-medium-font-size\">A d\u00e9velopper + image d&rsquo;illustration<\/p>\t\t\t\t\t\t<\/div>\n\t\t\t\t<\/div>\n\t\t\t\t\t<\/div>\n\t\t<\/div>\n\t\t\t\t\t<\/div>\n\t\t<\/section>\n\t\t\t\t<section class=\"elementor-section elementor-top-section elementor-element elementor-element-beca810 elementor-section-boxed elementor-section-height-default elementor-section-height-default\" data-id=\"beca810\" data-element_type=\"section\">\n\t\t\t\t\t\t<div class=\"elementor-container elementor-column-gap-default\">\n\t\t\t\t\t<div class=\"elementor-column elementor-col-50 elementor-top-column elementor-element elementor-element-546b9b9\" data-id=\"546b9b9\" data-element_type=\"column\">\n\t\t\t<div class=\"elementor-widget-wrap elementor-element-populated\">\n\t\t\t\t\t\t<div class=\"elementor-element elementor-element-0e82565 elementor-widget elementor-widget-text-editor\" data-id=\"0e82565\" data-element_type=\"widget\" data-widget_type=\"text-editor.default\">\n\t\t\t\t<div class=\"elementor-widget-container\">\n\t\t\t\t\t\t\t<h2>Axe 3. Extraction quantitative de param\u00e8tres dans l\u2019analyse d\u2019image<\/h2><p><!-- \/wp:heading --><\/p><p><!-- wp:paragraph --><\/p><p>A d\u00e9velopper + image d&rsquo;illustration<\/p>\t\t\t\t\t\t<\/div>\n\t\t\t\t<\/div>\n\t\t\t\t\t<\/div>\n\t\t<\/div>\n\t\t\t\t<div class=\"elementor-column elementor-col-50 elementor-top-column elementor-element elementor-element-bbabcab\" data-id=\"bbabcab\" data-element_type=\"column\">\n\t\t\t<div class=\"elementor-widget-wrap\">\n\t\t\t\t\t\t\t<\/div>\n\t\t<\/div>\n\t\t\t\t\t<\/div>\n\t\t<\/section>\n\t\t\t\t<section class=\"elementor-section elementor-top-section elementor-element elementor-element-c8ffb44 elementor-section-boxed elementor-section-height-default elementor-section-height-default\" data-id=\"c8ffb44\" data-element_type=\"section\">\n\t\t\t\t\t\t<div class=\"elementor-container elementor-column-gap-default\">\n\t\t\t\t\t<div class=\"elementor-column elementor-col-50 elementor-top-column elementor-element elementor-element-e7ea40a\" data-id=\"e7ea40a\" data-element_type=\"column\">\n\t\t\t<div class=\"elementor-widget-wrap\">\n\t\t\t\t\t\t\t<\/div>\n\t\t<\/div>\n\t\t\t\t<div class=\"elementor-column elementor-col-50 elementor-top-column elementor-element elementor-element-3442ede\" data-id=\"3442ede\" data-element_type=\"column\">\n\t\t\t<div class=\"elementor-widget-wrap elementor-element-populated\">\n\t\t\t\t\t\t<div class=\"elementor-element elementor-element-7a69b35 elementor-widget elementor-widget-text-editor\" data-id=\"7a69b35\" data-element_type=\"widget\" data-widget_type=\"text-editor.default\">\n\t\t\t\t<div class=\"elementor-widget-container\">\n\t\t\t\t\t\t\t<h2>Axe 4. Techniques d\u2019apprentissage pour l\u2019imagerie<\/h2><p><!-- \/wp:heading --><\/p><p><!-- wp:paragraph --><\/p><p>A d\u00e9velopper + image d&rsquo;illustration<\/p>\t\t\t\t\t\t<\/div>\n\t\t\t\t<\/div>\n\t\t\t\t\t<\/div>\n\t\t<\/div>\n\t\t\t\t\t<\/div>\n\t\t<\/section>\n\t\t\t\t<\/div>\n\t\t","protected":false},"excerpt":{"rendered":"<p>\ud83d\udea7\u200bPAGE EN COURS DE CONSTRUCTION\ud83d\udea7\u200b Pr\u00e9sentation de l\u2019\u00e9quipe Les activit\u00e9s de l&rsquo;\u00e9quipe ARTISTES\u00a0s\u2019articulent autour de &#8230; Axe 1. Simulation num\u00e9rique A d\u00e9velopper + image d&rsquo;illustration Axe 2. Reconstruction Tomographique A d\u00e9velopper + image d&rsquo;illustration Axe 3. Extraction quantitative de param\u00e8tres dans l\u2019analyse d\u2019image A d\u00e9velopper + image d&rsquo;illustration Axe 4. Techniques d\u2019apprentissage pour l\u2019imagerie A [&hellip;]<\/p>\n","protected":false},"author":2,"featured_media":5970,"parent":0,"menu_order":0,"comment_status":"closed","ping_status":"closed","template":"","meta":{"footnotes":""},"guten_post_layout_featured_media_urls":{"full":["https:\/\/www.biomaps.universite-paris-saclay.fr\/wp-content\/uploads\/2026\/03\/Footer-e1609957375858-lower.png",750,75,false],"thumbnail":["https:\/\/www.biomaps.universite-paris-saclay.fr\/wp-content\/uploads\/2026\/03\/Footer-e1609957375858-lower-100x75.png",100,75,true],"medium":["https:\/\/www.biomaps.universite-paris-saclay.fr\/wp-content\/uploads\/2026\/03\/Footer-e1609957375858-lower-150x15.png",150,15,true],"medium_large":["https:\/\/www.biomaps.universite-paris-saclay.fr\/wp-content\/uploads\/2026\/03\/Footer-e1609957375858-lower.png",640,64,false],"large":["https:\/\/www.biomaps.universite-paris-saclay.fr\/wp-content\/uploads\/2026\/03\/Footer-e1609957375858-lower-500x50.png",500,50,true],"1536x1536":["https:\/\/www.biomaps.universite-paris-saclay.fr\/wp-content\/uploads\/2026\/03\/Footer-e1609957375858-lower.png",750,75,false],"2048x2048":["https:\/\/www.biomaps.universite-paris-saclay.fr\/wp-content\/uploads\/2026\/03\/Footer-e1609957375858-lower.png",750,75,false],"guten_post_layout_landscape_large":["https:\/\/www.biomaps.universite-paris-saclay.fr\/wp-content\/uploads\/2026\/03\/Footer-e1609957375858-lower.png",750,75,false],"guten_post_layout_portrait_large":["https:\/\/www.biomaps.universite-paris-saclay.fr\/wp-content\/uploads\/2026\/03\/Footer-e1609957375858-lower.png",750,75,false],"guten_post_layout_square_large":["https:\/\/www.biomaps.universite-paris-saclay.fr\/wp-content\/uploads\/2026\/03\/Footer-e1609957375858-lower.png",750,75,false],"guten_post_layout_landscape":["https:\/\/www.biomaps.universite-paris-saclay.fr\/wp-content\/uploads\/2026\/03\/Footer-e1609957375858-lower-600x75.png",600,75,true],"guten_post_layout_portrait":["https:\/\/www.biomaps.universite-paris-saclay.fr\/wp-content\/uploads\/2026\/03\/Footer-e1609957375858-lower-600x75.png",600,75,true],"guten_post_layout_square":["https:\/\/www.biomaps.universite-paris-saclay.fr\/wp-content\/uploads\/2026\/03\/Footer-e1609957375858-lower-600x75.png",600,75,true],"sciencex-single-team-thumb":["https:\/\/www.biomaps.universite-paris-saclay.fr\/wp-content\/uploads\/2026\/03\/Footer-e1609957375858-lower-360x75.png",360,75,true],"sciencex-team-thumbnail":["https:\/\/www.biomaps.universite-paris-saclay.fr\/wp-content\/uploads\/2026\/03\/Footer-e1609957375858-lower-263x75.png",263,75,true],"sciencex-event-thumbnail":["https:\/\/www.biomaps.universite-paris-saclay.fr\/wp-content\/uploads\/2026\/03\/Footer-e1609957375858-lower-555x75.png",555,75,true],"sciencex-event-gallery-thumb":["https:\/\/www.biomaps.universite-paris-saclay.fr\/wp-content\/uploads\/2026\/03\/Footer-e1609957375858-lower-227x75.png",227,75,true],"sciencex-blog-thumb":["https:\/\/www.biomaps.universite-paris-saclay.fr\/wp-content\/uploads\/2026\/03\/Footer-e1609957375858-lower-100x75.png",100,75,true]},"_links":{"self":[{"href":"https:\/\/www.biomaps.universite-paris-saclay.fr\/index.php\/wp-json\/wp\/v2\/pages\/6018"}],"collection":[{"href":"https:\/\/www.biomaps.universite-paris-saclay.fr\/index.php\/wp-json\/wp\/v2\/pages"}],"about":[{"href":"https:\/\/www.biomaps.universite-paris-saclay.fr\/index.php\/wp-json\/wp\/v2\/types\/page"}],"author":[{"embeddable":true,"href":"https:\/\/www.biomaps.universite-paris-saclay.fr\/index.php\/wp-json\/wp\/v2\/users\/2"}],"replies":[{"embeddable":true,"href":"https:\/\/www.biomaps.universite-paris-saclay.fr\/index.php\/wp-json\/wp\/v2\/comments?post=6018"}],"version-history":[{"count":18,"href":"https:\/\/www.biomaps.universite-paris-saclay.fr\/index.php\/wp-json\/wp\/v2\/pages\/6018\/revisions"}],"predecessor-version":[{"id":6043,"href":"https:\/\/www.biomaps.universite-paris-saclay.fr\/index.php\/wp-json\/wp\/v2\/pages\/6018\/revisions\/6043"}],"wp:featuredmedia":[{"embeddable":true,"href":"https:\/\/www.biomaps.universite-paris-saclay.fr\/index.php\/wp-json\/wp\/v2\/media\/5970"}],"wp:attachment":[{"href":"https:\/\/www.biomaps.universite-paris-saclay.fr\/index.php\/wp-json\/wp\/v2\/media?parent=6018"}],"curies":[{"name":"wp","href":"https:\/\/api.w.org\/{rel}","templated":true}]}}