{"id":60,"date":"2020-02-26T23:04:40","date_gmt":"2020-02-26T22:04:40","guid":{"rendered":"http:\/\/www.biomaps.universite-paris-saclay.fr\/?page_id=60"},"modified":"2020-05-05T12:35:41","modified_gmt":"2020-05-05T10:35:41","slug":"developpements-dagents-radiopharmaceutiques-et-dimagerie","status":"publish","type":"page","link":"https:\/\/www.biomaps.universite-paris-saclay.fr\/index.php\/developpements-dagents-radiopharmaceutiques-et-dimagerie\/","title":{"rendered":"D\u00e9veloppements d&rsquo;agents radiopharmaceutiques et d&rsquo;imagerie"},"content":{"rendered":"\t\t<div data-elementor-type=\"wp-page\" data-elementor-id=\"60\" class=\"elementor elementor-60\" data-elementor-post-type=\"page\">\n\t\t\t\t\t\t<section class=\"elementor-section elementor-top-section elementor-element elementor-element-1faae83e elementor-section-boxed elementor-section-height-default elementor-section-height-default\" data-id=\"1faae83e\" data-element_type=\"section\">\n\t\t\t\t\t\t<div class=\"elementor-container elementor-column-gap-default\">\n\t\t\t\t\t<div class=\"elementor-column elementor-col-100 elementor-top-column elementor-element elementor-element-23f3ec92\" data-id=\"23f3ec92\" data-element_type=\"column\">\n\t\t\t<div class=\"elementor-widget-wrap elementor-element-populated\">\n\t\t\t\t\t\t<div class=\"elementor-element elementor-element-34e33758 elementor-widget elementor-widget-text-editor\" data-id=\"34e33758\" data-element_type=\"widget\" data-widget_type=\"text-editor.default\">\n\t\t\t\t<div class=\"elementor-widget-container\">\n\t\t\t\t\t\t\t<p><!-- wp:heading --><\/p>\n<h2>Pr\u00e9sentation de l&rsquo;\u00e9quipe<\/h2>\n<p class=\"has-medium-font-size\">Notre th\u00e9matique \u00ab\u00a0D\u00e9veloppement de radiopharmaceutiques et d\u2019agents d\u2019imagerie\u00a0\u00bb est port\u00e9e par 13 chercheurs et techniciens dont les c\u0153urs de m\u00e9tier sont la production de radionucl\u00e9ides, la chimie organique, la radiochimie des \u00e9metteurs de positons (fluor-18, carbone-11, oxyg\u00e8ne-15, zirconium-89), la biochimie et la radiopharmacie. Nos activit\u00e9s se positionnent en r\u00e9ponse aux besoins croissants d\u2019agents de diagnostic de pr\u00e9cision pour r\u00e9pondre aux d\u00e9fis de la m\u00e9decine 4P\u00a0: pr\u00e9dictive, pr\u00e9ventive, personnalis\u00e9e et participative. Dans ce contexte, notre recherche s\u2019organise autour de deux axes principaux qui visent i) \u00e0 d\u00e9velopper de nouvelles m\u00e9thodologies de radiomarquage, ii) \u00e0 d\u00e9velopper de nouveaux radiotraceurs pour des cibles d\u2019int\u00e9r\u00eat en imagerie. Ces activit\u00e9s de recherche sont soutenues par une plateforme de production et distribution de radiotraceurs pour l\u2019imagerie pr\u00e9-clinique et de fabrication, distribution et transfert clinique de pr\u00e9parations radiopharmaceutiques.<\/p>\n<p><!-- \/wp:heading --><\/p>\t\t\t\t\t\t<\/div>\n\t\t\t\t<\/div>\n\t\t\t\t<div class=\"elementor-element elementor-element-8d6562b elementor-widget elementor-widget-image\" data-id=\"8d6562b\" data-element_type=\"widget\" data-widget_type=\"image.default\">\n\t\t\t\t<div class=\"elementor-widget-container\">\n\t\t\t\t\t\t\t\t\t\t\t\t\t<img fetchpriority=\"high\" decoding=\"async\" width=\"1366\" height=\"733\" src=\"https:\/\/www.biomaps.universite-paris-saclay.fr\/wp-content\/uploads\/2020\/04\/CHimie.png\" class=\"attachment-full size-full wp-image-649\" alt=\"\" srcset=\"https:\/\/www.biomaps.universite-paris-saclay.fr\/wp-content\/uploads\/2020\/04\/CHimie.png 1366w, https:\/\/www.biomaps.universite-paris-saclay.fr\/wp-content\/uploads\/2020\/04\/CHimie-150x80.png 150w, https:\/\/www.biomaps.universite-paris-saclay.fr\/wp-content\/uploads\/2020\/04\/CHimie-500x268.png 500w, https:\/\/www.biomaps.universite-paris-saclay.fr\/wp-content\/uploads\/2020\/04\/CHimie-768x412.png 768w\" sizes=\"(max-width: 1366px) 100vw, 1366px\" \/>\t\t\t\t\t\t\t\t\t\t\t\t\t<\/div>\n\t\t\t\t<\/div>\n\t\t\t\t<div class=\"elementor-element elementor-element-d6bb562 elementor-widget elementor-widget-text-editor\" data-id=\"d6bb562\" data-element_type=\"widget\" data-widget_type=\"text-editor.default\">\n\t\t\t\t<div class=\"elementor-widget-container\">\n\t\t\t\t\t\t\t<h2><a href=\"http:\/\/www.biomaps.universite-paris-saclay.fr\/index.php\/nouvelles-methodologies-de-radiomarquage\/\"><strong>Nouvelles m\u00e9thodologies de radiomarquage<\/strong><\/a><\/h2>\n<p class=\"has-medium-font-size\">Cet axe de recherche s\u2019int\u00e9resse au d\u00e9veloppement de nouvelles approches de radiomarquage au fluor-18 et carbone-11 applicables \u00e0 des compos\u00e9s de faible poids mol\u00e9culaire comme \u00e0 des macromol\u00e9cules biologiques.<\/p>\n<h2><a href=\"http:\/\/www.biomaps.universite-paris-saclay.fr\/index.php\/nouveaux-radiotraceurs-nouvelles-cibles\/\"><strong>Nouveaux radiotraceurs, nouvelles cibles<\/strong><\/a><\/h2>\n<p class=\"has-medium-font-size\">Cet axe de recherche vise \u00e0 identifier des nouveaux couples cible\/radiotraceurs ayant un int\u00e9r\u00eat en imagerie dans le domaine de la neurologie et de l\u2019oncologie. Ces d\u00e9veloppements s\u2019appuient sur des approches de chimie m\u00e9dicinale, caract\u00e9risation <em>in vitro<\/em>, <em>in vivo<\/em>, m\u00e9tabolisme et pharmacocin\u00e9tique.<\/p>\n<h2><strong><a href=\"http:\/\/www.biomaps.universite-paris-saclay.fr\/index.php\/plateforme-radiotraceurs-et-radiopharmaceutiques\">Offre de plateforme<\/a><\/strong><\/h2>\n<p class=\"has-medium-font-size\">Notre offre de production de radiotraceurs pour l\u2019imagerie pr\u00e9-clinique et de fabrication de pr\u00e9parations radiopharmaceutiques pour la recherche biom\u00e9dicale.<\/p>\n<h2><a href=\"http:\/\/www.biomaps.universite-paris-saclay.fr\/index.php\/moyens-techniques\/\"><strong>Moyens techniques<\/strong><\/a><\/h2>\t\t\t\t\t\t<\/div>\n\t\t\t\t<\/div>\n\t\t\t\t\t<\/div>\n\t\t<\/div>\n\t\t\t\t\t<\/div>\n\t\t<\/section>\n\t\t\t\t<section class=\"elementor-section elementor-top-section elementor-element elementor-element-b17b3ae elementor-section-boxed elementor-section-height-default elementor-section-height-default\" data-id=\"b17b3ae\" data-element_type=\"section\">\n\t\t\t\t\t\t<div class=\"elementor-container elementor-column-gap-default\">\n\t\t\t\t\t<div class=\"elementor-column elementor-col-100 elementor-top-column elementor-element elementor-element-62be70f\" data-id=\"62be70f\" data-element_type=\"column\">\n\t\t\t<div class=\"elementor-widget-wrap\">\n\t\t\t\t\t\t\t<\/div>\n\t\t<\/div>\n\t\t\t\t\t<\/div>\n\t\t<\/section>\n\t\t\t\t<\/div>\n\t\t","protected":false},"excerpt":{"rendered":"<p>Pr\u00e9sentation de l&rsquo;\u00e9quipe Notre th\u00e9matique \u00ab\u00a0D\u00e9veloppement de radiopharmaceutiques et d\u2019agents d\u2019imagerie\u00a0\u00bb est port\u00e9e par 13 chercheurs et techniciens dont les c\u0153urs de m\u00e9tier sont la production de radionucl\u00e9ides, la chimie organique, la radiochimie des \u00e9metteurs de positons (fluor-18, carbone-11, oxyg\u00e8ne-15, zirconium-89), la biochimie et la radiopharmacie. Nos activit\u00e9s se positionnent en r\u00e9ponse aux besoins croissants [&hellip;]<\/p>\n","protected":false},"author":2,"featured_media":615,"parent":0,"menu_order":0,"comment_status":"closed","ping_status":"closed","template":"","meta":{"footnotes":""},"guten_post_layout_featured_media_urls":{"full":["https:\/\/www.biomaps.universite-paris-saclay.fr\/wp-content\/uploads\/2020\/04\/Footer-e1609957375858.png",750,126,false],"thumbnail":["https:\/\/www.biomaps.universite-paris-saclay.fr\/wp-content\/uploads\/2020\/04\/Footer-100x100.png",100,100,true],"medium":["https:\/\/www.biomaps.universite-paris-saclay.fr\/wp-content\/uploads\/2020\/04\/Footer-150x25.png",150,25,true],"medium_large":["https:\/\/www.biomaps.universite-paris-saclay.fr\/wp-content\/uploads\/2020\/04\/Footer-768x129.png",640,108,true],"large":["https:\/\/www.biomaps.universite-paris-saclay.fr\/wp-content\/uploads\/2020\/04\/Footer-500x84.png",500,84,true],"1536x1536":["https:\/\/www.biomaps.universite-paris-saclay.fr\/wp-content\/uploads\/2020\/04\/Footer-1536x257.png",1536,257,true],"2048x2048":["https:\/\/www.biomaps.universite-paris-saclay.fr\/wp-content\/uploads\/2020\/04\/Footer-e1609957375858.png",750,126,false],"guten_post_layout_landscape_large":["https:\/\/www.biomaps.universite-paris-saclay.fr\/wp-content\/uploads\/2020\/04\/Footer-1200x318.png",1200,318,true],"guten_post_layout_portrait_large":["https:\/\/www.biomaps.universite-paris-saclay.fr\/wp-content\/uploads\/2020\/04\/Footer-1200x318.png",1200,318,true],"guten_post_layout_square_large":["https:\/\/www.biomaps.universite-paris-saclay.fr\/wp-content\/uploads\/2020\/04\/Footer-1200x318.png",1200,318,true],"guten_post_layout_landscape":["https:\/\/www.biomaps.universite-paris-saclay.fr\/wp-content\/uploads\/2020\/04\/Footer-600x318.png",600,318,true],"guten_post_layout_portrait":["https:\/\/www.biomaps.universite-paris-saclay.fr\/wp-content\/uploads\/2020\/04\/Footer-600x318.png",600,318,true],"guten_post_layout_square":["https:\/\/www.biomaps.universite-paris-saclay.fr\/wp-content\/uploads\/2020\/04\/Footer-600x318.png",600,318,true],"sciencex-single-team-thumb":["https:\/\/www.biomaps.universite-paris-saclay.fr\/wp-content\/uploads\/2020\/04\/Footer-360x270.png",360,270,true],"sciencex-team-thumbnail":["https:\/\/www.biomaps.universite-paris-saclay.fr\/wp-content\/uploads\/2020\/04\/Footer-263x216.png",263,216,true],"sciencex-event-thumbnail":["https:\/\/www.biomaps.universite-paris-saclay.fr\/wp-content\/uploads\/2020\/04\/Footer-555x318.png",555,318,true],"sciencex-event-gallery-thumb":["https:\/\/www.biomaps.universite-paris-saclay.fr\/wp-content\/uploads\/2020\/04\/Footer-227x168.png",227,168,true],"sciencex-blog-thumb":["https:\/\/www.biomaps.universite-paris-saclay.fr\/wp-content\/uploads\/2020\/04\/Footer-100x80.png",100,80,true]},"_links":{"self":[{"href":"https:\/\/www.biomaps.universite-paris-saclay.fr\/index.php\/wp-json\/wp\/v2\/pages\/60"}],"collection":[{"href":"https:\/\/www.biomaps.universite-paris-saclay.fr\/index.php\/wp-json\/wp\/v2\/pages"}],"about":[{"href":"https:\/\/www.biomaps.universite-paris-saclay.fr\/index.php\/wp-json\/wp\/v2\/types\/page"}],"author":[{"embeddable":true,"href":"https:\/\/www.biomaps.universite-paris-saclay.fr\/index.php\/wp-json\/wp\/v2\/users\/2"}],"replies":[{"embeddable":true,"href":"https:\/\/www.biomaps.universite-paris-saclay.fr\/index.php\/wp-json\/wp\/v2\/comments?post=60"}],"version-history":[{"count":19,"href":"https:\/\/www.biomaps.universite-paris-saclay.fr\/index.php\/wp-json\/wp\/v2\/pages\/60\/revisions"}],"predecessor-version":[{"id":1017,"href":"https:\/\/www.biomaps.universite-paris-saclay.fr\/index.php\/wp-json\/wp\/v2\/pages\/60\/revisions\/1017"}],"wp:featuredmedia":[{"embeddable":true,"href":"https:\/\/www.biomaps.universite-paris-saclay.fr\/index.php\/wp-json\/wp\/v2\/media\/615"}],"wp:attachment":[{"href":"https:\/\/www.biomaps.universite-paris-saclay.fr\/index.php\/wp-json\/wp\/v2\/media?parent=60"}],"curies":[{"name":"wp","href":"https:\/\/api.w.org\/{rel}","templated":true}]}}