{"id":58,"date":"2020-02-26T23:04:09","date_gmt":"2020-02-26T22:04:09","guid":{"rendered":"http:\/\/www.biomaps.universite-paris-saclay.fr\/?page_id=58"},"modified":"2024-03-26T15:05:04","modified_gmt":"2024-03-26T14:05:04","slug":"developpements-methologiques-et-instrumentation","status":"publish","type":"page","link":"https:\/\/www.biomaps.universite-paris-saclay.fr\/index.php\/developpements-methologiques-et-instrumentation\/","title":{"rendered":"D\u00e9veloppements m\u00e9thologiques et instrumentation"},"content":{"rendered":"\t\t<div data-elementor-type=\"wp-page\" data-elementor-id=\"58\" class=\"elementor elementor-58\" data-elementor-post-type=\"page\">\n\t\t\t\t\t\t<section class=\"elementor-section elementor-top-section elementor-element elementor-element-55a8cc23 elementor-section-boxed elementor-section-height-default elementor-section-height-default\" data-id=\"55a8cc23\" data-element_type=\"section\">\n\t\t\t\t\t\t<div class=\"elementor-container elementor-column-gap-default\">\n\t\t\t\t\t<div class=\"elementor-column elementor-col-100 elementor-top-column elementor-element elementor-element-20e68197\" data-id=\"20e68197\" data-element_type=\"column\">\n\t\t\t<div class=\"elementor-widget-wrap elementor-element-populated\">\n\t\t\t\t\t\t<div class=\"elementor-element elementor-element-331f0a3d elementor-widget elementor-widget-text-editor\" data-id=\"331f0a3d\" data-element_type=\"widget\" data-widget_type=\"text-editor.default\">\n\t\t\t\t<div class=\"elementor-widget-container\">\n\t\t\t\t\t\t\t<p><!-- wp:heading --><\/p>\n<h2>Pr\u00e9sentation de l\u2019\u00e9quipe<\/h2>\n<p class=\"has-medium-font-size\">Les activit\u00e9s de l&rsquo;\u00c9quipe \u00ab <strong>D\u00e9veloppements M\u00e9thodologiques et Instrumentation<\/strong>&nbsp;\u00bb s\u2019articulent autour des syst\u00e8mes d\u2019imagerie <strong>TEP<\/strong>, <strong>IRM<\/strong>, <strong>Ultrasons<\/strong> et <strong>Optique<\/strong>, consid\u00e9r\u00e9s ind\u00e9pendamment ou de mani\u00e8re multimodale, avec pour objectif commun \u00e0 l\u2019\u00e9quipe la cr\u00e9ation, le d\u00e9veloppement et la validation d\u2019instruments et de m\u00e9thodes d\u2019imagerie innovants transf\u00e9rables aux patients. Ces activit\u00e9s s\u2019organisent selon <strong>3 axes principaux : un axe de d\u00e9veloppements instrumentaux, un axe portant sur les signaux d\u2019imagerie et un axe algorithmique.<\/strong><\/p>\n<p><!-- \/wp:list --><\/p>\t\t\t\t\t\t<\/div>\n\t\t\t\t<\/div>\n\t\t\t\t\t<\/div>\n\t\t<\/div>\n\t\t\t\t\t<\/div>\n\t\t<\/section>\n\t\t\t\t<section class=\"elementor-section elementor-top-section elementor-element elementor-element-f47ef90 elementor-section-boxed elementor-section-height-default elementor-section-height-default\" data-id=\"f47ef90\" data-element_type=\"section\">\n\t\t\t\t\t\t<div class=\"elementor-container elementor-column-gap-default\">\n\t\t\t\t\t<div class=\"elementor-column elementor-col-50 elementor-top-column elementor-element elementor-element-4a288bb\" data-id=\"4a288bb\" data-element_type=\"column\">\n\t\t\t<div class=\"elementor-widget-wrap elementor-element-populated\">\n\t\t\t\t\t\t<div class=\"elementor-element elementor-element-35255f1 elementor-widget elementor-widget-text-editor\" data-id=\"35255f1\" data-element_type=\"widget\" data-widget_type=\"text-editor.default\">\n\t\t\t\t<div class=\"elementor-widget-container\">\n\t\t\t\t\t\t\t<p><!-- wp:heading --><!-- \/wp:paragraph --><\/p>\n<p><!-- wp:heading --><\/p>\n<h2>Axe 1. D\u00e9veloppements instrumentaux<\/h2>\n<p><!-- \/wp:heading --><\/p>\n<p><!-- wp:paragraph --><\/p>\n<p>&nbsp;<\/p>\n<p class=\"has-medium-font-size\">L\u2019axe \u00ab\u00a0<strong>instrumentation\u00a0<\/strong>\u00bb vise \u00e0 optimiser la mesure des signaux d\u2019imagerie et \u00e0 d\u00e9velopper de nouvelles sources de signal. Cette activit\u00e9 de recherche couvre la r\u00e9alisation de dispositifs de d\u00e9tection originaux ainsi que le d\u00e9veloppement de nouvelles m\u00e9thodes d&rsquo;acquisition. Les projets envisag\u00e9s dans le cadre du prochain quinquennal portent sur les th\u00e9matiques suivantes :<\/p>\n<p><!-- \/wp:paragraph --><\/p>\n<p><!-- wp:list --><\/p>\n<ul>\n<li><strong>Nouveaux concepts de capteurs radiofr\u00e9quence et am\u00e9lioration des syst\u00e8mes pour l\u2019IRM.<\/strong>\u00a0<\/li>\n<li><strong>Caract\u00e9risation des performances des r\u00e9seaux d\u2019antenne IRM souples monolithiques.<\/strong>\u00a0<\/li>\n<li><a href=\"http:\/\/www.biomaps.universite-paris-saclay.fr\/index.php\/developpements-methodologiques-ultrasonore-a-orsay\/\"><strong>D\u00e9veloppements m\u00e9thodologiques ultrasonores \u00e0 Orsay<\/strong><\/a><\/li>\n<\/ul>\n<p><!-- \/wp:list --><\/p>\n<p><!-- wp:heading --><!-- \/wp:list --><\/p>\t\t\t\t\t\t<\/div>\n\t\t\t\t<\/div>\n\t\t\t\t\t<\/div>\n\t\t<\/div>\n\t\t\t\t<div class=\"elementor-column elementor-col-50 elementor-top-column elementor-element elementor-element-e06b48a\" data-id=\"e06b48a\" data-element_type=\"column\">\n\t\t\t<div class=\"elementor-widget-wrap elementor-element-populated\">\n\t\t\t\t\t\t<div class=\"elementor-element elementor-element-1e2c71b elementor-widget elementor-widget-spacer\" data-id=\"1e2c71b\" data-element_type=\"widget\" data-widget_type=\"spacer.default\">\n\t\t\t\t<div class=\"elementor-widget-container\">\n\t\t\t\t\t<div class=\"elementor-spacer\">\n\t\t\t<div class=\"elementor-spacer-inner\"><\/div>\n\t\t<\/div>\n\t\t\t\t<\/div>\n\t\t\t\t<\/div>\n\t\t\t\t<div class=\"elementor-element elementor-element-3f88548 elementor-widget elementor-widget-image\" data-id=\"3f88548\" data-element_type=\"widget\" data-widget_type=\"image.default\">\n\t\t\t\t<div class=\"elementor-widget-container\">\n\t\t\t\t\t\t\t\t\t\t\t\t\t<img fetchpriority=\"high\" decoding=\"async\" width=\"428\" height=\"298\" src=\"https:\/\/www.biomaps.universite-paris-saclay.fr\/wp-content\/uploads\/2020\/04\/1.png\" class=\"attachment-full size-full wp-image-743\" alt=\"\" srcset=\"https:\/\/www.biomaps.universite-paris-saclay.fr\/wp-content\/uploads\/2020\/04\/1.png 428w, https:\/\/www.biomaps.universite-paris-saclay.fr\/wp-content\/uploads\/2020\/04\/1-150x104.png 150w\" sizes=\"(max-width: 428px) 100vw, 428px\" \/>\t\t\t\t\t\t\t\t\t\t\t\t\t<\/div>\n\t\t\t\t<\/div>\n\t\t\t\t\t<\/div>\n\t\t<\/div>\n\t\t\t\t\t<\/div>\n\t\t<\/section>\n\t\t\t\t<section class=\"elementor-section elementor-top-section elementor-element elementor-element-89e3054 elementor-section-boxed elementor-section-height-default elementor-section-height-default\" data-id=\"89e3054\" data-element_type=\"section\">\n\t\t\t\t\t\t<div class=\"elementor-container elementor-column-gap-default\">\n\t\t\t\t\t<div class=\"elementor-column elementor-col-50 elementor-top-column elementor-element elementor-element-211ea51\" data-id=\"211ea51\" data-element_type=\"column\">\n\t\t\t<div class=\"elementor-widget-wrap elementor-element-populated\">\n\t\t\t\t\t\t<div class=\"elementor-element elementor-element-722f64c elementor-widget elementor-widget-spacer\" data-id=\"722f64c\" data-element_type=\"widget\" data-widget_type=\"spacer.default\">\n\t\t\t\t<div class=\"elementor-widget-container\">\n\t\t\t\t\t<div class=\"elementor-spacer\">\n\t\t\t<div class=\"elementor-spacer-inner\"><\/div>\n\t\t<\/div>\n\t\t\t\t<\/div>\n\t\t\t\t<\/div>\n\t\t\t\t<div class=\"elementor-element elementor-element-8af384c elementor-widget elementor-widget-image\" data-id=\"8af384c\" data-element_type=\"widget\" data-widget_type=\"image.default\">\n\t\t\t\t<div class=\"elementor-widget-container\">\n\t\t\t\t\t\t\t\t\t\t\t\t\t<img decoding=\"async\" width=\"785\" height=\"314\" src=\"https:\/\/www.biomaps.universite-paris-saclay.fr\/wp-content\/uploads\/2020\/04\/pet.png\" class=\"attachment-full size-full wp-image-767\" alt=\"\" srcset=\"https:\/\/www.biomaps.universite-paris-saclay.fr\/wp-content\/uploads\/2020\/04\/pet.png 785w, https:\/\/www.biomaps.universite-paris-saclay.fr\/wp-content\/uploads\/2020\/04\/pet-150x60.png 150w, https:\/\/www.biomaps.universite-paris-saclay.fr\/wp-content\/uploads\/2020\/04\/pet-500x200.png 500w, https:\/\/www.biomaps.universite-paris-saclay.fr\/wp-content\/uploads\/2020\/04\/pet-768x307.png 768w\" sizes=\"(max-width: 785px) 100vw, 785px\" \/>\t\t\t\t\t\t\t\t\t\t\t\t\t<\/div>\n\t\t\t\t<\/div>\n\t\t\t\t\t<\/div>\n\t\t<\/div>\n\t\t\t\t<div class=\"elementor-column elementor-col-50 elementor-top-column elementor-element elementor-element-98f7e91\" data-id=\"98f7e91\" data-element_type=\"column\">\n\t\t\t<div class=\"elementor-widget-wrap elementor-element-populated\">\n\t\t\t\t\t\t<div class=\"elementor-element elementor-element-02bc89a elementor-widget elementor-widget-text-editor\" data-id=\"02bc89a\" data-element_type=\"widget\" data-widget_type=\"text-editor.default\">\n\t\t\t\t<div class=\"elementor-widget-container\">\n\t\t\t\t\t\t\t<p><!-- wp:heading --><!-- \/wp:paragraph -->\n\n<!-- wp:heading --><!-- \/wp:list -->\n\n<!-- wp:heading --><\/p>\n<h2>Axe 2. Signaux d\u2019imagerie<\/h2>\n<p><!-- \/wp:heading -->\n\n<!-- wp:paragraph --><\/p>\n<p class=\"has-medium-font-size\">La mise en \u00e9vidence des ph\u00e9nom\u00e8nes physiques et la manipulation des signaux permettant d\u2019am\u00e9liorer qualit\u00e9 des images constitue le deuxi\u00e8me axe de recherche de l\u2019\u00e9quipe. Par qualit\u00e9 des images, on entend sensibilit\u00e9 et sp\u00e9cificit\u00e9 mais \u00e9galement le caract\u00e8re quantitatif de l\u2019image qui est un \u00e9l\u00e9ment d\u00e9terminant pour l\u2019application en routine comme en recherche.<\/p>\n<p><!-- \/wp:paragraph -->\n\n<!-- wp:list --><\/p>\n<ul>\n<li><strong>Utilisation des signaux IRM pour am\u00e9liorer la qualit\u00e9 des images TEP.<\/strong>\u00a0<\/li>\n<li><a href=\"http:\/\/www.biomaps.universite-paris-saclay.fr\/index.php\/utilisation-de-signaux-multiparametriques-multimodaux-pour-la-caracterisation-in-vivo-de-processus-physiopathologiques-complexes-en-tep-irm\/\"><strong>Utilisation de signaux multiparam\u00e9triques multimodaux pour la caract\u00e9risation in vivo de processus physiopathologiques complexes en TEP-IRM.<\/strong>\u00a0<\/a><\/li>\n<li><strong><a href=\"http:\/\/www.biomaps.universite-paris-saclay.fr\/index.php\/elastographie-par-resonance-magnetique-et-ondes-de-pression-guidees\/\">Elastographie IRM<\/a> et ultrasonore<\/strong>.\u00a0<\/li>\n<li><strong>IRM de r\u00e9haussement de contraste.<\/strong>\u00a0<\/li>\n<li><a href=\"http:\/\/www.biomaps.universite-paris-saclay.fr\/index.php\/spirometrie-3d-par-irm\/\"><strong>Spirom\u00e9trie 3D par IRM<\/strong><\/a><\/li>\n<\/ul>\n<p><!-- \/wp:list -->\n\n<!-- wp:heading --><!-- \/wp:list --><\/p>\t\t\t\t\t\t<\/div>\n\t\t\t\t<\/div>\n\t\t\t\t\t<\/div>\n\t\t<\/div>\n\t\t\t\t\t<\/div>\n\t\t<\/section>\n\t\t\t\t<section class=\"elementor-section elementor-top-section elementor-element elementor-element-35f9192 elementor-section-boxed elementor-section-height-default elementor-section-height-default\" data-id=\"35f9192\" data-element_type=\"section\">\n\t\t\t\t\t\t<div class=\"elementor-container elementor-column-gap-default\">\n\t\t\t\t\t<div class=\"elementor-column elementor-col-50 elementor-top-column elementor-element elementor-element-63a4f98\" data-id=\"63a4f98\" data-element_type=\"column\">\n\t\t\t<div class=\"elementor-widget-wrap elementor-element-populated\">\n\t\t\t\t\t\t<div class=\"elementor-element elementor-element-0812d4b elementor-widget elementor-widget-text-editor\" data-id=\"0812d4b\" data-element_type=\"widget\" data-widget_type=\"text-editor.default\">\n\t\t\t\t<div class=\"elementor-widget-container\">\n\t\t\t\t\t\t\t<p><!-- wp:heading --><!-- \/wp:paragraph --><\/p>\n<p><!-- wp:heading --><\/p>\n<h2><b>Axe 3. Algorithmique<\/b><\/h2>\n<p><!-- \/wp:heading --><\/p>\n<p class=\"has-medium-font-size\">Le calcul num\u00e9rique constitue le troisi\u00e8me axe de recherche de l\u2019\u00e9quipe. Cette activit\u00e9 s\u2019articule principalement autour de deux logiciels libres permettant : la simulation des principes physiques utilis\u00e9s en imagerie et en th\u00e9rapie (<strong>GATE<\/strong>), la reconstruction tomographique d\u2019images multidimensionnelles et multiparam\u00e9triques (<strong><a href=\"https:\/\/castor-project.org\/\">CASToR<\/a><\/strong>).<\/p>\n<p><!-- \/wp:paragraph --><\/p>\n<p><!-- wp:list --><\/p>\n<ul>\n<li><a href=\"http:\/\/www.biomaps.universite-paris-saclay.fr\/index.php\/simulation-numerique-multimodale-gate\/\"><strong>Simulation num\u00e9rique multimodale GATE<\/strong><\/a>. <strong>Mod\u00e9lisation des processus physiques, physiologiques et de mesure de l\u2019information<\/strong>.<\/li>\n<li><a href=\"https:\/\/www.biomaps.universite-paris-saclay.fr\/index.php\/nouvelles-methodes-de-reconstruction-tomographique-tep\/\"><strong>Nouvelles m\u00e9thodes de reconstruction tomographique.<\/strong> <\/a><\/li>\n<li><strong><a href=\"http:\/\/www.biomaps.universite-paris-saclay.fr\/index.php\/conditionnement-de-lelastographie-par-resonance-magnetique\/\">Standardisation et optimisation de l&rsquo;\u00e9lastographie multimodale IRM<\/a> et ultrasonore<\/strong>.<\/li>\n<\/ul>\n<p><!-- \/wp:list --><\/p>\n<p><!-- wp:heading --><!-- \/wp:list --><\/p>\t\t\t\t\t\t<\/div>\n\t\t\t\t<\/div>\n\t\t\t\t\t<\/div>\n\t\t<\/div>\n\t\t\t\t<div class=\"elementor-column elementor-col-50 elementor-top-column elementor-element elementor-element-c3db971\" data-id=\"c3db971\" data-element_type=\"column\">\n\t\t\t<div class=\"elementor-widget-wrap elementor-element-populated\">\n\t\t\t\t\t\t<div class=\"elementor-element elementor-element-3193063 elementor-widget elementor-widget-spacer\" data-id=\"3193063\" data-element_type=\"widget\" data-widget_type=\"spacer.default\">\n\t\t\t\t<div class=\"elementor-widget-container\">\n\t\t\t\t\t<div class=\"elementor-spacer\">\n\t\t\t<div class=\"elementor-spacer-inner\"><\/div>\n\t\t<\/div>\n\t\t\t\t<\/div>\n\t\t\t\t<\/div>\n\t\t\t\t<div class=\"elementor-element elementor-element-fcbfc29 elementor-widget elementor-widget-image\" data-id=\"fcbfc29\" data-element_type=\"widget\" data-widget_type=\"image.default\">\n\t\t\t\t<div class=\"elementor-widget-container\">\n\t\t\t\t\t\t\t\t\t\t\t\t\t<img decoding=\"async\" width=\"863\" height=\"314\" src=\"https:\/\/www.biomaps.universite-paris-saclay.fr\/wp-content\/uploads\/2020\/03\/Gate.png\" class=\"attachment-full size-full wp-image-419\" alt=\"\" srcset=\"https:\/\/www.biomaps.universite-paris-saclay.fr\/wp-content\/uploads\/2020\/03\/Gate.png 863w, https:\/\/www.biomaps.universite-paris-saclay.fr\/wp-content\/uploads\/2020\/03\/Gate-150x55.png 150w, https:\/\/www.biomaps.universite-paris-saclay.fr\/wp-content\/uploads\/2020\/03\/Gate-500x182.png 500w, https:\/\/www.biomaps.universite-paris-saclay.fr\/wp-content\/uploads\/2020\/03\/Gate-768x279.png 768w\" sizes=\"(max-width: 863px) 100vw, 863px\" \/>\t\t\t\t\t\t\t\t\t\t\t\t\t<\/div>\n\t\t\t\t<\/div>\n\t\t\t\t\t<\/div>\n\t\t<\/div>\n\t\t\t\t\t<\/div>\n\t\t<\/section>\n\t\t\t\t<\/div>\n\t\t","protected":false},"excerpt":{"rendered":"<p>Pr\u00e9sentation de l\u2019\u00e9quipe Les activit\u00e9s de l&rsquo;\u00c9quipe \u00ab D\u00e9veloppements M\u00e9thodologiques et Instrumentation&nbsp;\u00bb s\u2019articulent autour des syst\u00e8mes d\u2019imagerie TEP, IRM, Ultrasons et Optique, consid\u00e9r\u00e9s ind\u00e9pendamment ou de mani\u00e8re multimodale, avec pour objectif commun \u00e0 l\u2019\u00e9quipe la cr\u00e9ation, le d\u00e9veloppement et la validation d\u2019instruments et de m\u00e9thodes d\u2019imagerie innovants transf\u00e9rables aux patients. Ces activit\u00e9s s\u2019organisent selon 3 [&hellip;]<\/p>\n","protected":false},"author":2,"featured_media":1733,"parent":0,"menu_order":0,"comment_status":"closed","ping_status":"closed","template":"","meta":{"footnotes":""},"guten_post_layout_featured_media_urls":{"full":["https:\/\/www.biomaps.universite-paris-saclay.fr\/wp-content\/uploads\/2021\/01\/Banner_H200.png",1190,200,false],"thumbnail":["https:\/\/www.biomaps.universite-paris-saclay.fr\/wp-content\/uploads\/2021\/01\/Banner_H200-100x100.png",100,100,true],"medium":["https:\/\/www.biomaps.universite-paris-saclay.fr\/wp-content\/uploads\/2021\/01\/Banner_H200-150x25.png",150,25,true],"medium_large":["https:\/\/www.biomaps.universite-paris-saclay.fr\/wp-content\/uploads\/2021\/01\/Banner_H200-768x129.png",640,108,true],"large":["https:\/\/www.biomaps.universite-paris-saclay.fr\/wp-content\/uploads\/2021\/01\/Banner_H200-500x84.png",500,84,true],"1536x1536":["https:\/\/www.biomaps.universite-paris-saclay.fr\/wp-content\/uploads\/2021\/01\/Banner_H200.png",1190,200,false],"2048x2048":["https:\/\/www.biomaps.universite-paris-saclay.fr\/wp-content\/uploads\/2021\/01\/Banner_H200.png",1190,200,false],"guten_post_layout_landscape_large":["https:\/\/www.biomaps.universite-paris-saclay.fr\/wp-content\/uploads\/2021\/01\/Banner_H200.png",1190,200,false],"guten_post_layout_portrait_large":["https:\/\/www.biomaps.universite-paris-saclay.fr\/wp-content\/uploads\/2021\/01\/Banner_H200.png",1190,200,false],"guten_post_layout_square_large":["https:\/\/www.biomaps.universite-paris-saclay.fr\/wp-content\/uploads\/2021\/01\/Banner_H200.png",1190,200,false],"guten_post_layout_landscape":["https:\/\/www.biomaps.universite-paris-saclay.fr\/wp-content\/uploads\/2021\/01\/Banner_H200-600x200.png",600,200,true],"guten_post_layout_portrait":["https:\/\/www.biomaps.universite-paris-saclay.fr\/wp-content\/uploads\/2021\/01\/Banner_H200-600x200.png",600,200,true],"guten_post_layout_square":["https:\/\/www.biomaps.universite-paris-saclay.fr\/wp-content\/uploads\/2021\/01\/Banner_H200-600x200.png",600,200,true],"sciencex-single-team-thumb":["https:\/\/www.biomaps.universite-paris-saclay.fr\/wp-content\/uploads\/2021\/01\/Banner_H200-360x200.png",360,200,true],"sciencex-team-thumbnail":["https:\/\/www.biomaps.universite-paris-saclay.fr\/wp-content\/uploads\/2021\/01\/Banner_H200-263x200.png",263,200,true],"sciencex-event-thumbnail":["https:\/\/www.biomaps.universite-paris-saclay.fr\/wp-content\/uploads\/2021\/01\/Banner_H200-555x200.png",555,200,true],"sciencex-event-gallery-thumb":["https:\/\/www.biomaps.universite-paris-saclay.fr\/wp-content\/uploads\/2021\/01\/Banner_H200-227x168.png",227,168,true],"sciencex-blog-thumb":["https:\/\/www.biomaps.universite-paris-saclay.fr\/wp-content\/uploads\/2021\/01\/Banner_H200-100x80.png",100,80,true]},"_links":{"self":[{"href":"https:\/\/www.biomaps.universite-paris-saclay.fr\/index.php\/wp-json\/wp\/v2\/pages\/58"}],"collection":[{"href":"https:\/\/www.biomaps.universite-paris-saclay.fr\/index.php\/wp-json\/wp\/v2\/pages"}],"about":[{"href":"https:\/\/www.biomaps.universite-paris-saclay.fr\/index.php\/wp-json\/wp\/v2\/types\/page"}],"author":[{"embeddable":true,"href":"https:\/\/www.biomaps.universite-paris-saclay.fr\/index.php\/wp-json\/wp\/v2\/users\/2"}],"replies":[{"embeddable":true,"href":"https:\/\/www.biomaps.universite-paris-saclay.fr\/index.php\/wp-json\/wp\/v2\/comments?post=58"}],"version-history":[{"count":68,"href":"https:\/\/www.biomaps.universite-paris-saclay.fr\/index.php\/wp-json\/wp\/v2\/pages\/58\/revisions"}],"predecessor-version":[{"id":6021,"href":"https:\/\/www.biomaps.universite-paris-saclay.fr\/index.php\/wp-json\/wp\/v2\/pages\/58\/revisions\/6021"}],"wp:featuredmedia":[{"embeddable":true,"href":"https:\/\/www.biomaps.universite-paris-saclay.fr\/index.php\/wp-json\/wp\/v2\/media\/1733"}],"wp:attachment":[{"href":"https:\/\/www.biomaps.universite-paris-saclay.fr\/index.php\/wp-json\/wp\/v2\/media?parent=58"}],"curies":[{"name":"wp","href":"https:\/\/api.w.org\/{rel}","templated":true}]}}