{"id":537,"date":"2020-04-10T16:09:06","date_gmt":"2020-04-10T14:09:06","guid":{"rendered":"http:\/\/www.biomaps.universite-paris-saclay.fr\/?page_id=537"},"modified":"2023-02-13T09:25:15","modified_gmt":"2023-02-13T08:25:15","slug":"plateau-ultrasons","status":"publish","type":"page","link":"https:\/\/www.biomaps.universite-paris-saclay.fr\/index.php\/plateau-ultrasons\/","title":{"rendered":"Plateau Ultrasons IGR"},"content":{"rendered":"\t\t<div data-elementor-type=\"wp-page\" data-elementor-id=\"537\" class=\"elementor elementor-537\" data-elementor-post-type=\"page\">\n\t\t\t\t\t\t<section class=\"elementor-section elementor-top-section elementor-element elementor-element-2dd4488 elementor-section-stretched elementor-section-boxed elementor-section-height-default elementor-section-height-default\" data-id=\"2dd4488\" data-element_type=\"section\" data-settings=\"{&quot;stretch_section&quot;:&quot;section-stretched&quot;}\">\n\t\t\t\t\t\t<div class=\"elementor-container elementor-column-gap-wide\">\n\t\t\t\t\t<div class=\"elementor-column elementor-col-33 elementor-top-column elementor-element elementor-element-0c93a21\" data-id=\"0c93a21\" data-element_type=\"column\">\n\t\t\t<div class=\"elementor-widget-wrap elementor-element-populated\">\n\t\t\t\t\t\t<div class=\"elementor-element elementor-element-ca26a9d elementor-widget elementor-widget-image\" data-id=\"ca26a9d\" data-element_type=\"widget\" data-widget_type=\"image.default\">\n\t\t\t\t<div class=\"elementor-widget-container\">\n\t\t\t\t\t\t\t\t\t\t\t\t\t<img fetchpriority=\"high\" decoding=\"async\" width=\"496\" height=\"626\" src=\"https:\/\/www.biomaps.universite-paris-saclay.fr\/wp-content\/uploads\/2020\/04\/VEVO.jpg\" class=\"attachment-full size-full wp-image-540\" alt=\"\" srcset=\"https:\/\/www.biomaps.universite-paris-saclay.fr\/wp-content\/uploads\/2020\/04\/VEVO.jpg 496w, https:\/\/www.biomaps.universite-paris-saclay.fr\/wp-content\/uploads\/2020\/04\/VEVO-119x150.jpg 119w, https:\/\/www.biomaps.universite-paris-saclay.fr\/wp-content\/uploads\/2020\/04\/VEVO-396x500.jpg 396w\" sizes=\"(max-width: 496px) 100vw, 496px\" \/>\t\t\t\t\t\t\t\t\t\t\t\t\t<\/div>\n\t\t\t\t<\/div>\n\t\t\t\t\t<\/div>\n\t\t<\/div>\n\t\t\t\t<div class=\"elementor-column elementor-col-66 elementor-top-column elementor-element elementor-element-f54ee66\" data-id=\"f54ee66\" data-element_type=\"column\">\n\t\t\t<div class=\"elementor-widget-wrap elementor-element-populated\">\n\t\t\t\t\t\t<div class=\"elementor-element elementor-element-d96d1fc elementor-widget elementor-widget-text-editor\" data-id=\"d96d1fc\" data-element_type=\"widget\" data-widget_type=\"text-editor.default\">\n\t\t\t\t<div class=\"elementor-widget-container\">\n\t\t\t\t\t\t\t<p><span style=\"font-size: large;\">Le <strong>Plateau <\/strong><strong>ultrasonore<\/strong> est un plateau technique <strong>d\u00e9di\u00e9 \u00e0 la recherche et aux d\u00e9veloppements m\u00e9thodologiques<\/strong> en imagerie anatomique et fonctionnelle. Il est implant\u00e9 au c\u0153ur des laboratoires de recherche sur le site de Gustave Roussy, au niveau du pavillon de recherche 1.<\/span><\/p><p><span style=\"font-size: large;\">Le plateau est \u00e9quip\u00e9 de plusieurs \u00e9chographes d\u00e9di\u00e9s respectivement \u00e0 la r\u00e9alisation de protocoles dans le domaine de la canc\u00e9rologie et \u00e0 des d\u00e9veloppements m\u00e9thodologiques pour caract\u00e9riser la microvascularisation tumorale. L\u2019\u00e9quipe propose une aide mat\u00e9rielle et scientifique aux \u00e9quipes de recherche et partenaires acad\u00e9miques ou industriels souhaitant mettre \u00e0 profit les comp\u00e9tences du laboratoire en imagerie et en canc\u00e9rologie.<\/span><\/p><p><span style=\"font-size: large;\">Le plateau ultrasonore est ouvert aux \u00e9quipes de recherche de toutes appartenances (organismes de recherche, industrie, universit\u00e9s&#8230;) afin de d\u00e9velopper des m\u00e9thodes originales d\u2019imagerie et\/ou de conduire des protocoles d\u2019imagerie \u00e9chographiques. Il d\u00e9pend sur les plans scientifique et m\u00e9thodologique de BIOMAPS. Le plateau dispose \u00e9galement d\u2019une salle de traitement d\u2019images et de stations pour l\u2019analyse des donn\u00e9es brutes d\u2019images \u00e9chographiques.<\/span><\/p>\t\t\t\t\t\t<\/div>\n\t\t\t\t<\/div>\n\t\t\t\t\t<\/div>\n\t\t<\/div>\n\t\t\t\t\t<\/div>\n\t\t<\/section>\n\t\t\t\t<section class=\"elementor-section elementor-top-section elementor-element elementor-element-06746e5 elementor-section-boxed elementor-section-height-default elementor-section-height-default\" data-id=\"06746e5\" data-element_type=\"section\">\n\t\t\t\t\t\t<div class=\"elementor-container elementor-column-gap-default\">\n\t\t\t\t\t<div class=\"elementor-column elementor-col-100 elementor-top-column elementor-element elementor-element-9024d89\" data-id=\"9024d89\" data-element_type=\"column\">\n\t\t\t<div class=\"elementor-widget-wrap elementor-element-populated\">\n\t\t\t\t\t\t<div class=\"elementor-element elementor-element-b4aefb4 elementor-widget-divider--view-line elementor-widget elementor-widget-divider\" data-id=\"b4aefb4\" data-element_type=\"widget\" data-widget_type=\"divider.default\">\n\t\t\t\t<div class=\"elementor-widget-container\">\n\t\t\t\t\t<div class=\"elementor-divider\">\n\t\t\t<span class=\"elementor-divider-separator\">\n\t\t\t\t\t\t<\/span>\n\t\t<\/div>\n\t\t\t\t<\/div>\n\t\t\t\t<\/div>\n\t\t\t\t\t<\/div>\n\t\t<\/div>\n\t\t\t\t\t<\/div>\n\t\t<\/section>\n\t\t\t\t<section class=\"elementor-section elementor-top-section elementor-element elementor-element-9455971 elementor-section-stretched elementor-section-boxed elementor-section-height-default elementor-section-height-default\" data-id=\"9455971\" data-element_type=\"section\" data-settings=\"{&quot;stretch_section&quot;:&quot;section-stretched&quot;}\">\n\t\t\t\t\t\t<div class=\"elementor-container elementor-column-gap-default\">\n\t\t\t\t\t<div class=\"elementor-column elementor-col-50 elementor-top-column elementor-element elementor-element-3554a41\" data-id=\"3554a41\" data-element_type=\"column\">\n\t\t\t<div class=\"elementor-widget-wrap elementor-element-populated\">\n\t\t\t\t\t\t<div class=\"elementor-element elementor-element-722cdba elementor-widget elementor-widget-text-editor\" data-id=\"722cdba\" data-element_type=\"widget\" data-widget_type=\"text-editor.default\">\n\t\t\t\t<div class=\"elementor-widget-container\">\n\t\t\t\t\t\t\t<h3>Mat\u00e9riels \u00e0 disposition<\/h3><ul><li><strong>Echographe APLIO SSA-700A (Toshiba) et \u00e9chographe XV (Toshiba)<\/strong><ul><li>Sondes lin\u00e9aires 2D\u00a0: 12 MHz (1204AT), 12 MHz (1202S), 6 MHz (604AT)<\/li><li>Sonde convexe 2D\u00a0: 3.5 MHz (375AT)<\/li><\/ul><\/li><\/ul><ul><li><strong>Echographe APLIO XG (Toshiba)<\/strong><ul><li>Sondes 3D\u00a0: 3.5 MHz (382MV), 12 MHz (1204MV)<\/li><\/ul><\/li><\/ul><ul><li><strong>Echographe VEVO 2100 (Visualsonics)<\/strong><ul><li>Sondes lin\u00e9aires 2D\u00a0: 13-24 MHz (MS250), 32-56 MHz (MS550S)<\/li><li>VEVO Imaging Station avec moteur pour acquisitions 3D<\/li><li>Mesures et enregistrement des param\u00e8tres physiologiques<\/li><li>Imagerie de contraste et imagerie mol\u00e9culaire<\/li><\/ul><\/li><\/ul><ul><li><strong>Mat\u00e9riels associ\u00e9s<\/strong><ul><li>Syst\u00e8me d\u2019anesth\u00e9sie mobile TEC-7 ANESTEO (par inhalation d\u2019isoflurane)<\/li><li>Syst\u00e8me de surveillance des signaux physiologiques\u00a0<\/li><li>Hotte de manipulation en vis \u00e0 vis<\/li><li>Table chauffante\u00a0<\/li><li>Appareil de mesure des pressions interstitielles (Samba 3000) et des pressions partielles en oxyg\u00e8ne (Oxylite)<\/li><\/ul><\/li><\/ul><ul><li>Stations de travail avec logiciels de quantification de la perfusion<\/li><li>Logiciels de traitement d\u2019images<\/li><\/ul><div><h3>Comp\u00e9tences et services propos\u00e9s<\/h3><\/div><div><ul><li>Echographie : imagerie anatomique et fonctionnelle haute r\u00e9solution, imagerie mol\u00e9culaire<\/li><li>D\u00e9tection et quantification de la microvascularisation et de la perfusion tumorale avec logiciels d\u00e9di\u00e9s<\/li><li>R\u00e9daction et r\u00e9alisation de protocoles\u00a0<\/li><li>R\u00e9daction des projets \u00e9thiques<\/li><li>Imagerie quantitative, acquisitions, traitement et analyse de donn\u00e9es (images, statistiques\u2026), interpr\u00e9tation<\/li><li>Acc\u00e8s \u00e0 de nombreux et divers mod\u00e8les tumoraux (sous-cutan\u00e9, orthotopique, injection intra-cardiaque)<\/li><\/ul><\/div>\t\t\t\t\t\t<\/div>\n\t\t\t\t<\/div>\n\t\t\t\t\t<\/div>\n\t\t<\/div>\n\t\t\t\t<div class=\"elementor-column elementor-col-50 elementor-top-column elementor-element elementor-element-676c0a4\" data-id=\"676c0a4\" data-element_type=\"column\">\n\t\t\t<div class=\"elementor-widget-wrap elementor-element-populated\">\n\t\t\t\t\t\t<div class=\"elementor-element elementor-element-da80a39 elementor-widget elementor-widget-image\" data-id=\"da80a39\" data-element_type=\"widget\" data-widget_type=\"image.default\">\n\t\t\t\t<div class=\"elementor-widget-container\">\n\t\t\t\t\t\t\t\t\t\t<figure class=\"wp-caption\">\n\t\t\t\t\t\t\t\t\t\t<img decoding=\"async\" width=\"500\" height=\"333\" src=\"https:\/\/www.biomaps.universite-paris-saclay.fr\/wp-content\/uploads\/2020\/04\/dsc_0027-500x333.jpg\" class=\"attachment-large size-large wp-image-542\" alt=\"\" srcset=\"https:\/\/www.biomaps.universite-paris-saclay.fr\/wp-content\/uploads\/2020\/04\/dsc_0027-500x333.jpg 500w, https:\/\/www.biomaps.universite-paris-saclay.fr\/wp-content\/uploads\/2020\/04\/dsc_0027-150x100.jpg 150w, https:\/\/www.biomaps.universite-paris-saclay.fr\/wp-content\/uploads\/2020\/04\/dsc_0027-768x512.jpg 768w, https:\/\/www.biomaps.universite-paris-saclay.fr\/wp-content\/uploads\/2020\/04\/dsc_0027-600x400.jpg 600w, https:\/\/www.biomaps.universite-paris-saclay.fr\/wp-content\/uploads\/2020\/04\/dsc_0027-555x370.jpg 555w, https:\/\/www.biomaps.universite-paris-saclay.fr\/wp-content\/uploads\/2020\/04\/dsc_0027.jpg 1181w\" sizes=\"(max-width: 500px) 100vw, 500px\" \/>\t\t\t\t\t\t\t\t\t\t\t<figcaption class=\"widget-image-caption wp-caption-text\"><\/figcaption>\n\t\t\t\t\t\t\t\t\t\t<\/figure>\n\t\t\t\t\t\t\t<\/div>\n\t\t\t\t<\/div>\n\t\t\t\t<div class=\"elementor-element elementor-element-54ec3a9 elementor-widget elementor-widget-image\" data-id=\"54ec3a9\" data-element_type=\"widget\" data-widget_type=\"image.default\">\n\t\t\t\t<div class=\"elementor-widget-container\">\n\t\t\t\t\t\t\t\t\t\t<figure class=\"wp-caption\">\n\t\t\t\t\t\t\t\t\t\t<img decoding=\"async\" width=\"500\" height=\"333\" src=\"https:\/\/www.biomaps.universite-paris-saclay.fr\/wp-content\/uploads\/2020\/04\/dsc_0006-500x333.jpg\" class=\"attachment-large size-large wp-image-541\" alt=\"\" srcset=\"https:\/\/www.biomaps.universite-paris-saclay.fr\/wp-content\/uploads\/2020\/04\/dsc_0006-500x333.jpg 500w, https:\/\/www.biomaps.universite-paris-saclay.fr\/wp-content\/uploads\/2020\/04\/dsc_0006-150x100.jpg 150w, https:\/\/www.biomaps.universite-paris-saclay.fr\/wp-content\/uploads\/2020\/04\/dsc_0006-768x512.jpg 768w, https:\/\/www.biomaps.universite-paris-saclay.fr\/wp-content\/uploads\/2020\/04\/dsc_0006-600x400.jpg 600w, https:\/\/www.biomaps.universite-paris-saclay.fr\/wp-content\/uploads\/2020\/04\/dsc_0006-555x370.jpg 555w, https:\/\/www.biomaps.universite-paris-saclay.fr\/wp-content\/uploads\/2020\/04\/dsc_0006.jpg 1181w\" sizes=\"(max-width: 500px) 100vw, 500px\" \/>\t\t\t\t\t\t\t\t\t\t\t<figcaption class=\"widget-image-caption wp-caption-text\"><\/figcaption>\n\t\t\t\t\t\t\t\t\t\t<\/figure>\n\t\t\t\t\t\t\t<\/div>\n\t\t\t\t<\/div>\n\t\t\t\t<div class=\"elementor-element elementor-element-ad5b4a2 elementor-widget elementor-widget-heading\" data-id=\"ad5b4a2\" data-element_type=\"widget\" data-widget_type=\"heading.default\">\n\t\t\t\t<div class=\"elementor-widget-container\">\n\t\t\t<h2 class=\"elementor-heading-title elementor-size-default\">Contact et acc\u00e8s<\/h2>\t\t<\/div>\n\t\t\t\t<\/div>\n\t\t\t\t<section class=\"elementor-section elementor-inner-section elementor-element elementor-element-1cc520d elementor-section-boxed elementor-section-height-default elementor-section-height-default\" data-id=\"1cc520d\" data-element_type=\"section\">\n\t\t\t\t\t\t<div class=\"elementor-container elementor-column-gap-default\">\n\t\t\t\t\t<div class=\"elementor-column elementor-col-100 elementor-inner-column elementor-element elementor-element-8421166\" data-id=\"8421166\" data-element_type=\"column\">\n\t\t\t<div class=\"elementor-widget-wrap elementor-element-populated\">\n\t\t\t\t\t\t<div class=\"elementor-element elementor-element-3a8fb54 elementor-widget elementor-widget-text-editor\" data-id=\"3a8fb54\" data-element_type=\"widget\" data-widget_type=\"text-editor.default\">\n\t\t\t\t<div class=\"elementor-widget-container\">\n\t\t\t\t\t\t\t<p><b>Demande d\u2019acc\u00e8s :<\/b><br \/>Prendre contact avec les responsables de la plateforme\u00a0<\/p><p>Suivant les th\u00e9matiques de votre projet et vos besoins, une premi\u00e8re rencontre sera organis\u00e9e entre votre \u00e9quipe et les chercheurs de BIOMAPS afin de d\u00e9finir la strat\u00e9gie scientifique. Un protocole sera ensuite propos\u00e9 et mis au point entre les partenaires. Des s\u00e9ances d&rsquo;essai pr\u00e9alables peuvent \u00eatre programm\u00e9es si n\u00e9cessaire.<\/p><p><b>Contacts:<\/b><\/p><p><b>\u00a0<\/b><\/p><table class=\"spip\"><tbody><tr class=\"row_odd odd\"><td>\u00a0<strong>Responsable scientifique<br \/><\/strong><a href=\"mailto:nathalie.lassau@gustaveroussy.fr\">Nathalie Lassau<\/a><\/td><td><p><strong>Responsable technique<br \/><\/strong><a href=\"mailto:Ingrid.LEGUERNEY@gustaveroussy.fr\">Ingrid Leguerney<\/a><\/p><p>01 42 11 48 26<\/p><\/td><\/tr><\/tbody><\/table>\t\t\t\t\t\t<\/div>\n\t\t\t\t<\/div>\n\t\t\t\t\t<\/div>\n\t\t<\/div>\n\t\t\t\t\t<\/div>\n\t\t<\/section>\n\t\t\t\t\t<\/div>\n\t\t<\/div>\n\t\t\t\t\t<\/div>\n\t\t<\/section>\n\t\t\t\t<\/div>\n\t\t","protected":false},"excerpt":{"rendered":"<p>Le Plateau ultrasonore est un plateau technique d\u00e9di\u00e9 \u00e0 la recherche et aux d\u00e9veloppements m\u00e9thodologiques en imagerie anatomique et fonctionnelle. Il est implant\u00e9 au c\u0153ur des laboratoires de recherche sur le site de Gustave Roussy, au niveau du pavillon de recherche 1. Le plateau est \u00e9quip\u00e9 de plusieurs \u00e9chographes d\u00e9di\u00e9s respectivement \u00e0 la r\u00e9alisation de [&hellip;]<\/p>\n","protected":false},"author":2,"featured_media":615,"parent":0,"menu_order":0,"comment_status":"closed","ping_status":"closed","template":"","meta":{"footnotes":""},"guten_post_layout_featured_media_urls":{"full":["https:\/\/www.biomaps.universite-paris-saclay.fr\/wp-content\/uploads\/2020\/04\/Footer-e1609957375858.png",750,126,false],"thumbnail":["https:\/\/www.biomaps.universite-paris-saclay.fr\/wp-content\/uploads\/2020\/04\/Footer-100x100.png",100,100,true],"medium":["https:\/\/www.biomaps.universite-paris-saclay.fr\/wp-content\/uploads\/2020\/04\/Footer-150x25.png",150,25,true],"medium_large":["https:\/\/www.biomaps.universite-paris-saclay.fr\/wp-content\/uploads\/2020\/04\/Footer-768x129.png",640,108,true],"large":["https:\/\/www.biomaps.universite-paris-saclay.fr\/wp-content\/uploads\/2020\/04\/Footer-500x84.png",500,84,true],"1536x1536":["https:\/\/www.biomaps.universite-paris-saclay.fr\/wp-content\/uploads\/2020\/04\/Footer-1536x257.png",1536,257,true],"2048x2048":["https:\/\/www.biomaps.universite-paris-saclay.fr\/wp-content\/uploads\/2020\/04\/Footer-e1609957375858.png",750,126,false],"guten_post_layout_landscape_large":["https:\/\/www.biomaps.universite-paris-saclay.fr\/wp-content\/uploads\/2020\/04\/Footer-1200x318.png",1200,318,true],"guten_post_layout_portrait_large":["https:\/\/www.biomaps.universite-paris-saclay.fr\/wp-content\/uploads\/2020\/04\/Footer-1200x318.png",1200,318,true],"guten_post_layout_square_large":["https:\/\/www.biomaps.universite-paris-saclay.fr\/wp-content\/uploads\/2020\/04\/Footer-1200x318.png",1200,318,true],"guten_post_layout_landscape":["https:\/\/www.biomaps.universite-paris-saclay.fr\/wp-content\/uploads\/2020\/04\/Footer-600x318.png",600,318,true],"guten_post_layout_portrait":["https:\/\/www.biomaps.universite-paris-saclay.fr\/wp-content\/uploads\/2020\/04\/Footer-600x318.png",600,318,true],"guten_post_layout_square":["https:\/\/www.biomaps.universite-paris-saclay.fr\/wp-content\/uploads\/2020\/04\/Footer-600x318.png",600,318,true],"sciencex-single-team-thumb":["https:\/\/www.biomaps.universite-paris-saclay.fr\/wp-content\/uploads\/2020\/04\/Footer-360x270.png",360,270,true],"sciencex-team-thumbnail":["https:\/\/www.biomaps.universite-paris-saclay.fr\/wp-content\/uploads\/2020\/04\/Footer-263x216.png",263,216,true],"sciencex-event-thumbnail":["https:\/\/www.biomaps.universite-paris-saclay.fr\/wp-content\/uploads\/2020\/04\/Footer-555x318.png",555,318,true],"sciencex-event-gallery-thumb":["https:\/\/www.biomaps.universite-paris-saclay.fr\/wp-content\/uploads\/2020\/04\/Footer-227x168.png",227,168,true],"sciencex-blog-thumb":["https:\/\/www.biomaps.universite-paris-saclay.fr\/wp-content\/uploads\/2020\/04\/Footer-100x80.png",100,80,true]},"_links":{"self":[{"href":"https:\/\/www.biomaps.universite-paris-saclay.fr\/index.php\/wp-json\/wp\/v2\/pages\/537"}],"collection":[{"href":"https:\/\/www.biomaps.universite-paris-saclay.fr\/index.php\/wp-json\/wp\/v2\/pages"}],"about":[{"href":"https:\/\/www.biomaps.universite-paris-saclay.fr\/index.php\/wp-json\/wp\/v2\/types\/page"}],"author":[{"embeddable":true,"href":"https:\/\/www.biomaps.universite-paris-saclay.fr\/index.php\/wp-json\/wp\/v2\/users\/2"}],"replies":[{"embeddable":true,"href":"https:\/\/www.biomaps.universite-paris-saclay.fr\/index.php\/wp-json\/wp\/v2\/comments?post=537"}],"version-history":[{"count":9,"href":"https:\/\/www.biomaps.universite-paris-saclay.fr\/index.php\/wp-json\/wp\/v2\/pages\/537\/revisions"}],"predecessor-version":[{"id":4726,"href":"https:\/\/www.biomaps.universite-paris-saclay.fr\/index.php\/wp-json\/wp\/v2\/pages\/537\/revisions\/4726"}],"wp:featuredmedia":[{"embeddable":true,"href":"https:\/\/www.biomaps.universite-paris-saclay.fr\/index.php\/wp-json\/wp\/v2\/media\/615"}],"wp:attachment":[{"href":"https:\/\/www.biomaps.universite-paris-saclay.fr\/index.php\/wp-json\/wp\/v2\/media?parent=537"}],"curies":[{"name":"wp","href":"https:\/\/api.w.org\/{rel}","templated":true}]}}