{"id":507,"date":"2020-04-09T11:41:18","date_gmt":"2020-04-09T09:41:18","guid":{"rendered":"http:\/\/www.biomaps.universite-paris-saclay.fr\/?page_id=507"},"modified":"2026-03-12T15:14:07","modified_gmt":"2026-03-12T14:14:07","slug":"plateau-irm-055t","status":"publish","type":"page","link":"https:\/\/www.biomaps.universite-paris-saclay.fr\/index.php\/plateau-irm-055t\/","title":{"rendered":"Plateau IRM 0,55T"},"content":{"rendered":"\t\t<div data-elementor-type=\"wp-page\" data-elementor-id=\"507\" class=\"elementor elementor-507\" data-elementor-post-type=\"page\">\n\t\t\t\t\t\t<section class=\"elementor-section elementor-top-section elementor-element elementor-element-862644c elementor-section-stretched elementor-section-boxed elementor-section-height-default elementor-section-height-default\" data-id=\"862644c\" data-element_type=\"section\" data-settings=\"{&quot;stretch_section&quot;:&quot;section-stretched&quot;}\">\n\t\t\t\t\t\t<div class=\"elementor-container elementor-column-gap-wide\">\n\t\t\t\t\t<div class=\"elementor-column elementor-col-33 elementor-top-column elementor-element elementor-element-a58eaf9\" data-id=\"a58eaf9\" data-element_type=\"column\">\n\t\t\t<div class=\"elementor-widget-wrap elementor-element-populated\">\n\t\t\t\t\t\t<div class=\"elementor-element elementor-element-1707ab9 elementor-widget elementor-widget-image\" data-id=\"1707ab9\" data-element_type=\"widget\" data-widget_type=\"image.default\">\n\t\t\t\t<div class=\"elementor-widget-container\">\n\t\t\t\t\t\t\t\t\t\t\t\t\t<img fetchpriority=\"high\" decoding=\"async\" width=\"500\" height=\"344\" src=\"https:\/\/www.biomaps.universite-paris-saclay.fr\/wp-content\/uploads\/2026\/03\/20251204_145437-500x344.png\" class=\"attachment-large size-large wp-image-5974\" alt=\"\" srcset=\"https:\/\/www.biomaps.universite-paris-saclay.fr\/wp-content\/uploads\/2026\/03\/20251204_145437-500x344.png 500w, https:\/\/www.biomaps.universite-paris-saclay.fr\/wp-content\/uploads\/2026\/03\/20251204_145437-150x103.png 150w, https:\/\/www.biomaps.universite-paris-saclay.fr\/wp-content\/uploads\/2026\/03\/20251204_145437-768x528.png 768w, https:\/\/www.biomaps.universite-paris-saclay.fr\/wp-content\/uploads\/2026\/03\/20251204_145437-1536x1056.png 1536w, https:\/\/www.biomaps.universite-paris-saclay.fr\/wp-content\/uploads\/2026\/03\/20251204_145437-2048x1407.png 2048w\" sizes=\"(max-width: 500px) 100vw, 500px\" \/>\t\t\t\t\t\t\t\t\t\t\t\t\t<\/div>\n\t\t\t\t<\/div>\n\t\t\t\t<div class=\"elementor-element elementor-element-e7c2a7a elementor-widget elementor-widget-image\" data-id=\"e7c2a7a\" data-element_type=\"widget\" data-widget_type=\"image.default\">\n\t\t\t\t<div class=\"elementor-widget-container\">\n\t\t\t\t\t\t\t\t\t\t\t\t\t<img decoding=\"async\" width=\"1960\" height=\"2377\" src=\"https:\/\/www.biomaps.universite-paris-saclay.fr\/wp-content\/uploads\/2025\/12\/PlanTunnel1.2.jpg\" class=\"attachment-full size-full wp-image-5925\" alt=\"\" srcset=\"https:\/\/www.biomaps.universite-paris-saclay.fr\/wp-content\/uploads\/2025\/12\/PlanTunnel1.2.jpg 1960w, https:\/\/www.biomaps.universite-paris-saclay.fr\/wp-content\/uploads\/2025\/12\/PlanTunnel1.2-124x150.jpg 124w, https:\/\/www.biomaps.universite-paris-saclay.fr\/wp-content\/uploads\/2025\/12\/PlanTunnel1.2-412x500.jpg 412w, https:\/\/www.biomaps.universite-paris-saclay.fr\/wp-content\/uploads\/2025\/12\/PlanTunnel1.2-768x931.jpg 768w, https:\/\/www.biomaps.universite-paris-saclay.fr\/wp-content\/uploads\/2025\/12\/PlanTunnel1.2-1267x1536.jpg 1267w, https:\/\/www.biomaps.universite-paris-saclay.fr\/wp-content\/uploads\/2025\/12\/PlanTunnel1.2-1689x2048.jpg 1689w\" sizes=\"(max-width: 1960px) 100vw, 1960px\" \/>\t\t\t\t\t\t\t\t\t\t\t\t\t<\/div>\n\t\t\t\t<\/div>\n\t\t\t\t\t<\/div>\n\t\t<\/div>\n\t\t\t\t<div class=\"elementor-column elementor-col-66 elementor-top-column elementor-element elementor-element-a485908\" data-id=\"a485908\" data-element_type=\"column\">\n\t\t\t<div class=\"elementor-widget-wrap elementor-element-populated\">\n\t\t\t\t\t\t<div class=\"elementor-element elementor-element-b66e7a9 elementor-widget elementor-widget-text-editor\" data-id=\"b66e7a9\" data-element_type=\"widget\" data-widget_type=\"text-editor.default\">\n\t\t\t\t<div class=\"elementor-widget-container\">\n\t\t\t\t\t\t\t<p>L\u2019IRM 0.55T FreeMax permet l\u2019imagerie anatomique de la t\u00eate et du cou, du rachis, du thorax, de l\u2019abdomen, du genoux, coude, \u00e9paule.<\/p>\n<p>Le principal atout de cet IRM r\u00e9side en ces <strong>contrastes <\/strong>propres au bas champ, rendant accessible l\u2019exploration de r\u00e9gions habituellement difficiles \u00e0 sonder telles que celles impact\u00e9es par l\u2019h\u00e9t\u00e9rog\u00e9n\u00e9it\u00e9 due aux susceptibilit\u00e9s magn\u00e9tiques (poumon, zone avec implants magn\u00e9tiques)<\/p>\n<p>Sa <strong>grande ouverture de 80&nbsp;cm<\/strong> de diam\u00e8tre, contre 60&nbsp;cm ou 70 cm habituellement, favorise l\u2019accueil d\u2019une population vari\u00e9e, incluant les personnes claustrophobes ou \u00e0 forte corpulence.<\/p>\n<p>Le plateau IRM bas-champ 0.55T, r\u00e9serv\u00e9e \u00e0 la recherche clinique, pr\u00e9sente l\u2019avantage de pouvoir passer des cohortes en journ\u00e9e. Il est ouvert \u00e0 la collaboration et \u00e0 la prestation.<\/p>\n<p>Il appartient \u00e0 la plateforme d\u2019imagerie translationnelle du SHFJ, adoss\u00e9e au service de m\u00e9decine nucl\u00e9aire, permettant ainsi un accueil appropri\u00e9 \u00e0 un examen clinique. La diversit\u00e9 d\u2019imageurs de cette plateforme lab\u00e9lis\u00e9e IBISA facilite les \u00e9tudes multimodales (IRM, US, \u2026).<\/p>\n<p><\/p>\n<p><\/p><center><strong>L&rsquo;inauguration de cet \u00e9quipement a eu lieu le 20 f\u00e9vrier 2026<\/strong> lors&nbsp;d&rsquo;une matin\u00e9e de pr\u00e9sentations scientifiques et de visite du plateau IRM 0,55T.<\/center><p><\/p>\n<p><\/p><center><a href=\"https:\/\/www.pasrel.universite-paris-saclay.fr\/actualites\/inauguration-de-lirm-magnetom-free-max-055-t-biomaps-shfj\/\">Retrouvez tous les d\u00e9tails de cet \u00e9v\u00e8nement en cliquant ici !<\/a><\/center><p><\/p>\t\t\t\t\t\t<\/div>\n\t\t\t\t<\/div>\n\t\t\t\t\t<\/div>\n\t\t<\/div>\n\t\t\t\t\t<\/div>\n\t\t<\/section>\n\t\t\t\t<section class=\"elementor-section elementor-top-section elementor-element elementor-element-d14ad43 elementor-section-boxed elementor-section-height-default elementor-section-height-default\" data-id=\"d14ad43\" data-element_type=\"section\">\n\t\t\t\t\t\t<div class=\"elementor-container elementor-column-gap-default\">\n\t\t\t\t\t<div class=\"elementor-column elementor-col-100 elementor-top-column elementor-element elementor-element-5db561e\" data-id=\"5db561e\" data-element_type=\"column\">\n\t\t\t<div class=\"elementor-widget-wrap elementor-element-populated\">\n\t\t\t\t\t\t<div class=\"elementor-element elementor-element-ce83008 elementor-widget-divider--view-line elementor-widget elementor-widget-divider\" data-id=\"ce83008\" data-element_type=\"widget\" data-widget_type=\"divider.default\">\n\t\t\t\t<div class=\"elementor-widget-container\">\n\t\t\t\t\t<div class=\"elementor-divider\">\n\t\t\t<span class=\"elementor-divider-separator\">\n\t\t\t\t\t\t<\/span>\n\t\t<\/div>\n\t\t\t\t<\/div>\n\t\t\t\t<\/div>\n\t\t\t\t\t<\/div>\n\t\t<\/div>\n\t\t\t\t\t<\/div>\n\t\t<\/section>\n\t\t\t\t<section class=\"elementor-section elementor-top-section elementor-element elementor-element-bfc93dc elementor-section-stretched elementor-section-boxed elementor-section-height-default elementor-section-height-default\" data-id=\"bfc93dc\" data-element_type=\"section\" data-settings=\"{&quot;stretch_section&quot;:&quot;section-stretched&quot;}\">\n\t\t\t\t\t\t<div class=\"elementor-container elementor-column-gap-default\">\n\t\t\t\t\t<div class=\"elementor-column elementor-col-50 elementor-top-column elementor-element elementor-element-251b39e\" data-id=\"251b39e\" data-element_type=\"column\">\n\t\t\t<div class=\"elementor-widget-wrap elementor-element-populated\">\n\t\t\t\t\t\t<div class=\"elementor-element elementor-element-6a51669 elementor-widget elementor-widget-heading\" data-id=\"6a51669\" data-element_type=\"widget\" data-widget_type=\"heading.default\">\n\t\t\t\t<div class=\"elementor-widget-container\">\n\t\t\t<h2 class=\"elementor-heading-title elementor-size-default\">Mat\u00e9riels<\/h2>\t\t<\/div>\n\t\t\t\t<\/div>\n\t\t\t\t<div class=\"elementor-element elementor-element-8e69902 elementor-widget elementor-widget-text-editor\" data-id=\"8e69902\" data-element_type=\"widget\" data-widget_type=\"text-editor.default\">\n\t\t\t\t<div class=\"elementor-widget-container\">\n\t\t\t\t\t\t\t<p>Magnetom Free.Max 0.55T (SIEMENS Healthineers) avec antenne rachis, antenne t\u00eate\/cou et deux antennes de surfaces flexibles dont une avec capteur respiratoire.<\/p>\t\t\t\t\t\t<\/div>\n\t\t\t\t<\/div>\n\t\t\t\t\t<\/div>\n\t\t<\/div>\n\t\t\t\t<div class=\"elementor-column elementor-col-50 elementor-top-column elementor-element elementor-element-78ec438\" data-id=\"78ec438\" data-element_type=\"column\">\n\t\t\t<div class=\"elementor-widget-wrap elementor-element-populated\">\n\t\t\t\t\t\t<div class=\"elementor-element elementor-element-320d784 elementor-widget elementor-widget-heading\" data-id=\"320d784\" data-element_type=\"widget\" data-widget_type=\"heading.default\">\n\t\t\t\t<div class=\"elementor-widget-container\">\n\t\t\t<h2 class=\"elementor-heading-title elementor-size-default\">Contact et acc\u00e8s<\/h2>\t\t<\/div>\n\t\t\t\t<\/div>\n\t\t\t\t<section class=\"elementor-section elementor-inner-section elementor-element elementor-element-3fbb1c9 elementor-section-boxed elementor-section-height-default elementor-section-height-default\" data-id=\"3fbb1c9\" data-element_type=\"section\">\n\t\t\t\t\t\t<div class=\"elementor-container elementor-column-gap-default\">\n\t\t\t\t\t<div class=\"elementor-column elementor-col-100 elementor-inner-column elementor-element elementor-element-0d60e98\" data-id=\"0d60e98\" data-element_type=\"column\">\n\t\t\t<div class=\"elementor-widget-wrap elementor-element-populated\">\n\t\t\t\t\t\t<div class=\"elementor-element elementor-element-0858a6c elementor-widget elementor-widget-text-editor\" data-id=\"0858a6c\" data-element_type=\"widget\" data-widget_type=\"text-editor.default\">\n\t\t\t\t<div class=\"elementor-widget-container\">\n\t\t\t\t\t\t\t<p><b>Demande d\u2019acc\u00e8s :<\/b><br \/>Suivant les th\u00e9matiques de votre projet et vos besoins, une premi\u00e8re rencontre sera organis\u00e9e entre votre \u00e9quipe, les chercheurs de BIOMAPS et le personnel du SHFJ susceptibles de vous aider<\/p><p><b>Contacts:<\/b><\/p><p><strong style=\"text-align: center;\">Responsable technique<\/strong><br class=\"autobr\" style=\"text-align: center;\" \/><a class=\"spip_mail\" style=\"background-color: #ffffff; text-align: center;\" href=\"mailto:rose-marie.dubuisson@universite-paris-saclay.fr\">Rose-Marie Dubuisson<\/a><br class=\"autobr\" style=\"text-align: center;\" \/><span style=\"text-align: center;\">01 69 86 78 48<\/span><b><\/b><\/p><p>Plateau financ\u00e9 en partie par France Life Imaging (FLI, ANR-11-INBS-0006) \/ Partly supported by \u00ab France Life Imaging (FLI), grant ANR-11-INBS-0006 \u00bb.<\/p>\t\t\t\t\t\t<\/div>\n\t\t\t\t<\/div>\n\t\t\t\t\t<\/div>\n\t\t<\/div>\n\t\t\t\t\t<\/div>\n\t\t<\/section>\n\t\t\t\t\t<\/div>\n\t\t<\/div>\n\t\t\t\t\t<\/div>\n\t\t<\/section>\n\t\t\t\t<section class=\"elementor-section elementor-top-section elementor-element elementor-element-150a10b elementor-section-boxed elementor-section-height-default elementor-section-height-default\" data-id=\"150a10b\" data-element_type=\"section\">\n\t\t\t\t\t\t<div class=\"elementor-container elementor-column-gap-default\">\n\t\t\t\t\t<div class=\"elementor-column elementor-col-100 elementor-top-column elementor-element elementor-element-eaee8c7\" data-id=\"eaee8c7\" data-element_type=\"column\">\n\t\t\t<div class=\"elementor-widget-wrap\">\n\t\t\t\t\t\t\t<\/div>\n\t\t<\/div>\n\t\t\t\t\t<\/div>\n\t\t<\/section>\n\t\t\t\t<\/div>\n\t\t","protected":false},"excerpt":{"rendered":"<p>L\u2019IRM 0.55T FreeMax permet l\u2019imagerie anatomique de la t\u00eate et du cou, du rachis, du thorax, de l\u2019abdomen, du genoux, coude, \u00e9paule. Le principal atout de cet IRM r\u00e9side en ces contrastes propres au bas champ, rendant accessible l\u2019exploration de r\u00e9gions habituellement difficiles \u00e0 sonder telles que celles impact\u00e9es par l\u2019h\u00e9t\u00e9rog\u00e9n\u00e9it\u00e9 due aux susceptibilit\u00e9s magn\u00e9tiques [&hellip;]<\/p>\n","protected":false},"author":2,"featured_media":615,"parent":0,"menu_order":0,"comment_status":"closed","ping_status":"closed","template":"","meta":{"footnotes":""},"guten_post_layout_featured_media_urls":{"full":["https:\/\/www.biomaps.universite-paris-saclay.fr\/wp-content\/uploads\/2020\/04\/Footer-e1609957375858.png",750,126,false],"thumbnail":["https:\/\/www.biomaps.universite-paris-saclay.fr\/wp-content\/uploads\/2020\/04\/Footer-100x100.png",100,100,true],"medium":["https:\/\/www.biomaps.universite-paris-saclay.fr\/wp-content\/uploads\/2020\/04\/Footer-150x25.png",150,25,true],"medium_large":["https:\/\/www.biomaps.universite-paris-saclay.fr\/wp-content\/uploads\/2020\/04\/Footer-768x129.png",640,108,true],"large":["https:\/\/www.biomaps.universite-paris-saclay.fr\/wp-content\/uploads\/2020\/04\/Footer-500x84.png",500,84,true],"1536x1536":["https:\/\/www.biomaps.universite-paris-saclay.fr\/wp-content\/uploads\/2020\/04\/Footer-1536x257.png",1536,257,true],"2048x2048":["https:\/\/www.biomaps.universite-paris-saclay.fr\/wp-content\/uploads\/2020\/04\/Footer-e1609957375858.png",750,126,false],"guten_post_layout_landscape_large":["https:\/\/www.biomaps.universite-paris-saclay.fr\/wp-content\/uploads\/2020\/04\/Footer-1200x318.png",1200,318,true],"guten_post_layout_portrait_large":["https:\/\/www.biomaps.universite-paris-saclay.fr\/wp-content\/uploads\/2020\/04\/Footer-1200x318.png",1200,318,true],"guten_post_layout_square_large":["https:\/\/www.biomaps.universite-paris-saclay.fr\/wp-content\/uploads\/2020\/04\/Footer-1200x318.png",1200,318,true],"guten_post_layout_landscape":["https:\/\/www.biomaps.universite-paris-saclay.fr\/wp-content\/uploads\/2020\/04\/Footer-600x318.png",600,318,true],"guten_post_layout_portrait":["https:\/\/www.biomaps.universite-paris-saclay.fr\/wp-content\/uploads\/2020\/04\/Footer-600x318.png",600,318,true],"guten_post_layout_square":["https:\/\/www.biomaps.universite-paris-saclay.fr\/wp-content\/uploads\/2020\/04\/Footer-600x318.png",600,318,true],"sciencex-single-team-thumb":["https:\/\/www.biomaps.universite-paris-saclay.fr\/wp-content\/uploads\/2020\/04\/Footer-360x270.png",360,270,true],"sciencex-team-thumbnail":["https:\/\/www.biomaps.universite-paris-saclay.fr\/wp-content\/uploads\/2020\/04\/Footer-263x216.png",263,216,true],"sciencex-event-thumbnail":["https:\/\/www.biomaps.universite-paris-saclay.fr\/wp-content\/uploads\/2020\/04\/Footer-555x318.png",555,318,true],"sciencex-event-gallery-thumb":["https:\/\/www.biomaps.universite-paris-saclay.fr\/wp-content\/uploads\/2020\/04\/Footer-227x168.png",227,168,true],"sciencex-blog-thumb":["https:\/\/www.biomaps.universite-paris-saclay.fr\/wp-content\/uploads\/2020\/04\/Footer-100x80.png",100,80,true]},"_links":{"self":[{"href":"https:\/\/www.biomaps.universite-paris-saclay.fr\/index.php\/wp-json\/wp\/v2\/pages\/507"}],"collection":[{"href":"https:\/\/www.biomaps.universite-paris-saclay.fr\/index.php\/wp-json\/wp\/v2\/pages"}],"about":[{"href":"https:\/\/www.biomaps.universite-paris-saclay.fr\/index.php\/wp-json\/wp\/v2\/types\/page"}],"author":[{"embeddable":true,"href":"https:\/\/www.biomaps.universite-paris-saclay.fr\/index.php\/wp-json\/wp\/v2\/users\/2"}],"replies":[{"embeddable":true,"href":"https:\/\/www.biomaps.universite-paris-saclay.fr\/index.php\/wp-json\/wp\/v2\/comments?post=507"}],"version-history":[{"count":32,"href":"https:\/\/www.biomaps.universite-paris-saclay.fr\/index.php\/wp-json\/wp\/v2\/pages\/507\/revisions"}],"predecessor-version":[{"id":5980,"href":"https:\/\/www.biomaps.universite-paris-saclay.fr\/index.php\/wp-json\/wp\/v2\/pages\/507\/revisions\/5980"}],"wp:featuredmedia":[{"embeddable":true,"href":"https:\/\/www.biomaps.universite-paris-saclay.fr\/index.php\/wp-json\/wp\/v2\/media\/615"}],"wp:attachment":[{"href":"https:\/\/www.biomaps.universite-paris-saclay.fr\/index.php\/wp-json\/wp\/v2\/media?parent=507"}],"curies":[{"name":"wp","href":"https:\/\/api.w.org\/{rel}","templated":true}]}}