{"id":5054,"date":"2023-08-25T14:32:11","date_gmt":"2023-08-25T12:32:11","guid":{"rendered":"https:\/\/www.biomaps.universite-paris-saclay.fr\/?page_id=5054"},"modified":"2023-08-25T14:32:13","modified_gmt":"2023-08-25T12:32:13","slug":"mentions-legales","status":"publish","type":"page","link":"https:\/\/www.biomaps.universite-paris-saclay.fr\/index.php\/mentions-legales\/","title":{"rendered":"Mentions l\u00e9gales"},"content":{"rendered":"<h2>BioMaps &#8211; UMR9011<\/h2>\n<p>4, place du G\u00e9n\u00e9ral Leclec<br \/>\n91401 ORSAY &#8211; France<br \/>\nT\u00e9l\u00e9phone : +33 1 69 86 17 00<\/p>\n<ul>\n<li>Directeur de la publication : Vicent Lebon (Directeur d&rsquo;unit\u00e9)<\/li>\n<li>Directeur de la r\u00e9daction : Jean-Luc Gennisson (Redacteur)<\/li>\n<\/ul>\n<h2>Mentions l\u00e9gales<\/h2>\n<p><strong>H\u00e9bergeur<\/strong><\/p>\n<p>Universit\u00e9 Paris-Saclay<br \/>\n3 rue Joliot Curie<br \/>\nB\u00e2timent Breguet<br \/>\n91190 Gif-sur-Yvette<br \/>\nFrance<\/p>\n<p><strong>Droits d\u2019auteur et copyright <\/strong><\/p>\n<p>L\u2019ensemble de ce site rel\u00e8ve de la l\u00e9gislation fran\u00e7aise et internationale sur le droit d\u2019auteur et la propri\u00e9t\u00e9 intellectuelle. Tous les droits de reproduction sont r\u00e9serv\u00e9s, y compris pour les documents t\u00e9l\u00e9chargeables, les repr\u00e9sentations d&rsquo;imagerie et les photographies. Les liens hypertextes pr\u00e9sents sur le site web BioMaps en direction d&rsquo;autres ressources pr\u00e9sentes sur le r\u00e9seau internet, ne sauraient engager la responsabilit\u00e9 de BioMaps.<\/p>\n<p><strong>Protection des informations nominatives <\/strong><\/p>\n<p>Ce site web comporte des informations nominatives. Conform\u00e9ment \u00e0 l\u2019article 34 de la loi Informatique et Libert\u00e9s du 6 janvier 1978, vous disposez d\u2019un droit d\u2019acc\u00e8s, de rectification et de suppression des donn\u00e9es vous concernant en ligne sur ce site. Pour exercer ce droit, il vous suffit de vous adresser \u00e0 cette adresse \u00ab\u00a0gestion biomaps\u00a0\u00bb (gestion.biomaps@universite-paris-saclay.fr).<\/p>\n<p><strong>Liens hypertextes<\/strong><\/p>\n<p>La mise en place de liens hypertextes par des tiers vers des pages ou des documents diffus\u00e9s sur le site de BioMaps, est autoris\u00e9e sous r\u00e9serve que les liens ne contreviennent pas aux int\u00e9r\u00eats de BioMaps et de ses tutelles.<\/p>\n","protected":false},"excerpt":{"rendered":"<p>BioMaps &#8211; UMR9011 4, place du G\u00e9n\u00e9ral Leclec 91401 ORSAY &#8211; France T\u00e9l\u00e9phone : +33 1 69 86 17 00 Directeur de la publication : Vicent Lebon (Directeur d&rsquo;unit\u00e9) Directeur de la r\u00e9daction : Jean-Luc Gennisson (Redacteur) Mentions l\u00e9gales H\u00e9bergeur Universit\u00e9 Paris-Saclay 3 rue Joliot Curie B\u00e2timent Breguet 91190 Gif-sur-Yvette France Droits d\u2019auteur et copyright [&hellip;]<\/p>\n","protected":false},"author":1,"featured_media":0,"parent":0,"menu_order":0,"comment_status":"closed","ping_status":"closed","template":"","meta":{"footnotes":""},"guten_post_layout_featured_media_urls":{"full":false,"thumbnail":false,"medium":false,"medium_large":false,"large":false,"1536x1536":false,"2048x2048":false,"guten_post_layout_landscape_large":false,"guten_post_layout_portrait_large":false,"guten_post_layout_square_large":false,"guten_post_layout_landscape":false,"guten_post_layout_portrait":false,"guten_post_layout_square":false,"sciencex-single-team-thumb":false,"sciencex-team-thumbnail":false,"sciencex-event-thumbnail":false,"sciencex-event-gallery-thumb":false,"sciencex-blog-thumb":false},"_links":{"self":[{"href":"https:\/\/www.biomaps.universite-paris-saclay.fr\/index.php\/wp-json\/wp\/v2\/pages\/5054"}],"collection":[{"href":"https:\/\/www.biomaps.universite-paris-saclay.fr\/index.php\/wp-json\/wp\/v2\/pages"}],"about":[{"href":"https:\/\/www.biomaps.universite-paris-saclay.fr\/index.php\/wp-json\/wp\/v2\/types\/page"}],"author":[{"embeddable":true,"href":"https:\/\/www.biomaps.universite-paris-saclay.fr\/index.php\/wp-json\/wp\/v2\/users\/1"}],"replies":[{"embeddable":true,"href":"https:\/\/www.biomaps.universite-paris-saclay.fr\/index.php\/wp-json\/wp\/v2\/comments?post=5054"}],"version-history":[{"count":4,"href":"https:\/\/www.biomaps.universite-paris-saclay.fr\/index.php\/wp-json\/wp\/v2\/pages\/5054\/revisions"}],"predecessor-version":[{"id":5058,"href":"https:\/\/www.biomaps.universite-paris-saclay.fr\/index.php\/wp-json\/wp\/v2\/pages\/5054\/revisions\/5058"}],"wp:attachment":[{"href":"https:\/\/www.biomaps.universite-paris-saclay.fr\/index.php\/wp-json\/wp\/v2\/media?parent=5054"}],"curies":[{"name":"wp","href":"https:\/\/api.w.org\/{rel}","templated":true}]}}