{"id":460,"date":"2020-03-31T18:05:36","date_gmt":"2020-03-31T16:05:36","guid":{"rendered":"http:\/\/www.biomaps.universite-paris-saclay.fr\/?page_id=460"},"modified":"2022-06-24T16:35:21","modified_gmt":"2022-06-24T14:35:21","slug":"participer-a-un-protocole-de-recherche-clinique","status":"publish","type":"page","link":"https:\/\/www.biomaps.universite-paris-saclay.fr\/index.php\/participer-a-un-protocole-de-recherche-clinique\/","title":{"rendered":"Appel volontaires"},"content":{"rendered":"\t\t<div data-elementor-type=\"wp-page\" data-elementor-id=\"460\" class=\"elementor elementor-460\" data-elementor-post-type=\"page\">\n\t\t\t\t\t\t<section class=\"elementor-section elementor-top-section elementor-element elementor-element-0492a54 elementor-section-boxed elementor-section-height-default elementor-section-height-default\" data-id=\"0492a54\" data-element_type=\"section\">\n\t\t\t\t\t\t<div class=\"elementor-container elementor-column-gap-default\">\n\t\t\t\t\t<div class=\"elementor-column elementor-col-50 elementor-top-column elementor-element elementor-element-be16fb5\" data-id=\"be16fb5\" data-element_type=\"column\">\n\t\t\t<div class=\"elementor-widget-wrap elementor-element-populated\">\n\t\t\t\t\t\t<div class=\"elementor-element elementor-element-ec72716 elementor-widget elementor-widget-image\" data-id=\"ec72716\" data-element_type=\"widget\" data-widget_type=\"image.default\">\n\t\t\t\t<div class=\"elementor-widget-container\">\n\t\t\t\t\t\t\t\t\t\t\t\t\t<img fetchpriority=\"high\" decoding=\"async\" width=\"500\" height=\"333\" src=\"https:\/\/www.biomaps.universite-paris-saclay.fr\/wp-content\/uploads\/2020\/09\/IMG_5317-500x333.jpg\" class=\"attachment-large size-large wp-image-1375\" alt=\"\" srcset=\"https:\/\/www.biomaps.universite-paris-saclay.fr\/wp-content\/uploads\/2020\/09\/IMG_5317-500x333.jpg 500w, https:\/\/www.biomaps.universite-paris-saclay.fr\/wp-content\/uploads\/2020\/09\/IMG_5317-150x100.jpg 150w, https:\/\/www.biomaps.universite-paris-saclay.fr\/wp-content\/uploads\/2020\/09\/IMG_5317-768x512.jpg 768w, https:\/\/www.biomaps.universite-paris-saclay.fr\/wp-content\/uploads\/2020\/09\/IMG_5317-1536x1024.jpg 1536w, https:\/\/www.biomaps.universite-paris-saclay.fr\/wp-content\/uploads\/2020\/09\/IMG_5317-2048x1365.jpg 2048w, https:\/\/www.biomaps.universite-paris-saclay.fr\/wp-content\/uploads\/2020\/09\/IMG_5317-1200x800.jpg 1200w, https:\/\/www.biomaps.universite-paris-saclay.fr\/wp-content\/uploads\/2020\/09\/IMG_5317-600x400.jpg 600w, https:\/\/www.biomaps.universite-paris-saclay.fr\/wp-content\/uploads\/2020\/09\/IMG_5317-555x370.jpg 555w\" sizes=\"(max-width: 500px) 100vw, 500px\" \/>\t\t\t\t\t\t\t\t\t\t\t\t\t<\/div>\n\t\t\t\t<\/div>\n\t\t\t\t\t<\/div>\n\t\t<\/div>\n\t\t\t\t<div class=\"elementor-column elementor-col-50 elementor-top-column elementor-element elementor-element-e6ccbcb\" data-id=\"e6ccbcb\" data-element_type=\"column\">\n\t\t\t<div class=\"elementor-widget-wrap elementor-element-populated\">\n\t\t\t\t\t\t<div class=\"elementor-element elementor-element-88b52a3 elementor-widget elementor-widget-spacer\" data-id=\"88b52a3\" data-element_type=\"widget\" data-widget_type=\"spacer.default\">\n\t\t\t\t<div class=\"elementor-widget-container\">\n\t\t\t\t\t<div class=\"elementor-spacer\">\n\t\t\t<div class=\"elementor-spacer-inner\"><\/div>\n\t\t<\/div>\n\t\t\t\t<\/div>\n\t\t\t\t<\/div>\n\t\t\t\t<div class=\"elementor-element elementor-element-e4055a2 elementor-widget elementor-widget-text-editor\" data-id=\"e4055a2\" data-element_type=\"widget\" data-widget_type=\"text-editor.default\">\n\t\t\t\t<div class=\"elementor-widget-container\">\n\t\t\t\t\t\t\t<h1 style=\"text-align: center;\">Appel \u00e0 volontaires pour participer \u00e0 la recherche au SHFJ<\/h1>\t\t\t\t\t\t<\/div>\n\t\t\t\t<\/div>\n\t\t\t\t\t<\/div>\n\t\t<\/div>\n\t\t\t\t\t<\/div>\n\t\t<\/section>\n\t\t\t\t<section class=\"elementor-section elementor-top-section elementor-element elementor-element-0e3c3a1 elementor-section-boxed elementor-section-height-default elementor-section-height-default\" data-id=\"0e3c3a1\" data-element_type=\"section\">\n\t\t\t\t\t\t<div class=\"elementor-container elementor-column-gap-default\">\n\t\t\t\t\t<div class=\"elementor-column elementor-col-100 elementor-top-column elementor-element elementor-element-4d28916\" data-id=\"4d28916\" data-element_type=\"column\">\n\t\t\t<div class=\"elementor-widget-wrap elementor-element-populated\">\n\t\t\t\t\t\t<div class=\"elementor-element elementor-element-59f20a3 elementor-widget elementor-widget-text-editor\" data-id=\"59f20a3\" data-element_type=\"widget\" data-widget_type=\"text-editor.default\">\n\t\t\t\t<div class=\"elementor-widget-container\">\n\t\t\t\t\t\t\t<h2>Vous \u00eates majeur et vous souhaitez faire avancer la recherche en neurosciences en tant que volontaire sain\u00a0?<\/h2><h2>LE SERVICE HOSPITALIER FR\u00c9D\u00c9RIC JOLIOT (SHFJ) EST UN SERVICE D&rsquo;IMAGERIE M\u00c9DICALE QUI RECHERCHE DES VOLONTAIRES POUR PARTICIPER AUX \u00c9TUDES EN COURS.<\/h2><div class=\"ms-rteElement-cea-rte-box\"><h3><a class=\"ms-rteElement-cea-link ms-rteElement-cea-download\" href=\"http:\/\/www.biomaps.universite-paris-saclay.fr\/wp-content\/uploads\/2022\/06\/SHFJ_formulaire_volontaires_sains-V3.pdf\">T\u00c9L\u00c9CHARGEZ LE FORMULAIRE D&rsquo;INSCRIPTION\u00a0<\/a><\/h3><p>Pour participer ou avoir un compl\u00e9ment d&rsquo;informations veuillez nous contacter \u00e0 l&rsquo;adresse suivante\u00a0:\u00a0<a href=\"mailto:participants.shfj@cea.fr\">participants.shfj@cea.fr<\/a>\u00a0ou par t\u00e9l\u00e9phone au \u00a0: 01 69 86 77 40.<\/p><\/div><p>Les projets de recherches r\u00e9alis\u00e9s au SHFJ ont pour objectif la cr\u00e9ation de nouveaux outils d&rsquo;imagerie pour am\u00e9liorer le diagnostic et l&rsquo;\u00e9valuation des th\u00e9rapies innovantes dans les domaines de canc\u00e9rologie, la neurologie ou la pharmacologie.\u00a0<\/p><div class=\"ms-rteElement-cea-rte-box-3\"><h3>SI VOUS VOUS PORTEZ VOLONTAIRE\u00a0:<\/h3><ul><li><ul><li>Vous devrez imp\u00e9rativement \u00eatre affili\u00e9 \u00e0 la s\u00e9curit\u00e9 sociale<\/li><li>Vous serez inscrit sur le fichier national des personnes se pr\u00eatant \u00e0 la recherche biom\u00e9dicale, g\u00e9r\u00e9 par le Minist\u00e8re de la Sant\u00e9.<\/li><li>Vous recevrez une indemnit\u00e9 selon les \u00e9tudes et la dur\u00e9e de ces exp\u00e9riences (Le montant annuel des indemnit\u00e9s per\u00e7ues ne peut pas exc\u00e9der 4 500 euros sur les 12 derniers mois).<\/li><li>Apr\u00e8s chaque participation \u00e0 un protocole de recherche, une p\u00e9riode d&rsquo;exclusion est pr\u00e9vue, durant laquelle vous ne pouvez pas participer \u00e0 une autre \u00e9tude. La dur\u00e9e de cette p\u00e9riode est d\u00e9finie pour chaque \u00e9tude.<\/li><li>Il n&rsquo;y a pas de risque particulier li\u00e9 \u00e0 la participation aux \u00e9tudes<\/li><\/ul><\/li><\/ul><\/div><p>Le SHFJ dispose du personnel, des locaux et des autorisations n\u00e9cessaires \u00e0 la r\u00e9alisation de recherches biom\u00e9dicales chez des volontaires sains ou malades, mineurs ou majeurs. Les \u00e9tudes sont r\u00e9alis\u00e9es dans le strict respect des r\u00e9glementations en vigueur en France et dans l&rsquo;Union Europ\u00e9enne\u00a0:<\/p><ul><li><ul><li>Le SHFJ a re\u00e7u une autorisation de Recherches Biom\u00e9dicales en date du 30 Mars 2018 \u00a0<\/li><li>Le SHFJ a re\u00e7u une autorisation de Suret\u00e9 Nucl\u00e9aire en date du 16 Juin 2017, renouvel\u00e9 le 07\/05\/2018<\/li><li>Tous les protocoles r\u00e9alis\u00e9s ont \u00e9t\u00e9 valid\u00e9s par un Comit\u00e9 de Protection des Personnes et re\u00e7u l&rsquo;autorisation de l&rsquo;ANSM (Agence Nationale de S\u00e9curit\u00e9 du M\u00e9dicament),<\/li><li>Le SHFJ s&rsquo;est engag\u00e9 aupr\u00e8s de la CNIL (commission nationale de l&rsquo;informatique et des libert\u00e9s) pour les traitements des donn\u00e9es des recherches biom\u00e9dicales,<\/li><li>Les volontaires sont pris en charge par un m\u00e9decin, un(e) infirmier(e) et un(e) manipulateur(rice) de radiologie.<\/li><\/ul><\/li><\/ul><div><h3>VOUS AVEZ BESOIN D&rsquo;AUTRES RENSEIGNEMENTS, CONTACTEZ-NOUS :<\/h3><ul><li>par mail : \u00a0<a href=\"mailto:participants.shfj@cea.fr\">participants.shfj@cea.fr<\/a><\/li><li>par t\u00e9l\u00e9phone au 01 69 86 77 40<\/li><li><a href=\"http:\/\/joliot.cea.fr\/drf\/joliot\/Pages\/Entites_de_recherche\/shfj\/Participer-a-la-recherche_Orsay.aspx\" target=\"_blank\" rel=\"noopener\">Le site du SHFJ<\/a><\/li><\/ul><\/div>\t\t\t\t\t\t<\/div>\n\t\t\t\t<\/div>\n\t\t\t\t\t<\/div>\n\t\t<\/div>\n\t\t\t\t\t<\/div>\n\t\t<\/section>\n\t\t\t\t<\/div>\n\t\t","protected":false},"excerpt":{"rendered":"<p>Appel \u00e0 volontaires pour participer \u00e0 la recherche au SHFJ Vous \u00eates majeur et vous souhaitez faire avancer la recherche en neurosciences en tant que volontaire sain\u00a0? LE SERVICE HOSPITALIER FR\u00c9D\u00c9RIC JOLIOT (SHFJ) EST UN SERVICE D&rsquo;IMAGERIE M\u00c9DICALE QUI RECHERCHE DES VOLONTAIRES POUR PARTICIPER AUX \u00c9TUDES EN COURS. T\u00c9L\u00c9CHARGEZ LE FORMULAIRE D&rsquo;INSCRIPTION\u00a0 Pour participer ou [&hellip;]<\/p>\n","protected":false},"author":2,"featured_media":615,"parent":0,"menu_order":0,"comment_status":"closed","ping_status":"closed","template":"","meta":{"footnotes":""},"guten_post_layout_featured_media_urls":{"full":["https:\/\/www.biomaps.universite-paris-saclay.fr\/wp-content\/uploads\/2020\/04\/Footer-e1609957375858.png",750,126,false],"thumbnail":["https:\/\/www.biomaps.universite-paris-saclay.fr\/wp-content\/uploads\/2020\/04\/Footer-100x100.png",100,100,true],"medium":["https:\/\/www.biomaps.universite-paris-saclay.fr\/wp-content\/uploads\/2020\/04\/Footer-150x25.png",150,25,true],"medium_large":["https:\/\/www.biomaps.universite-paris-saclay.fr\/wp-content\/uploads\/2020\/04\/Footer-768x129.png",640,108,true],"large":["https:\/\/www.biomaps.universite-paris-saclay.fr\/wp-content\/uploads\/2020\/04\/Footer-500x84.png",500,84,true],"1536x1536":["https:\/\/www.biomaps.universite-paris-saclay.fr\/wp-content\/uploads\/2020\/04\/Footer-1536x257.png",1536,257,true],"2048x2048":["https:\/\/www.biomaps.universite-paris-saclay.fr\/wp-content\/uploads\/2020\/04\/Footer-e1609957375858.png",750,126,false],"guten_post_layout_landscape_large":["https:\/\/www.biomaps.universite-paris-saclay.fr\/wp-content\/uploads\/2020\/04\/Footer-1200x318.png",1200,318,true],"guten_post_layout_portrait_large":["https:\/\/www.biomaps.universite-paris-saclay.fr\/wp-content\/uploads\/2020\/04\/Footer-1200x318.png",1200,318,true],"guten_post_layout_square_large":["https:\/\/www.biomaps.universite-paris-saclay.fr\/wp-content\/uploads\/2020\/04\/Footer-1200x318.png",1200,318,true],"guten_post_layout_landscape":["https:\/\/www.biomaps.universite-paris-saclay.fr\/wp-content\/uploads\/2020\/04\/Footer-600x318.png",600,318,true],"guten_post_layout_portrait":["https:\/\/www.biomaps.universite-paris-saclay.fr\/wp-content\/uploads\/2020\/04\/Footer-600x318.png",600,318,true],"guten_post_layout_square":["https:\/\/www.biomaps.universite-paris-saclay.fr\/wp-content\/uploads\/2020\/04\/Footer-600x318.png",600,318,true],"sciencex-single-team-thumb":["https:\/\/www.biomaps.universite-paris-saclay.fr\/wp-content\/uploads\/2020\/04\/Footer-360x270.png",360,270,true],"sciencex-team-thumbnail":["https:\/\/www.biomaps.universite-paris-saclay.fr\/wp-content\/uploads\/2020\/04\/Footer-263x216.png",263,216,true],"sciencex-event-thumbnail":["https:\/\/www.biomaps.universite-paris-saclay.fr\/wp-content\/uploads\/2020\/04\/Footer-555x318.png",555,318,true],"sciencex-event-gallery-thumb":["https:\/\/www.biomaps.universite-paris-saclay.fr\/wp-content\/uploads\/2020\/04\/Footer-227x168.png",227,168,true],"sciencex-blog-thumb":["https:\/\/www.biomaps.universite-paris-saclay.fr\/wp-content\/uploads\/2020\/04\/Footer-100x80.png",100,80,true]},"_links":{"self":[{"href":"https:\/\/www.biomaps.universite-paris-saclay.fr\/index.php\/wp-json\/wp\/v2\/pages\/460"}],"collection":[{"href":"https:\/\/www.biomaps.universite-paris-saclay.fr\/index.php\/wp-json\/wp\/v2\/pages"}],"about":[{"href":"https:\/\/www.biomaps.universite-paris-saclay.fr\/index.php\/wp-json\/wp\/v2\/types\/page"}],"author":[{"embeddable":true,"href":"https:\/\/www.biomaps.universite-paris-saclay.fr\/index.php\/wp-json\/wp\/v2\/users\/2"}],"replies":[{"embeddable":true,"href":"https:\/\/www.biomaps.universite-paris-saclay.fr\/index.php\/wp-json\/wp\/v2\/comments?post=460"}],"version-history":[{"count":9,"href":"https:\/\/www.biomaps.universite-paris-saclay.fr\/index.php\/wp-json\/wp\/v2\/pages\/460\/revisions"}],"predecessor-version":[{"id":4252,"href":"https:\/\/www.biomaps.universite-paris-saclay.fr\/index.php\/wp-json\/wp\/v2\/pages\/460\/revisions\/4252"}],"wp:featuredmedia":[{"embeddable":true,"href":"https:\/\/www.biomaps.universite-paris-saclay.fr\/index.php\/wp-json\/wp\/v2\/media\/615"}],"wp:attachment":[{"href":"https:\/\/www.biomaps.universite-paris-saclay.fr\/index.php\/wp-json\/wp\/v2\/media?parent=460"}],"curies":[{"name":"wp","href":"https:\/\/api.w.org\/{rel}","templated":true}]}}