{"id":300,"date":"2020-03-23T13:37:38","date_gmt":"2020-03-23T12:37:38","guid":{"rendered":"http:\/\/www.biomaps.universite-paris-saclay.fr\/?page_id=300"},"modified":"2020-08-31T18:06:17","modified_gmt":"2020-08-31T16:06:17","slug":"anthony-novell","status":"publish","type":"page","link":"https:\/\/www.biomaps.universite-paris-saclay.fr\/index.php\/anthony-novell\/","title":{"rendered":"Anthony Novell"},"content":{"rendered":"\n<figure class=\"wp-block-table alignwide\"><table class=\"\"><tbody><tr><td><font size=\"+3\"><strong>Charg\u00e9 de recherche CNRS, CRCN <\/strong><\/font> <br><br><a href=\"mailto:anthony.novell@universite-paris-saclay.fr\">contact<\/a> <\/td><td><img decoding=\"async\" class=\"wp-image-135\" style=\"width: 250px;\" src=\"http:\/\/www.biomaps.universite-paris-saclay.fr\/wp-content\/uploads\/2020\/03\/Novell.png\" alt=\"\"><\/td><\/tr><\/tbody><\/table><\/figure>\n\n\n\n<hr class=\"wp-block-separator\"\/>\n\n\n\n<h3 class=\"wp-block-heading\"><strong>Activit\u00e9s Scientifiques <\/strong><\/h3>\n\n\n\n<ul><li>&nbsp;Imagerie et th\u00e9rapie par ultrasons<\/li><\/ul>\n\n\n\n<h3 class=\"wp-block-heading\">Exp\u00e9riences Professionnelles<\/h3>\n\n\n\n<ul><li> <strong>Depuis Oct. 2018 : <\/strong>Chercheur CNRS (CRCN)-BioMaps UMR 9011 &#8211; Universit\u00e9 Paris Saclay, CNRS, Inserm, CEA, Orsay. <ul><li>Projet : <em>Th\u00e9rapie et imagerie par ultrasons.<\/em> <\/li><\/ul><\/li><li><strong>2018 &#8211; 2018 : <\/strong>Chercheur contractuel-Neurospin, CEA, Saclay.<ul><li>Projet : <em>Th\u00e9rapie du cerveau par ultrasons.<\/em><\/li><\/ul><\/li><li><strong>2016 &#8211; 2017 : <\/strong>Chercheur contractuel-UMR Inserm U930, Tours.<ul><li>Projet : <em>Validation pr\u00e9clinique de th\u00e9rapies par ultrasons localis\u00e9es pour le traitement du cancer<\/em><\/li><\/ul><\/li><li><strong>2014 &#8211; 2015 : <\/strong>Chercheur contractuel\u2013UNC at Chapel Hill, Dayton lab, USA.<ul><li>Projet : <em>D\u00e9veloppement, caract\u00e9risation et validation d\u2019une nouvelle g\u00e9n\u00e9ration d\u2019agents de contraste ultrasonore pour l\u2019imagerie et la th\u00e9rapie.<\/em><\/li><\/ul><\/li><li><strong>2011 &#8211; 2013 : <\/strong>Post-doctorant-UMR Inserm U930, Tours.<ul><li>Projet : <em>Nouvelles approches th\u00e9rapeutiques par ultrasons pour le traitement du cancer.<\/em><\/li><\/ul><\/li><li><strong>2010 &#8211; 2010 :<\/strong> Collaboration au CSIRO et l\u2019Universit\u00e9 de Melbourne, Australie.<ul><li>Projet : <em>Etude des microflux engendr\u00e9s autour d\u2019une microbulle excit\u00e9e par ultrasons.<\/em><\/li><\/ul><\/li><li><strong>2008 &#8211; 2011<\/strong> : Doctorant &#8211; UMR Inserm U930, Tours.<ul><li>Projet : <em>Imagerie de contraste ultrasonore avec transducteurs capacitifs micro-usin\u00e9s (cMUT).<\/em><\/li><\/ul><\/li><li><strong>2007&nbsp;:<\/strong> Collaboration avec l\u2019Erasmus MC, Rotterdam, Pays-Bas.<ul><li>Projet&nbsp;: <em>Imagerie par retournement de chirps. <\/em><\/li><\/ul><\/li><li><strong>2007<\/strong>&nbsp;: Stage de Master r\u00e9alis\u00e9 \u00e0 l\u2019Inserm U619 et Vermon, Tours.<ul><li>Projet : <em>Etude de la non-lin\u00e9arit\u00e9 des transducteurs capacitifs micro-usin\u00e9s (cMUT) et application \u00e0 l\u2019imagerie harmonique.<\/em><\/li><\/ul><\/li><\/ul>\n\n\n\n<h3 class=\"wp-block-heading\">Formation<\/h3>\n\n\n\n<p><strong>Oct. 2011&nbsp;: &nbsp;&nbsp;&nbsp;&nbsp;&nbsp; <\/strong>D.U. Exp\u00e9rimentation animale &#8211; Universit\u00e9 F. Rabelais, Tours.<\/p>\n\n\n\n<p><strong>2008 &#8211; 2011 :&nbsp;&nbsp;&nbsp; <\/strong>Doctorat en Science de la Vie et de la Sant\u00e9 UMR Inserm U930 <\/p>\n\n\n\n<figure class=\"wp-block-image size-large is-style-default\"><a href=\"http:\/\/www.biomaps.universite-paris-saclay.fr\/wp-content\/uploads\/2020\/03\/These_Novell.pdf\"><img decoding=\"async\" width=\"52\" height=\"52\" src=\"http:\/\/www.biomaps.universite-paris-saclay.fr\/wp-content\/uploads\/2020\/04\/pdf-39070.png\" alt=\"\" class=\"wp-image-907\"\/><\/a><figcaption><a href=\"http:\/\/www.biomaps.universite-paris-saclay.fr\/wp-content\/uploads\/2020\/03\/These_Novell.pdf\">Th\u00e8se de doctorat<\/a><\/figcaption><\/figure>\n\n\n\n<p><strong>2005 &#8211; 2007 : &nbsp; <\/strong>Master professionnel en Technologie de l\u2019Imagerie M\u00e9dicale <\/p>\n\n\n\n<h3 class=\"wp-block-heading\">Activit\u00e9s Scientifiques<\/h3>\n\n\n\n<ul><li>Ultrasons th\u00e9rapeutiques (HIFU, ultrasons focalis\u00e9s, sonoporation, neurostimulation),<\/li><li>Imagerie ultrasonore (mode B, contraste, Doppler, photo-acoustique, \u00e9lastographie),<\/li><li>Formulation et caract\u00e9risation acoustique d\u2019agents de contraste ultrasonore pour l\u2019imagerie et la th\u00e9rapie,<\/li><li>Caract\u00e9risation de nouvelles sondes ultrasonores (CMUT)&nbsp;: application \u00e0 l\u2019imagerie et \u00e0 la th\u00e9rapie,<\/li><li>Excitations cod\u00e9es, traitement de signal, reconstruction d\u2019image et analyse de donn\u00e9es,<\/li><li>Culture cellulaire, spectrofluorom\u00e9trie et microscopie.<\/li><\/ul>\n\n\n\n<h3 class=\"wp-block-heading\">Encadrements<\/h3>\n\n\n\n<ul><li>Co-encadrement de 4 \u00e9tudiants en Th\u00e8se (2 en cours, 1 direction de th\u00e8se)<\/li><li>Co-encadrement de 7 \u00e9tudiants niveau Masters<\/li><li>Encadrement de 4 \u00e9tudiants en \u00e9cole d\u2019ing\u00e9nieurs<\/li><li>Encadrement et initiation \u00e0 la recherche de 3 \u00e9tudiants (niveau &lt; \u00e0 bac +5)<\/li><\/ul>\n\n\n\n<h3 class=\"wp-block-heading\">Enseignements<\/h3>\n\n\n\n<ul><li>Cours (35h) sur <em>Principes de base en imagerie et th\u00e9rapie par ultrasons<\/em>, Universit\u00e9 Paris Saclay, INSTN, IFSBM, Universit\u00e9 de Bordeaux.<\/li><li>TP (12h) en <em>Traitement de l\u2019image et du son<\/em>, Licence professionnelle Activit\u00e9s et Techniques de Communication, IUT F. Rabelais, Blois.<\/li><li>Cours et TP (33h) sur <em>L\u2019imagerie ultrasonore du petit animal<\/em>,Universit\u00e9 de Tours.<\/li><\/ul>\n\n\n\n<h3 class=\"wp-block-heading\">Disctinctions et financements<\/h3>\n\n\n\n<ul><li><strong>2021 <\/strong>: \u00abInternational Research Project INSIS CNRS &#8211; Collaboration University of North Carolina, NC, USA\u00bb, (PI)<\/li><li><strong>2020 <\/strong>: \u00abPlan Cancer PCSI \u2013 IMPETUS\u00bb, (Partenaire)<\/li><li><strong>2020 <\/strong>: \u00abPTC Instrumentation CEA CRANIUS\u00bb, (Partenaire)<\/li><li><strong>2019\u00a0:<\/strong> \u00abANR JCJC &#8211; CE19 \u2013 0011 &#8211; DROPMUT\u00bb, (PI)<\/li><li><strong>2019\u00a0:<\/strong> \u00abBottom-Up CEA ZirMiTEP\u00bb, (Partenaire)<\/li><li><strong>2019\u00a0:<\/strong> \u00abFrance Imaging WP3 \u00a0Amorce de collaboration ANR-11-INBS-0006\u00bb, (PI)<\/li><li><strong>2019\u00a0:<\/strong> \u00abPrix de la Soci\u00e9t\u00e9 Fran\u00e7aise de Physique\u00bb Meilleure communication orale, section Paris-Sud<\/li><li><strong>2018\u00a0:<\/strong> \u00abAAP Paris Saclay SDV\u00bb, (PI)<\/li><li><strong>2013<\/strong>\u00a0: \u00abAide individuelle jeune chercheur Fondation ARC\u00a0: Financement pour un s\u00e9jour \u00e0 l\u2019\u00e9tranger SAE 20130606511\u00bb, (PI)<\/li><li><strong>2012<\/strong>\u00a0: \u00abPrix Jeune Chercheur de la fondation Planiol\u00bb\u00a0(collaboration avec le Dr. JM. Escoffre).<\/li><li><strong>2010<\/strong>\u00a0: \u00abAide individuelle \u00e0 la mobilit\u00e9 internationale\u00a0de l\u2019universit\u00e9 de Tours\u00bb, (Porteur de Projet)<\/li><\/ul>\n\n\n\n<h3 class=\"wp-block-heading\">Pr\u00e9sentations &amp; Publications<\/h3>\n\n\n\n<ul><li>3 brevets sur les ultrasons m\u00e9dicaux<\/li><li>38 articles publi\u00e9s ou en cours de publication dans des journaux internationaux \u00e0 comit\u00e9 de lecture<\/li><li>4 revues dans des journaux internationaux<\/li><li>1 chapitre de livre<\/li><li>28 actes de congr\u00e8s internationaux<\/li><li><a href=\"https:\/\/scholar.google.fr\/citations?user=820jS4YAAAAJ&amp;hl=fr\">Publications (Google Scholar)<\/a><\/li><\/ul>\n\n\n\n<h3 class=\"wp-block-heading\">Responsabilit\u00e9s Collectives<\/h3>\n\n\n\n<ul><li>Membre du conseil d&rsquo;unit\u00e9 BioMaps (2020 &#8211; &#8230;)<\/li><li>Membre de comit\u00e9s de lecture de journaux internationaux :\u00a0 Theranostics \u2013 Frontiers (Editeur associ\u00e9) \u2013 PLOSOne &#8211; IEEE TUFFC \u2013 UMB &#8211; Ultrasonics &#8211; Drug Delivery &#8211; Journal of Ultrasound in Medicine\u2026<\/li><li>Membre du comit\u00e9 d\u2019organisation du congr\u00e8s IEEE IUS 2016, Tours, France\u00a0: responsable de l\u2019accueil et de l\u2019enregistrement des participants.<\/li><li>Membre de comit\u00e9s d&rsquo;organisation de manifestations scientifiques : F\u00eate de la Science (2009-2012) UMR Inserm U930 \u2013 Universit\u00e9 F. Rabelais, Tours.<\/li><li>Repr\u00e9sentant au conseil de laboratoire, (Inserm U930, Tours en 2009-2011).<\/li><li>Responsable de l\u2019animation scientifique du laboratoire IR4M, Orsay (2018-2019).<\/li><li>Responsable de l\u2019animation scientifique du laboratoire BioMaps, Orsay (2020-        ).<\/li><\/ul>\n\n\n\n<p><\/p>\n","protected":false},"excerpt":{"rendered":"<p>Charg\u00e9 de recherche CNRS, CRCN contact Activit\u00e9s Scientifiques &nbsp;Imagerie et th\u00e9rapie par ultrasons Exp\u00e9riences Professionnelles Depuis Oct. 2018 : Chercheur CNRS (CRCN)-BioMaps UMR 9011 &#8211; Universit\u00e9 Paris Saclay, CNRS, Inserm, CEA, Orsay. Projet : Th\u00e9rapie et imagerie par ultrasons. 2018 &#8211; 2018 : Chercheur contractuel-Neurospin, CEA, Saclay. Projet : Th\u00e9rapie du cerveau par ultrasons. 2016 [&hellip;]<\/p>\n","protected":false},"author":2,"featured_media":615,"parent":0,"menu_order":0,"comment_status":"closed","ping_status":"closed","template":"","meta":{"footnotes":""},"guten_post_layout_featured_media_urls":{"full":["https:\/\/www.biomaps.universite-paris-saclay.fr\/wp-content\/uploads\/2020\/04\/Footer-e1609957375858.png",750,126,false],"thumbnail":["https:\/\/www.biomaps.universite-paris-saclay.fr\/wp-content\/uploads\/2020\/04\/Footer-100x100.png",100,100,true],"medium":["https:\/\/www.biomaps.universite-paris-saclay.fr\/wp-content\/uploads\/2020\/04\/Footer-150x25.png",150,25,true],"medium_large":["https:\/\/www.biomaps.universite-paris-saclay.fr\/wp-content\/uploads\/2020\/04\/Footer-768x129.png",640,108,true],"large":["https:\/\/www.biomaps.universite-paris-saclay.fr\/wp-content\/uploads\/2020\/04\/Footer-500x84.png",500,84,true],"1536x1536":["https:\/\/www.biomaps.universite-paris-saclay.fr\/wp-content\/uploads\/2020\/04\/Footer-1536x257.png",1536,257,true],"2048x2048":["https:\/\/www.biomaps.universite-paris-saclay.fr\/wp-content\/uploads\/2020\/04\/Footer-e1609957375858.png",750,126,false],"guten_post_layout_landscape_large":["https:\/\/www.biomaps.universite-paris-saclay.fr\/wp-content\/uploads\/2020\/04\/Footer-1200x318.png",1200,318,true],"guten_post_layout_portrait_large":["https:\/\/www.biomaps.universite-paris-saclay.fr\/wp-content\/uploads\/2020\/04\/Footer-1200x318.png",1200,318,true],"guten_post_layout_square_large":["https:\/\/www.biomaps.universite-paris-saclay.fr\/wp-content\/uploads\/2020\/04\/Footer-1200x318.png",1200,318,true],"guten_post_layout_landscape":["https:\/\/www.biomaps.universite-paris-saclay.fr\/wp-content\/uploads\/2020\/04\/Footer-600x318.png",600,318,true],"guten_post_layout_portrait":["https:\/\/www.biomaps.universite-paris-saclay.fr\/wp-content\/uploads\/2020\/04\/Footer-600x318.png",600,318,true],"guten_post_layout_square":["https:\/\/www.biomaps.universite-paris-saclay.fr\/wp-content\/uploads\/2020\/04\/Footer-600x318.png",600,318,true],"sciencex-single-team-thumb":["https:\/\/www.biomaps.universite-paris-saclay.fr\/wp-content\/uploads\/2020\/04\/Footer-360x270.png",360,270,true],"sciencex-team-thumbnail":["https:\/\/www.biomaps.universite-paris-saclay.fr\/wp-content\/uploads\/2020\/04\/Footer-263x216.png",263,216,true],"sciencex-event-thumbnail":["https:\/\/www.biomaps.universite-paris-saclay.fr\/wp-content\/uploads\/2020\/04\/Footer-555x318.png",555,318,true],"sciencex-event-gallery-thumb":["https:\/\/www.biomaps.universite-paris-saclay.fr\/wp-content\/uploads\/2020\/04\/Footer-227x168.png",227,168,true],"sciencex-blog-thumb":["https:\/\/www.biomaps.universite-paris-saclay.fr\/wp-content\/uploads\/2020\/04\/Footer-100x80.png",100,80,true]},"_links":{"self":[{"href":"https:\/\/www.biomaps.universite-paris-saclay.fr\/index.php\/wp-json\/wp\/v2\/pages\/300"}],"collection":[{"href":"https:\/\/www.biomaps.universite-paris-saclay.fr\/index.php\/wp-json\/wp\/v2\/pages"}],"about":[{"href":"https:\/\/www.biomaps.universite-paris-saclay.fr\/index.php\/wp-json\/wp\/v2\/types\/page"}],"author":[{"embeddable":true,"href":"https:\/\/www.biomaps.universite-paris-saclay.fr\/index.php\/wp-json\/wp\/v2\/users\/2"}],"replies":[{"embeddable":true,"href":"https:\/\/www.biomaps.universite-paris-saclay.fr\/index.php\/wp-json\/wp\/v2\/comments?post=300"}],"version-history":[{"count":9,"href":"https:\/\/www.biomaps.universite-paris-saclay.fr\/index.php\/wp-json\/wp\/v2\/pages\/300\/revisions"}],"predecessor-version":[{"id":1318,"href":"https:\/\/www.biomaps.universite-paris-saclay.fr\/index.php\/wp-json\/wp\/v2\/pages\/300\/revisions\/1318"}],"wp:featuredmedia":[{"embeddable":true,"href":"https:\/\/www.biomaps.universite-paris-saclay.fr\/index.php\/wp-json\/wp\/v2\/media\/615"}],"wp:attachment":[{"href":"https:\/\/www.biomaps.universite-paris-saclay.fr\/index.php\/wp-json\/wp\/v2\/media?parent=300"}],"curies":[{"name":"wp","href":"https:\/\/api.w.org\/{rel}","templated":true}]}}