{"id":250,"date":"2020-03-18T15:20:55","date_gmt":"2020-03-18T14:20:55","guid":{"rendered":"http:\/\/www.biomaps.universite-paris-saclay.fr\/?page_id=250"},"modified":"2021-04-16T12:02:37","modified_gmt":"2021-04-16T10:02:37","slug":"nous-trouver","status":"publish","type":"page","link":"https:\/\/www.biomaps.universite-paris-saclay.fr\/index.php\/nous-trouver\/","title":{"rendered":"Nous trouver"},"content":{"rendered":"\t\t<div data-elementor-type=\"wp-page\" data-elementor-id=\"250\" class=\"elementor elementor-250\" data-elementor-post-type=\"page\">\n\t\t\t\t\t\t<section class=\"elementor-section elementor-top-section elementor-element elementor-element-7ca4e9aa elementor-section-boxed elementor-section-height-default elementor-section-height-default\" data-id=\"7ca4e9aa\" data-element_type=\"section\">\n\t\t\t\t\t\t<div class=\"elementor-container elementor-column-gap-default\">\n\t\t\t\t\t<div class=\"elementor-column elementor-col-100 elementor-top-column elementor-element elementor-element-5fce4dd0\" data-id=\"5fce4dd0\" data-element_type=\"column\">\n\t\t\t<div class=\"elementor-widget-wrap elementor-element-populated\">\n\t\t\t\t\t\t<div class=\"elementor-element elementor-element-22c17b49 elementor-widget elementor-widget-text-editor\" data-id=\"22c17b49\" data-element_type=\"widget\" data-widget_type=\"text-editor.default\">\n\t\t\t\t<div class=\"elementor-widget-container\">\n\t\t\t\t\t\t\t<!-- wp:paragraph {\"fontSize\":\"medium\"} -->\n<p class=\"has-medium-font-size\">Le laboratoire <strong>BioMaps<\/strong> regroupe 3 sites: Le <strong>service hospitalier Fr\u00e9d\u00e9ric Joliot<\/strong>, l&rsquo;<strong>institut Gustave Roussy<\/strong> et l&rsquo;<strong>h\u00f4pital Kremlin-Bic\u00eatre<\/strong> aux adresses suivantes:<\/p>\n<!-- \/wp:paragraph --><!-- wp:list -->\n<ul>\n<li><strong><a href=\"https:\/\/www.google.fr\/maps\/place\/4+Place+du+G%C3%A9n%C3%A9ral+Leclerc,+91400+Orsay\/@48.7502551,2.2660065,12.54z\/data=!4m5!3m4!1s0x47e678a7f7309939:0xec93021d35385887!8m2!3d48.6988079!4d2.1870974\" target=\"_blank\" rel=\"noreferrer noopener\" aria-label=\"BioMaps (s\u2019ouvre dans un nouvel onglet)\">BioMaps<\/a>, Service Hospitalier Fr\u00e9d\u00e9ric Joliot, 4 place du g\u00e9n\u00e9ral Leclerc, 91401 ORSAY France<\/strong><\/li>\n<li><strong><a href=\"https:\/\/www.google.fr\/maps\/place\/CHU+du+Kremlin-Bic%C3%AAtre+-+UNIQUEMENT+entr%C3%A9e+urgences+et+consultation+soir+et+weekend\/@48.8087385,2.3516996,16z\/data=!4m5!3m4!1s0x47e67170ac8b8f7d:0x7b2fd09373c78ed6!8m2!3d48.8103769!4d2.3505485\" target=\"_blank\" rel=\"noreferrer noopener\" aria-label=\"BioMaps (s\u2019ouvre dans un nouvel onglet)\">BioMaps<\/a>, Institut Gustave Roussy, 114 Rue Edouard Vaillant 94800 VILLEJUIF France<\/strong><\/li>\n<li><strong><a href=\"https:\/\/www.google.fr\/maps\/place\/Gustave+Roussy\/@48.7942611,2.3470291,17z\/data=!3m1!4b1!4m5!3m4!1s0x47e67169ccbbd815:0x140f93d024d4d160!8m2!3d48.7942588!4d2.3484483\" target=\"_blank\" rel=\"noreferrer noopener\" aria-label=\"BioMaps (s\u2019ouvre dans un nouvel onglet)\">BioMaps<\/a>, H\u00f4pital Kremlin-Bic\u00eatre, 78 Rue du G\u00e9n\u00e9ral Leclerc, 94270\u00a0Le Kremlin-Bic\u00eatre France<\/strong><\/li>\n<\/ul>\n<!-- \/wp:list --><!-- wp:image {\"align\":\"center\",\"id\":258,\"sizeSlug\":\"full\"} -->\n<div class=\"wp-block-image\">\n<figure class=\"aligncenter size-full\"><\/figure>\n<\/div>\n<!-- \/wp:image -->\t\t\t\t\t\t<\/div>\n\t\t\t\t<\/div>\n\t\t\t\t\t<\/div>\n\t\t<\/div>\n\t\t\t\t\t<\/div>\n\t\t<\/section>\n\t\t\t\t<section class=\"elementor-section elementor-top-section elementor-element elementor-element-642dec2 elementor-section-boxed elementor-section-height-default elementor-section-height-default\" data-id=\"642dec2\" data-element_type=\"section\">\n\t\t\t\t\t\t<div class=\"elementor-container elementor-column-gap-default\">\n\t\t\t\t\t<div class=\"elementor-column elementor-col-100 elementor-top-column elementor-element elementor-element-68d792b\" data-id=\"68d792b\" data-element_type=\"column\">\n\t\t\t<div class=\"elementor-widget-wrap elementor-element-populated\">\n\t\t\t\t\t\t<div class=\"elementor-element elementor-element-92b58f3 elementor-widget elementor-widget-google_maps\" data-id=\"92b58f3\" data-element_type=\"widget\" data-settings=\"{&quot;motion_fx_motion_fx_scrolling&quot;:&quot;yes&quot;,&quot;motion_fx_devices&quot;:[&quot;desktop&quot;,&quot;tablet&quot;,&quot;mobile&quot;]}\" data-widget_type=\"google_maps.default\">\n\t\t\t\t<div class=\"elementor-widget-container\">\n\t\t\t\t\t<div class=\"elementor-custom-embed\">\n\t\t\t<iframe loading=\"lazy\"\n\t\t\t\t\tsrc=\"https:\/\/maps.google.com\/maps?q=Service%20Hospitalier%20Fr%C3%A9d%C3%A9ric%20Joliot%2C%20Orsay%2C%20France&#038;t=m&#038;z=15&#038;output=embed&#038;iwloc=near\"\n\t\t\t\t\ttitle=\"Service Hospitalier Fr\u00e9d\u00e9ric Joliot, Orsay, France\"\n\t\t\t\t\taria-label=\"Service Hospitalier Fr\u00e9d\u00e9ric Joliot, Orsay, France\"\n\t\t\t><\/iframe>\n\t\t<\/div>\n\t\t\t\t<\/div>\n\t\t\t\t<\/div>\n\t\t\t\t\t<\/div>\n\t\t<\/div>\n\t\t\t\t\t<\/div>\n\t\t<\/section>\n\t\t\t\t<section class=\"elementor-section elementor-top-section elementor-element elementor-element-4c6c75a elementor-section-boxed elementor-section-height-default elementor-section-height-default\" data-id=\"4c6c75a\" data-element_type=\"section\">\n\t\t\t\t\t\t<div class=\"elementor-container elementor-column-gap-default\">\n\t\t\t\t\t<div class=\"elementor-column elementor-col-100 elementor-top-column elementor-element elementor-element-227f489\" data-id=\"227f489\" data-element_type=\"column\">\n\t\t\t<div class=\"elementor-widget-wrap elementor-element-populated\">\n\t\t\t\t\t\t<div class=\"elementor-element elementor-element-5308b87 elementor-widget elementor-widget-text-editor\" data-id=\"5308b87\" data-element_type=\"widget\" data-widget_type=\"text-editor.default\">\n\t\t\t\t<div class=\"elementor-widget-container\">\n\t\t\t\t\t\t\t<!-- wp:paragraph {\"fontSize\":\"medium\"} -->\n<p class=\"has-medium-font-size\"><img decoding=\"async\" class=\"wp-image-258\" src=\"http:\/\/www.biomaps.universite-paris-saclay.fr\/wp-content\/uploads\/2020\/03\/Plan.png\" alt=\"\" \/><\/p>\n<!-- \/wp:image -->\t\t\t\t\t\t<\/div>\n\t\t\t\t<\/div>\n\t\t\t\t\t<\/div>\n\t\t<\/div>\n\t\t\t\t\t<\/div>\n\t\t<\/section>\n\t\t\t\t<\/div>\n\t\t","protected":false},"excerpt":{"rendered":"<p>Le laboratoire BioMaps regroupe 3 sites: Le service hospitalier Fr\u00e9d\u00e9ric Joliot, l&rsquo;institut Gustave Roussy et l&rsquo;h\u00f4pital Kremlin-Bic\u00eatre aux adresses suivantes: BioMaps, Service Hospitalier Fr\u00e9d\u00e9ric Joliot, 4 place du g\u00e9n\u00e9ral Leclerc, 91401 ORSAY France BioMaps, Institut Gustave Roussy, 114 Rue Edouard Vaillant 94800 VILLEJUIF France BioMaps, H\u00f4pital Kremlin-Bic\u00eatre, 78 Rue du G\u00e9n\u00e9ral Leclerc, 94270\u00a0Le Kremlin-Bic\u00eatre France<\/p>\n","protected":false},"author":2,"featured_media":615,"parent":0,"menu_order":0,"comment_status":"closed","ping_status":"closed","template":"","meta":{"footnotes":""},"guten_post_layout_featured_media_urls":{"full":["https:\/\/www.biomaps.universite-paris-saclay.fr\/wp-content\/uploads\/2020\/04\/Footer-e1609957375858.png",750,126,false],"thumbnail":["https:\/\/www.biomaps.universite-paris-saclay.fr\/wp-content\/uploads\/2020\/04\/Footer-100x100.png",100,100,true],"medium":["https:\/\/www.biomaps.universite-paris-saclay.fr\/wp-content\/uploads\/2020\/04\/Footer-150x25.png",150,25,true],"medium_large":["https:\/\/www.biomaps.universite-paris-saclay.fr\/wp-content\/uploads\/2020\/04\/Footer-768x129.png",640,108,true],"large":["https:\/\/www.biomaps.universite-paris-saclay.fr\/wp-content\/uploads\/2020\/04\/Footer-500x84.png",500,84,true],"1536x1536":["https:\/\/www.biomaps.universite-paris-saclay.fr\/wp-content\/uploads\/2020\/04\/Footer-1536x257.png",1536,257,true],"2048x2048":["https:\/\/www.biomaps.universite-paris-saclay.fr\/wp-content\/uploads\/2020\/04\/Footer-e1609957375858.png",750,126,false],"guten_post_layout_landscape_large":["https:\/\/www.biomaps.universite-paris-saclay.fr\/wp-content\/uploads\/2020\/04\/Footer-1200x318.png",1200,318,true],"guten_post_layout_portrait_large":["https:\/\/www.biomaps.universite-paris-saclay.fr\/wp-content\/uploads\/2020\/04\/Footer-1200x318.png",1200,318,true],"guten_post_layout_square_large":["https:\/\/www.biomaps.universite-paris-saclay.fr\/wp-content\/uploads\/2020\/04\/Footer-1200x318.png",1200,318,true],"guten_post_layout_landscape":["https:\/\/www.biomaps.universite-paris-saclay.fr\/wp-content\/uploads\/2020\/04\/Footer-600x318.png",600,318,true],"guten_post_layout_portrait":["https:\/\/www.biomaps.universite-paris-saclay.fr\/wp-content\/uploads\/2020\/04\/Footer-600x318.png",600,318,true],"guten_post_layout_square":["https:\/\/www.biomaps.universite-paris-saclay.fr\/wp-content\/uploads\/2020\/04\/Footer-600x318.png",600,318,true],"sciencex-single-team-thumb":["https:\/\/www.biomaps.universite-paris-saclay.fr\/wp-content\/uploads\/2020\/04\/Footer-360x270.png",360,270,true],"sciencex-team-thumbnail":["https:\/\/www.biomaps.universite-paris-saclay.fr\/wp-content\/uploads\/2020\/04\/Footer-263x216.png",263,216,true],"sciencex-event-thumbnail":["https:\/\/www.biomaps.universite-paris-saclay.fr\/wp-content\/uploads\/2020\/04\/Footer-555x318.png",555,318,true],"sciencex-event-gallery-thumb":["https:\/\/www.biomaps.universite-paris-saclay.fr\/wp-content\/uploads\/2020\/04\/Footer-227x168.png",227,168,true],"sciencex-blog-thumb":["https:\/\/www.biomaps.universite-paris-saclay.fr\/wp-content\/uploads\/2020\/04\/Footer-100x80.png",100,80,true]},"_links":{"self":[{"href":"https:\/\/www.biomaps.universite-paris-saclay.fr\/index.php\/wp-json\/wp\/v2\/pages\/250"}],"collection":[{"href":"https:\/\/www.biomaps.universite-paris-saclay.fr\/index.php\/wp-json\/wp\/v2\/pages"}],"about":[{"href":"https:\/\/www.biomaps.universite-paris-saclay.fr\/index.php\/wp-json\/wp\/v2\/types\/page"}],"author":[{"embeddable":true,"href":"https:\/\/www.biomaps.universite-paris-saclay.fr\/index.php\/wp-json\/wp\/v2\/users\/2"}],"replies":[{"embeddable":true,"href":"https:\/\/www.biomaps.universite-paris-saclay.fr\/index.php\/wp-json\/wp\/v2\/comments?post=250"}],"version-history":[{"count":19,"href":"https:\/\/www.biomaps.universite-paris-saclay.fr\/index.php\/wp-json\/wp\/v2\/pages\/250\/revisions"}],"predecessor-version":[{"id":2207,"href":"https:\/\/www.biomaps.universite-paris-saclay.fr\/index.php\/wp-json\/wp\/v2\/pages\/250\/revisions\/2207"}],"wp:featuredmedia":[{"embeddable":true,"href":"https:\/\/www.biomaps.universite-paris-saclay.fr\/index.php\/wp-json\/wp\/v2\/media\/615"}],"wp:attachment":[{"href":"https:\/\/www.biomaps.universite-paris-saclay.fr\/index.php\/wp-json\/wp\/v2\/media?parent=250"}],"curies":[{"name":"wp","href":"https:\/\/api.w.org\/{rel}","templated":true}]}}