{"id":228,"date":"2020-03-17T08:40:50","date_gmt":"2020-03-17T07:40:50","guid":{"rendered":"http:\/\/www.biomaps.universite-paris-saclay.fr\/?page_id=228"},"modified":"2024-06-10T15:11:30","modified_gmt":"2024-06-10T13:11:30","slug":"liens-utiles","status":"publish","type":"page","link":"https:\/\/www.biomaps.universite-paris-saclay.fr\/index.php\/accueil\/liens-utiles\/","title":{"rendered":"Liens utiles"},"content":{"rendered":"\t\t<div data-elementor-type=\"wp-page\" data-elementor-id=\"228\" class=\"elementor elementor-228\" data-elementor-post-type=\"page\">\n\t\t\t\t\t\t<section class=\"elementor-section elementor-top-section elementor-element elementor-element-357aec44 elementor-section-boxed elementor-section-height-default elementor-section-height-default\" data-id=\"357aec44\" data-element_type=\"section\">\n\t\t\t\t\t\t<div class=\"elementor-container elementor-column-gap-default\">\n\t\t\t\t\t<div class=\"elementor-column elementor-col-100 elementor-top-column elementor-element elementor-element-1891f5f2\" data-id=\"1891f5f2\" data-element_type=\"column\">\n\t\t\t<div class=\"elementor-widget-wrap elementor-element-populated\">\n\t\t\t\t\t\t<div class=\"elementor-element elementor-element-3a7d32ac elementor-widget elementor-widget-text-editor\" data-id=\"3a7d32ac\" data-element_type=\"widget\" data-widget_type=\"text-editor.default\">\n\t\t\t\t<div class=\"elementor-widget-container\">\n\t\t\t\t\t\t\t<p><!-- wp:html --><\/p>\n<h4>BioMaps RNSR 202023520H<\/h4>\n<h4>Ressources <a href=\"https:\/\/www.universite-paris-saclay.fr\/\">Universit\u00e9 Paris Saclay :<\/a><\/h4>\n<p><a href=\"https:\/\/portail.universite-paris-saclay.fr\/Pages\/mon-tableau-de-bord.aspx\">Portail de services de l&rsquo;universit\u00e9 Paris Saclay<\/a><br \/><a href=\"https:\/\/zimbra.u-psud.fr\">Webmail (Zimbra) <\/a>de l&rsquo;universit\u00e9 Paris Saclay<br \/><a href=\"http:\/\/adonis.u-psud.fr\">Annuaire de l&rsquo;universit\u00e9<\/a> (Adonis)<br \/><a href=\"http:\/\/www.di.u-psud.fr\/&gt;Direction Informatique de l'universit\u00e9&lt;\/a&gt;&lt;br&gt; &lt;a href=\">Comit\u00e9 d&rsquo;Entraide Sociale de la Facult\u00e9 d&rsquo;ORSAY (C.E.S.F.O.)<\/a>, <a href=\"https:\/\/www.e-chargement.com\/default.asp\">rechargement des badges restauration<\/a><\/p>\n<hr \/>\n<h4>Ressources BioMaps :<\/h4>\n<p><a href=\"https:\/\/shfj.mygrr.net\">Reservation de ressources<\/a><br \/><a href=\"https:\/\/192.168.162.143\/\" target=\"_blank\" rel=\"noopener\">Intranet par vpn<\/a><br \/><a href=\"https:\/\/biointra\/index.html\" target=\"_blank\" rel=\"noopener\">Intranet local\u00a0<\/a> (lien interne)<\/p>\n<p>\u00a0<\/p>\n<h4>Ressources <a href=\"http:\/\/cnrs.fr\/\">CNRS<\/a> :<\/h4>\n<p><a href=\"http:\/\/www.dr4.cnrs.fr\/\">Dr4, Ile de France Sud<\/a><br \/><a href=\"https:\/\/portail.core-cloud.net\/default.aspx\">Acc\u00e9s portail CORE <\/a>(COmmunaut\u00e9 pour la REcherche &#8211; COmmunity for REsearch)<br \/><a href=\"https:\/\/agate-tempo.cnrs.fr\/\">Agate Tempo<\/a> (Gestion des absences, des temps et des activit\u00e9es)<br \/><a href=\"https:\/\/cnrs.eu.people-ask.com\/employee\/\">Ariane<\/a>\u00a0(Ressources humaines)<br \/><a href=\"https:\/\/www.mypeopledoc.com\/\">MyPeopleDoc <\/a>(coffre fort \u00e9lectronique)<\/p>\n<hr \/>\n<h4>Ressources <a href=\"http:\/\/www.cea.fr\/\">CEA<\/a> :<\/h4>\n<p><a href=\"http:\/\/joliot.cea.fr\/drf\/joliot\/Pages\/Entites_de_recherche\/SHFJ.aspx\">Service Hospitalier Fr\u00e9d\u00e9ric Joliot<\/a><\/p>\n<hr \/>\n<h4>Ressources <a href=\"http:\/\/www.renater.fr\/\">Renater<\/a> :<\/h4>\n<p><a href=\"https:\/\/evento.renater.fr\/\">Evento <\/a>pour organiser vos r\u00e9union (alternative \u00e0 Doodle par exemple)<br \/><a href=\"https:\/\/renavisio.renater.fr\/\">Renavisio<\/a> pour la visio-conf\u00e9rence<\/p>\n<p><!-- \/wp:html --><\/p>\t\t\t\t\t\t<\/div>\n\t\t\t\t<\/div>\n\t\t\t\t\t<\/div>\n\t\t<\/div>\n\t\t\t\t\t<\/div>\n\t\t<\/section>\n\t\t\t\t<\/div>\n\t\t","protected":false},"excerpt":{"rendered":"<p>BioMaps RNSR 202023520H Ressources Universit\u00e9 Paris Saclay : Portail de services de l&rsquo;universit\u00e9 Paris SaclayWebmail (Zimbra) de l&rsquo;universit\u00e9 Paris SaclayAnnuaire de l&rsquo;universit\u00e9 (Adonis)Comit\u00e9 d&rsquo;Entraide Sociale de la Facult\u00e9 d&rsquo;ORSAY (C.E.S.F.O.), rechargement des badges restauration Ressources BioMaps : Reservation de ressourcesIntranet par vpnIntranet local\u00a0 (lien interne) \u00a0 Ressources CNRS : Dr4, Ile de France SudAcc\u00e9s portail [&hellip;]<\/p>\n","protected":false},"author":1,"featured_media":615,"parent":189,"menu_order":0,"comment_status":"closed","ping_status":"closed","template":"","meta":{"footnotes":""},"guten_post_layout_featured_media_urls":{"full":["https:\/\/www.biomaps.universite-paris-saclay.fr\/wp-content\/uploads\/2020\/04\/Footer-e1609957375858.png",750,126,false],"thumbnail":["https:\/\/www.biomaps.universite-paris-saclay.fr\/wp-content\/uploads\/2020\/04\/Footer-100x100.png",100,100,true],"medium":["https:\/\/www.biomaps.universite-paris-saclay.fr\/wp-content\/uploads\/2020\/04\/Footer-150x25.png",150,25,true],"medium_large":["https:\/\/www.biomaps.universite-paris-saclay.fr\/wp-content\/uploads\/2020\/04\/Footer-768x129.png",640,108,true],"large":["https:\/\/www.biomaps.universite-paris-saclay.fr\/wp-content\/uploads\/2020\/04\/Footer-500x84.png",500,84,true],"1536x1536":["https:\/\/www.biomaps.universite-paris-saclay.fr\/wp-content\/uploads\/2020\/04\/Footer-1536x257.png",1536,257,true],"2048x2048":["https:\/\/www.biomaps.universite-paris-saclay.fr\/wp-content\/uploads\/2020\/04\/Footer-e1609957375858.png",750,126,false],"guten_post_layout_landscape_large":["https:\/\/www.biomaps.universite-paris-saclay.fr\/wp-content\/uploads\/2020\/04\/Footer-1200x318.png",1200,318,true],"guten_post_layout_portrait_large":["https:\/\/www.biomaps.universite-paris-saclay.fr\/wp-content\/uploads\/2020\/04\/Footer-1200x318.png",1200,318,true],"guten_post_layout_square_large":["https:\/\/www.biomaps.universite-paris-saclay.fr\/wp-content\/uploads\/2020\/04\/Footer-1200x318.png",1200,318,true],"guten_post_layout_landscape":["https:\/\/www.biomaps.universite-paris-saclay.fr\/wp-content\/uploads\/2020\/04\/Footer-600x318.png",600,318,true],"guten_post_layout_portrait":["https:\/\/www.biomaps.universite-paris-saclay.fr\/wp-content\/uploads\/2020\/04\/Footer-600x318.png",600,318,true],"guten_post_layout_square":["https:\/\/www.biomaps.universite-paris-saclay.fr\/wp-content\/uploads\/2020\/04\/Footer-600x318.png",600,318,true],"sciencex-single-team-thumb":["https:\/\/www.biomaps.universite-paris-saclay.fr\/wp-content\/uploads\/2020\/04\/Footer-360x270.png",360,270,true],"sciencex-team-thumbnail":["https:\/\/www.biomaps.universite-paris-saclay.fr\/wp-content\/uploads\/2020\/04\/Footer-263x216.png",263,216,true],"sciencex-event-thumbnail":["https:\/\/www.biomaps.universite-paris-saclay.fr\/wp-content\/uploads\/2020\/04\/Footer-555x318.png",555,318,true],"sciencex-event-gallery-thumb":["https:\/\/www.biomaps.universite-paris-saclay.fr\/wp-content\/uploads\/2020\/04\/Footer-227x168.png",227,168,true],"sciencex-blog-thumb":["https:\/\/www.biomaps.universite-paris-saclay.fr\/wp-content\/uploads\/2020\/04\/Footer-100x80.png",100,80,true]},"_links":{"self":[{"href":"https:\/\/www.biomaps.universite-paris-saclay.fr\/index.php\/wp-json\/wp\/v2\/pages\/228"}],"collection":[{"href":"https:\/\/www.biomaps.universite-paris-saclay.fr\/index.php\/wp-json\/wp\/v2\/pages"}],"about":[{"href":"https:\/\/www.biomaps.universite-paris-saclay.fr\/index.php\/wp-json\/wp\/v2\/types\/page"}],"author":[{"embeddable":true,"href":"https:\/\/www.biomaps.universite-paris-saclay.fr\/index.php\/wp-json\/wp\/v2\/users\/1"}],"replies":[{"embeddable":true,"href":"https:\/\/www.biomaps.universite-paris-saclay.fr\/index.php\/wp-json\/wp\/v2\/comments?post=228"}],"version-history":[{"count":30,"href":"https:\/\/www.biomaps.universite-paris-saclay.fr\/index.php\/wp-json\/wp\/v2\/pages\/228\/revisions"}],"predecessor-version":[{"id":5622,"href":"https:\/\/www.biomaps.universite-paris-saclay.fr\/index.php\/wp-json\/wp\/v2\/pages\/228\/revisions\/5622"}],"up":[{"embeddable":true,"href":"https:\/\/www.biomaps.universite-paris-saclay.fr\/index.php\/wp-json\/wp\/v2\/pages\/189"}],"wp:featuredmedia":[{"embeddable":true,"href":"https:\/\/www.biomaps.universite-paris-saclay.fr\/index.php\/wp-json\/wp\/v2\/media\/615"}],"wp:attachment":[{"href":"https:\/\/www.biomaps.universite-paris-saclay.fr\/index.php\/wp-json\/wp\/v2\/media?parent=228"}],"curies":[{"name":"wp","href":"https:\/\/api.w.org\/{rel}","templated":true}]}}