{"id":189,"date":"2020-03-13T15:37:36","date_gmt":"2020-03-13T14:37:36","guid":{"rendered":"http:\/\/www.biomaps.universite-paris-saclay.fr\/?page_id=189"},"modified":"2026-05-07T17:45:24","modified_gmt":"2026-05-07T15:45:24","slug":"accueil","status":"publish","type":"page","link":"https:\/\/www.biomaps.universite-paris-saclay.fr\/","title":{"rendered":"Accueil"},"content":{"rendered":"\t\t<div data-elementor-type=\"wp-page\" data-elementor-id=\"189\" class=\"elementor elementor-189\" data-elementor-post-type=\"page\">\n\t\t\t\t\t\t<section class=\"elementor-section elementor-top-section elementor-element elementor-element-1ce2c73 elementor-section-full_width elementor-section-stretched elementor-section-height-default elementor-section-height-default\" data-id=\"1ce2c73\" data-element_type=\"section\" data-settings=\"{&quot;stretch_section&quot;:&quot;section-stretched&quot;}\">\n\t\t\t\t\t\t<div class=\"elementor-container elementor-column-gap-custom\">\n\t\t\t\t\t<div class=\"elementor-column elementor-col-100 elementor-top-column elementor-element elementor-element-f94c51a\" data-id=\"f94c51a\" data-element_type=\"column\">\n\t\t\t<div class=\"elementor-widget-wrap elementor-element-populated\">\n\t\t\t\t\t\t<div class=\"elementor-element elementor-element-6c36dbd elementor--h-position-center elementor--v-position-middle elementor-arrows-position-inside elementor-pagination-position-inside elementor-widget elementor-widget-slides\" data-id=\"6c36dbd\" data-element_type=\"widget\" data-settings=\"{&quot;transition_speed&quot;:400,&quot;navigation&quot;:&quot;both&quot;,&quot;autoplay&quot;:&quot;yes&quot;,&quot;pause_on_hover&quot;:&quot;yes&quot;,&quot;pause_on_interaction&quot;:&quot;yes&quot;,&quot;autoplay_speed&quot;:5000,&quot;infinite&quot;:&quot;yes&quot;,&quot;transition&quot;:&quot;slide&quot;}\" data-widget_type=\"slides.default\">\n\t\t\t\t<div class=\"elementor-widget-container\">\n\t\t\t\t\t<div class=\"elementor-swiper\">\n\t\t\t<div class=\"elementor-slides-wrapper elementor-main-swiper swiper\" dir=\"ltr\" data-animation=\"fadeInUp\">\n\t\t\t\t<div class=\"swiper-wrapper elementor-slides\">\n\t\t\t\t\t\t\t\t\t\t<div class=\"elementor-repeater-item-dab1695 swiper-slide\"><div class=\"swiper-slide-bg\" role=\"img\"><\/div><div class=\"swiper-slide-inner\" ><div class=\"swiper-slide-contents\"><\/div><\/div><\/div>\t\t\t\t<\/div>\n\t\t\t\t\t\t\t<\/div>\n\t\t<\/div>\n\t\t\t\t<\/div>\n\t\t\t\t<\/div>\n\t\t\t\t\t<\/div>\n\t\t<\/div>\n\t\t\t\t\t<\/div>\n\t\t<\/section>\n\t\t\t\t<section class=\"elementor-section elementor-top-section elementor-element elementor-element-9b51dc0 elementor-section-stretched elementor-section-boxed elementor-section-height-default elementor-section-height-default\" data-id=\"9b51dc0\" data-element_type=\"section\" data-settings=\"{&quot;stretch_section&quot;:&quot;section-stretched&quot;}\">\n\t\t\t\t\t\t<div class=\"elementor-container elementor-column-gap-default\">\n\t\t\t\t\t<div class=\"elementor-column elementor-col-100 elementor-top-column elementor-element elementor-element-431db9e\" data-id=\"431db9e\" data-element_type=\"column\">\n\t\t\t<div class=\"elementor-widget-wrap elementor-element-populated\">\n\t\t\t\t\t\t<div class=\"elementor-element elementor-element-47b7820 elementor-widget elementor-widget-text-editor\" data-id=\"47b7820\" data-element_type=\"widget\" data-widget_type=\"text-editor.default\">\n\t\t\t\t<div class=\"elementor-widget-container\">\n\t\t\t\t\t\t\t<h1><strong style=\"font-size: 28px;\">L\u2019imagerie biom\u00e9dicale au service de la m\u00e9decine de demain<\/strong><\/h1>\n<p class=\"has-medium-font-size\"><span style=\"font-family: 'Slabo 27px'; font-weight: 400;\">Le laboratoire <\/span><strong style=\"font-family: 'Slabo 27px';\">BioMaps<\/strong><span style=\"font-family: 'Slabo 27px'; font-weight: 400;\"> (Imagerie biom\u00e9dicale multimodale Paris Saclay) est un acteur cl\u00e9 de la recherche en imagerie m\u00e9dicale, \u00e0 l\u2019interface entre <\/span><strong style=\"font-family: 'Slabo 27px';\">physique, chimie et m\u00e9decine<\/strong><span style=\"font-family: 'Slabo 27px'; font-weight: 400;\">. Notre mission : concevoir des <\/span><strong style=\"font-family: 'Slabo 27px';\">m\u00e9thodes, instruments et agents d\u2019imagerie innovants<\/strong><span style=\"font-family: 'Slabo 27px'; font-weight: 400;\"> pour des applications cliniques en <\/span><strong style=\"font-family: 'Slabo 27px';\">neurologie et canc\u00e9rologie<\/strong><span style=\"font-family: 'Slabo 27px'; font-weight: 400;\">. Gr\u00e2ce \u00e0 des expertises reconnues en <\/span><strong style=\"font-family: 'Slabo 27px';\">IRM, ultrasons et TEP<\/strong><span style=\"font-family: 'Slabo 27px'; font-weight: 400;\">, et en collaboration avec des radiologues et m\u00e9decins nucl\u00e9aires, nous explorons les processus physiopathologiques, am\u00e9liorons le diagnostic et \u00e9valuons les traitements.<\/span><\/p>\n<p class=\"has-medium-font-size\">Organis\u00e9es en <strong>6 \u00e9quipes th\u00e9matiques\u00a0<\/strong>, nos recherches forment un <strong>continuum entre technologie et m\u00e9decine<\/strong>, pour une imagerie biom\u00e9dicale toujours plus performante et au service des patients<\/p>\t\t\t\t\t\t<\/div>\n\t\t\t\t<\/div>\n\t\t\t\t\t<\/div>\n\t\t<\/div>\n\t\t\t\t\t<\/div>\n\t\t<\/section>\n\t\t\t\t<section class=\"elementor-section elementor-top-section elementor-element elementor-element-51d8dd8 elementor-section-stretched elementor-section-boxed elementor-section-height-default elementor-section-height-default\" data-id=\"51d8dd8\" data-element_type=\"section\" data-settings=\"{&quot;stretch_section&quot;:&quot;section-stretched&quot;}\">\n\t\t\t\t\t\t<div class=\"elementor-container elementor-column-gap-default\">\n\t\t\t\t\t<div class=\"elementor-column elementor-col-50 elementor-top-column elementor-element elementor-element-29b1015\" data-id=\"29b1015\" data-element_type=\"column\">\n\t\t\t<div class=\"elementor-widget-wrap elementor-element-populated\">\n\t\t\t\t\t\t<div class=\"elementor-element elementor-element-93294c3 elementor-widget elementor-widget-text-editor\" data-id=\"93294c3\" data-element_type=\"widget\" data-widget_type=\"text-editor.default\">\n\t\t\t\t<div class=\"elementor-widget-container\">\n\t\t\t\t\t\t\t<h2 class=\"meta-title ht-5\"><a href=\"https:\/\/www.biomaps.universite-paris-saclay.fr\/index.php\/6-equipes\/\">Nos 6 \u00e9quipes th\u00e9matiques<\/a><\/h2>\t\t\t\t\t\t<\/div>\n\t\t\t\t<\/div>\n\t\t\t\t<div class=\"elementor-element elementor-element-706bb2d elementor-widget elementor-widget-text-editor\" data-id=\"706bb2d\" data-element_type=\"widget\" data-widget_type=\"text-editor.default\">\n\t\t\t\t<div class=\"elementor-widget-container\">\n\t\t\t\t\t\t\t<h2 class=\"meta-title ht-5\"><a href=\"https:\/\/www.biomaps.universite-paris-saclay.fr\/index.php\/plateformes\/\">Nos plateformes<\/a><\/h2>\t\t\t\t\t\t<\/div>\n\t\t\t\t<\/div>\n\t\t\t\t<div class=\"elementor-element elementor-element-982ff40 elementor-widget elementor-widget-text-editor\" data-id=\"982ff40\" data-element_type=\"widget\" data-widget_type=\"text-editor.default\">\n\t\t\t\t<div class=\"elementor-widget-container\">\n\t\t\t\t\t\t\t<h2 class=\"meta-title ht-5\"><a href=\"https:\/\/www.biomaps.universite-paris-saclay.fr\/index.php\/etudes-de-cas\/\">Nos expertises et savoir-faire<\/a><\/h2>\t\t\t\t\t\t<\/div>\n\t\t\t\t<\/div>\n\t\t\t\t\t<\/div>\n\t\t<\/div>\n\t\t\t\t<div class=\"elementor-column elementor-col-50 elementor-top-column elementor-element elementor-element-9c1bc72\" data-id=\"9c1bc72\" data-element_type=\"column\">\n\t\t\t<div class=\"elementor-widget-wrap elementor-element-populated\">\n\t\t\t\t\t\t<div class=\"elementor-element elementor-element-e64d40c elementor-widget elementor-widget-image\" data-id=\"e64d40c\" data-element_type=\"widget\" data-widget_type=\"image.default\">\n\t\t\t\t<div class=\"elementor-widget-container\">\n\t\t\t\t\t\t\t\t\t\t\t\t\t<img fetchpriority=\"high\" decoding=\"async\" width=\"1280\" height=\"631\" src=\"https:\/\/www.biomaps.universite-paris-saclay.fr\/wp-content\/uploads\/2026\/04\/BioMaps-sans-fond-e1777384139431.png\" class=\"attachment-full size-full wp-image-6211\" alt=\"\" srcset=\"https:\/\/www.biomaps.universite-paris-saclay.fr\/wp-content\/uploads\/2026\/04\/BioMaps-sans-fond-e1777384139431.png 1280w, https:\/\/www.biomaps.universite-paris-saclay.fr\/wp-content\/uploads\/2026\/04\/BioMaps-sans-fond-e1777384139431-150x74.png 150w, https:\/\/www.biomaps.universite-paris-saclay.fr\/wp-content\/uploads\/2026\/04\/BioMaps-sans-fond-e1777384139431-500x246.png 500w, https:\/\/www.biomaps.universite-paris-saclay.fr\/wp-content\/uploads\/2026\/04\/BioMaps-sans-fond-e1777384139431-768x379.png 768w\" sizes=\"(max-width: 1280px) 100vw, 1280px\" \/>\t\t\t\t\t\t\t\t\t\t\t\t\t<\/div>\n\t\t\t\t<\/div>\n\t\t\t\t\t<\/div>\n\t\t<\/div>\n\t\t\t\t\t<\/div>\n\t\t<\/section>\n\t\t\t\t<section class=\"elementor-section elementor-top-section elementor-element elementor-element-d7cec75 elementor-section-boxed elementor-section-height-default elementor-section-height-default\" data-id=\"d7cec75\" data-element_type=\"section\">\n\t\t\t\t\t\t<div class=\"elementor-container elementor-column-gap-default\">\n\t\t\t\t\t<div class=\"elementor-column elementor-col-100 elementor-top-column elementor-element elementor-element-dc59417\" data-id=\"dc59417\" data-element_type=\"column\">\n\t\t\t<div class=\"elementor-widget-wrap elementor-element-populated\">\n\t\t\t\t\t\t<div class=\"elementor-element elementor-element-808606f elementor-widget elementor-widget-spacer\" data-id=\"808606f\" data-element_type=\"widget\" data-widget_type=\"spacer.default\">\n\t\t\t\t<div class=\"elementor-widget-container\">\n\t\t\t\t\t<div class=\"elementor-spacer\">\n\t\t\t<div class=\"elementor-spacer-inner\"><\/div>\n\t\t<\/div>\n\t\t\t\t<\/div>\n\t\t\t\t<\/div>\n\t\t\t\t\t<\/div>\n\t\t<\/div>\n\t\t\t\t\t<\/div>\n\t\t<\/section>\n\t\t\t\t<section class=\"elementor-section elementor-top-section elementor-element elementor-element-98c94c0 elementor-section-stretched elementor-section-boxed elementor-section-height-default elementor-section-height-default\" data-id=\"98c94c0\" data-element_type=\"section\" data-settings=\"{&quot;stretch_section&quot;:&quot;section-stretched&quot;}\">\n\t\t\t\t\t\t<div class=\"elementor-container elementor-column-gap-default\">\n\t\t\t\t\t<div class=\"elementor-column elementor-col-50 elementor-top-column elementor-element elementor-element-4925cab\" data-id=\"4925cab\" data-element_type=\"column\">\n\t\t\t<div class=\"elementor-widget-wrap elementor-element-populated\">\n\t\t\t\t\t\t<div class=\"elementor-element elementor-element-5320a8b elementor-widget elementor-widget-heading\" data-id=\"5320a8b\" data-element_type=\"widget\" data-widget_type=\"heading.default\">\n\t\t\t\t<div class=\"elementor-widget-container\">\n\t\t\t<h2 class=\"elementor-heading-title elementor-size-default\"><a href=\"http:\/\/www.biomaps.universite-paris-saclay.fr\/index.php\/actualites\/\">Actualit\u00e9s<\/a><\/h2>\t\t<\/div>\n\t\t\t\t<\/div>\n\t\t\t\t<div class=\"elementor-element elementor-element-646374f elementor-widget-divider--view-line elementor-widget elementor-widget-divider\" data-id=\"646374f\" data-element_type=\"widget\" data-widget_type=\"divider.default\">\n\t\t\t\t<div class=\"elementor-widget-container\">\n\t\t\t\t\t<div class=\"elementor-divider\">\n\t\t\t<span class=\"elementor-divider-separator\">\n\t\t\t\t\t\t<\/span>\n\t\t<\/div>\n\t\t\t\t<\/div>\n\t\t\t\t<\/div>\n\t\t\t\t<div class=\"elementor-element elementor-element-315d2f7 elementor-widget elementor-widget-text-editor\" data-id=\"315d2f7\" data-element_type=\"widget\" data-widget_type=\"text-editor.default\">\n\t\t\t\t<div class=\"elementor-widget-container\">\n\t\t\t\t\t\t\t<h3>04\/2026<\/h3>\n<center><h4><strong><a href=\"https:\/\/www.pasrel.universite-paris-saclay.fr\/actualites\/replays-inauguration-irm-magnetom-free-max-055t-biomaps-shfj\/\" target=\"_blank\" rel=\"noopener\">REPLAYS | Inauguration IRM MAGNETOM Free.Max 0,55T \u2013 BioMaps-SHFJ<\/a><\/strong><\/h4><\/center>\t\t\t\t\t\t<\/div>\n\t\t\t\t<\/div>\n\t\t\t\t<div class=\"elementor-element elementor-element-60a7994 elementor-widget elementor-widget-text-editor\" data-id=\"60a7994\" data-element_type=\"widget\" data-widget_type=\"text-editor.default\">\n\t\t\t\t<div class=\"elementor-widget-container\">\n\t\t\t\t\t\t\t<h3>03\/2026<\/h3>\n<h4><center><strong><a href=\"https:\/\/www.linkedin.com\/feed\/update\/urn:li:activity:7443258036111982592\" target=\"_blank\" rel=\"noopener\">Claire Spitzlei laur\u00e9ate du Prix de Th\u00e8se APGI<\/a><\/strong><\/center><\/h4>\t\t\t\t\t\t<\/div>\n\t\t\t\t<\/div>\n\t\t\t\t<div class=\"elementor-element elementor-element-feb48b1 elementor-widget elementor-widget-text-editor\" data-id=\"feb48b1\" data-element_type=\"widget\" data-widget_type=\"text-editor.default\">\n\t\t\t\t<div class=\"elementor-widget-container\">\n\t\t\t\t\t\t\t<h3>02\/2026<\/h3>\n<h4><center><strong><a href=\"https:\/\/www.pasrel.universite-paris-saclay.fr\/actualites\/inauguration-de-lirm-magnetom-free-max-055-t-biomaps-shfj\/\">Inauguration de l\u2019IRM MAGNETOM FREE.MAX 0,55 T<\/a><\/strong><\/center><\/h4>\t\t\t\t\t\t<\/div>\n\t\t\t\t<\/div>\n\t\t\t\t\t<\/div>\n\t\t<\/div>\n\t\t\t\t<div class=\"elementor-column elementor-col-50 elementor-top-column elementor-element elementor-element-5c82ccd\" data-id=\"5c82ccd\" data-element_type=\"column\">\n\t\t\t<div class=\"elementor-widget-wrap elementor-element-populated\">\n\t\t\t\t\t\t<div class=\"elementor-element elementor-element-64cc387 elementor-widget elementor-widget-heading\" data-id=\"64cc387\" data-element_type=\"widget\" data-widget_type=\"heading.default\">\n\t\t\t\t<div class=\"elementor-widget-container\">\n\t\t\t<h2 class=\"elementor-heading-title elementor-size-default\"><a href=\"http:\/\/www.biomaps.universite-paris-saclay.fr\/index.php\/publications\/\">Derni\u00e8res publications<\/a><\/h2>\t\t<\/div>\n\t\t\t\t<\/div>\n\t\t\t\t<div class=\"elementor-element elementor-element-c737521 elementor-widget-divider--view-line elementor-widget elementor-widget-divider\" data-id=\"c737521\" data-element_type=\"widget\" data-widget_type=\"divider.default\">\n\t\t\t\t<div class=\"elementor-widget-container\">\n\t\t\t\t\t<div class=\"elementor-divider\">\n\t\t\t<span class=\"elementor-divider-separator\">\n\t\t\t\t\t\t<\/span>\n\t\t<\/div>\n\t\t\t\t<\/div>\n\t\t\t\t<\/div>\n\t\t\t\t<div class=\"elementor-element elementor-element-cc9cb52 elementor-widget elementor-widget-text-editor\" data-id=\"cc9cb52\" data-element_type=\"widget\" data-widget_type=\"text-editor.default\">\n\t\t\t\t<div class=\"elementor-widget-container\">\n\t\t\t\t\t\t\t<p><strong>R. J. Andrade <em>et al.<\/em><\/strong>\u00a0<em>In vivo assessment of shear modulus along the fibers of pennate muscle during passive lengthening and contraction using steered ultrasound push beams.\u00a0<\/em>Journal of the mechanical behavior of biomedical materials,\u00a0<a class=\"anchor doi anchor-primary\" title=\"Persistent link using digital object identifier\" href=\"https:\/\/doi.org\/10.1016\/j.jmbbm.2024.106862\" target=\"_blank\" rel=\"noreferrer noopener\" aria-label=\"Persistent link using digital object identifier\"><span class=\"anchor-text-container\"><span class=\"anchor-text\">doi: 10.1016\/j.jmbbm.2024.106862<\/span><\/span><\/a>, 2025.<\/p>\t\t\t\t\t\t<\/div>\n\t\t\t\t<\/div>\n\t\t\t\t<div class=\"elementor-element elementor-element-6286c16 elementor-widget elementor-widget-text-editor\" data-id=\"6286c16\" data-element_type=\"widget\" data-widget_type=\"text-editor.default\">\n\t\t\t\t<div class=\"elementor-widget-container\">\n\t\t\t\t\t\t\t<p><strong>A. Soyer <em>et al<\/em><\/strong><em><strong>. <\/strong>Decreased opioid receptor availability and impaired neurometabolic coupling as signatures of morphine tolerance in male rats: A positron emission tomography study. <\/em>Biomedicine &amp; Pharmacotherapy, <a href=\"https:\/\/doi.org\/10.1016\/j.biopha.2025.117848\" target=\"_blank\" rel=\"noopener\">doi:10.1016\/j.biopha.2025.117848<\/a>, 2025.<\/p>\t\t\t\t\t\t<\/div>\n\t\t\t\t<\/div>\n\t\t\t\t\t<\/div>\n\t\t<\/div>\n\t\t\t\t\t<\/div>\n\t\t<\/section>\n\t\t\t\t<section class=\"elementor-section elementor-top-section elementor-element elementor-element-af6270d elementor-section-boxed elementor-section-height-default elementor-section-height-default\" data-id=\"af6270d\" data-element_type=\"section\">\n\t\t\t\t\t\t<div class=\"elementor-container elementor-column-gap-default\">\n\t\t\t\t\t<div class=\"elementor-column elementor-col-100 elementor-top-column elementor-element elementor-element-1de2c95\" data-id=\"1de2c95\" data-element_type=\"column\">\n\t\t\t<div class=\"elementor-widget-wrap elementor-element-populated\">\n\t\t\t\t\t\t<div class=\"elementor-element elementor-element-285033a elementor-widget elementor-widget-spacer\" data-id=\"285033a\" data-element_type=\"widget\" data-widget_type=\"spacer.default\">\n\t\t\t\t<div class=\"elementor-widget-container\">\n\t\t\t\t\t<div class=\"elementor-spacer\">\n\t\t\t<div class=\"elementor-spacer-inner\"><\/div>\n\t\t<\/div>\n\t\t\t\t<\/div>\n\t\t\t\t<\/div>\n\t\t\t\t\t<\/div>\n\t\t<\/div>\n\t\t\t\t\t<\/div>\n\t\t<\/section>\n\t\t\t\t<\/div>\n\t\t","protected":false},"excerpt":{"rendered":"<p>L\u2019imagerie biom\u00e9dicale au service de la m\u00e9decine de demain Le laboratoire BioMaps (Imagerie biom\u00e9dicale multimodale Paris Saclay) est un acteur cl\u00e9 de la recherche en imagerie m\u00e9dicale, \u00e0 l\u2019interface entre physique, chimie et m\u00e9decine. Notre mission : concevoir des m\u00e9thodes, instruments et agents d\u2019imagerie innovants pour des applications cliniques en neurologie et canc\u00e9rologie. Gr\u00e2ce \u00e0 [&hellip;]<\/p>\n","protected":false},"author":2,"featured_media":1733,"parent":0,"menu_order":0,"comment_status":"closed","ping_status":"closed","template":"","meta":{"footnotes":""},"guten_post_layout_featured_media_urls":{"full":["https:\/\/www.biomaps.universite-paris-saclay.fr\/wp-content\/uploads\/2021\/01\/Banner_H200.png",1190,200,false],"thumbnail":["https:\/\/www.biomaps.universite-paris-saclay.fr\/wp-content\/uploads\/2021\/01\/Banner_H200-100x100.png",100,100,true],"medium":["https:\/\/www.biomaps.universite-paris-saclay.fr\/wp-content\/uploads\/2021\/01\/Banner_H200-150x25.png",150,25,true],"medium_large":["https:\/\/www.biomaps.universite-paris-saclay.fr\/wp-content\/uploads\/2021\/01\/Banner_H200-768x129.png",640,108,true],"large":["https:\/\/www.biomaps.universite-paris-saclay.fr\/wp-content\/uploads\/2021\/01\/Banner_H200-500x84.png",500,84,true],"1536x1536":["https:\/\/www.biomaps.universite-paris-saclay.fr\/wp-content\/uploads\/2021\/01\/Banner_H200.png",1190,200,false],"2048x2048":["https:\/\/www.biomaps.universite-paris-saclay.fr\/wp-content\/uploads\/2021\/01\/Banner_H200.png",1190,200,false],"guten_post_layout_landscape_large":["https:\/\/www.biomaps.universite-paris-saclay.fr\/wp-content\/uploads\/2021\/01\/Banner_H200.png",1190,200,false],"guten_post_layout_portrait_large":["https:\/\/www.biomaps.universite-paris-saclay.fr\/wp-content\/uploads\/2021\/01\/Banner_H200.png",1190,200,false],"guten_post_layout_square_large":["https:\/\/www.biomaps.universite-paris-saclay.fr\/wp-content\/uploads\/2021\/01\/Banner_H200.png",1190,200,false],"guten_post_layout_landscape":["https:\/\/www.biomaps.universite-paris-saclay.fr\/wp-content\/uploads\/2021\/01\/Banner_H200-600x200.png",600,200,true],"guten_post_layout_portrait":["https:\/\/www.biomaps.universite-paris-saclay.fr\/wp-content\/uploads\/2021\/01\/Banner_H200-600x200.png",600,200,true],"guten_post_layout_square":["https:\/\/www.biomaps.universite-paris-saclay.fr\/wp-content\/uploads\/2021\/01\/Banner_H200-600x200.png",600,200,true],"sciencex-single-team-thumb":["https:\/\/www.biomaps.universite-paris-saclay.fr\/wp-content\/uploads\/2021\/01\/Banner_H200-360x200.png",360,200,true],"sciencex-team-thumbnail":["https:\/\/www.biomaps.universite-paris-saclay.fr\/wp-content\/uploads\/2021\/01\/Banner_H200-263x200.png",263,200,true],"sciencex-event-thumbnail":["https:\/\/www.biomaps.universite-paris-saclay.fr\/wp-content\/uploads\/2021\/01\/Banner_H200-555x200.png",555,200,true],"sciencex-event-gallery-thumb":["https:\/\/www.biomaps.universite-paris-saclay.fr\/wp-content\/uploads\/2021\/01\/Banner_H200-227x168.png",227,168,true],"sciencex-blog-thumb":["https:\/\/www.biomaps.universite-paris-saclay.fr\/wp-content\/uploads\/2021\/01\/Banner_H200-100x80.png",100,80,true]},"_links":{"self":[{"href":"https:\/\/www.biomaps.universite-paris-saclay.fr\/index.php\/wp-json\/wp\/v2\/pages\/189"}],"collection":[{"href":"https:\/\/www.biomaps.universite-paris-saclay.fr\/index.php\/wp-json\/wp\/v2\/pages"}],"about":[{"href":"https:\/\/www.biomaps.universite-paris-saclay.fr\/index.php\/wp-json\/wp\/v2\/types\/page"}],"author":[{"embeddable":true,"href":"https:\/\/www.biomaps.universite-paris-saclay.fr\/index.php\/wp-json\/wp\/v2\/users\/2"}],"replies":[{"embeddable":true,"href":"https:\/\/www.biomaps.universite-paris-saclay.fr\/index.php\/wp-json\/wp\/v2\/comments?post=189"}],"version-history":[{"count":846,"href":"https:\/\/www.biomaps.universite-paris-saclay.fr\/index.php\/wp-json\/wp\/v2\/pages\/189\/revisions"}],"predecessor-version":[{"id":6291,"href":"https:\/\/www.biomaps.universite-paris-saclay.fr\/index.php\/wp-json\/wp\/v2\/pages\/189\/revisions\/6291"}],"wp:featuredmedia":[{"embeddable":true,"href":"https:\/\/www.biomaps.universite-paris-saclay.fr\/index.php\/wp-json\/wp\/v2\/media\/1733"}],"wp:attachment":[{"href":"https:\/\/www.biomaps.universite-paris-saclay.fr\/index.php\/wp-json\/wp\/v2\/media?parent=189"}],"curies":[{"name":"wp","href":"https:\/\/api.w.org\/{rel}","templated":true}]}}