{"id":1491,"date":"2020-11-17T14:33:24","date_gmt":"2020-11-17T13:33:24","guid":{"rendered":"http:\/\/www.biomaps.universite-paris-saclay.fr\/?page_id=1491"},"modified":"2020-11-17T14:42:55","modified_gmt":"2020-11-17T13:42:55","slug":"nouvelles-methodes-de-reconstruction-castor","status":"publish","type":"page","link":"https:\/\/www.biomaps.universite-paris-saclay.fr\/index.php\/nouvelles-methodes-de-reconstruction-castor\/","title":{"rendered":"Nouvelles m\u00e9thodes de reconstruction CASToR."},"content":{"rendered":"\t\t<div data-elementor-type=\"wp-page\" data-elementor-id=\"1491\" class=\"elementor elementor-1491\" data-elementor-post-type=\"page\">\n\t\t\t\t\t\t<section class=\"elementor-section elementor-top-section elementor-element elementor-element-478a492 elementor-section-boxed elementor-section-height-default elementor-section-height-default\" data-id=\"478a492\" data-element_type=\"section\">\n\t\t\t\t\t\t<div class=\"elementor-container elementor-column-gap-default\">\n\t\t\t\t\t<div class=\"elementor-column elementor-col-50 elementor-top-column elementor-element elementor-element-affe5e4\" data-id=\"affe5e4\" data-element_type=\"column\">\n\t\t\t<div class=\"elementor-widget-wrap elementor-element-populated\">\n\t\t\t\t\t\t<div class=\"elementor-element elementor-element-80febbd elementor-widget elementor-widget-image\" data-id=\"80febbd\" data-element_type=\"widget\" data-widget_type=\"image.default\">\n\t\t\t\t<div class=\"elementor-widget-container\">\n\t\t\t\t\t\t\t\t\t\t\t\t\t\t<a href=\"http:\/\/www.biomaps.universite-paris-saclay.fr\/index.php\/nouvelles-methodes-de-reconstruction-castor-_-en\/\">\n\t\t\t\t\t\t\t<img decoding=\"async\" width=\"100\" height=\"100\" src=\"https:\/\/www.biomaps.universite-paris-saclay.fr\/wp-content\/uploads\/2020\/08\/drapeaux-fran\u00e7ais-anglais-100x100.png\" class=\"attachment-thumbnail size-thumbnail wp-image-1246\" alt=\"\" srcset=\"https:\/\/www.biomaps.universite-paris-saclay.fr\/wp-content\/uploads\/2020\/08\/drapeaux-fran\u00e7ais-anglais-100x100.png 100w, https:\/\/www.biomaps.universite-paris-saclay.fr\/wp-content\/uploads\/2020\/08\/drapeaux-fran\u00e7ais-anglais-150x150.png 150w, https:\/\/www.biomaps.universite-paris-saclay.fr\/wp-content\/uploads\/2020\/08\/drapeaux-fran\u00e7ais-anglais.png 240w\" sizes=\"(max-width: 100px) 100vw, 100px\" \/>\t\t\t\t\t\t\t\t<\/a>\n\t\t\t\t\t\t\t\t\t\t\t\t\t<\/div>\n\t\t\t\t<\/div>\n\t\t\t\t<div class=\"elementor-element elementor-element-9bd03a0 elementor-widget elementor-widget-text-editor\" data-id=\"9bd03a0\" data-element_type=\"widget\" data-widget_type=\"text-editor.default\">\n\t\t\t\t<div class=\"elementor-widget-container\">\n\t\t\t\t\t\t\t<p>Impl\u00e9mentation des m\u00e9thodes de reconstruction d\u2019image TEP, TEMP et TDM, existantes et nouvelles, dans une m\u00eame plateforme libre.<\/p><p><a href=\"http:\/\/www.castor-project.org\" target=\"_blank\" rel=\"noopener\">www.castor-project.org<\/a><\/p>\t\t\t\t\t\t<\/div>\n\t\t\t\t<\/div>\n\t\t\t\t\t<\/div>\n\t\t<\/div>\n\t\t\t\t<div class=\"elementor-column elementor-col-50 elementor-top-column elementor-element elementor-element-c252385\" data-id=\"c252385\" data-element_type=\"column\">\n\t\t\t<div class=\"elementor-widget-wrap elementor-element-populated\">\n\t\t\t\t\t\t<div class=\"elementor-element elementor-element-6166558 elementor-widget elementor-widget-image\" data-id=\"6166558\" data-element_type=\"widget\" data-widget_type=\"image.default\">\n\t\t\t\t<div class=\"elementor-widget-container\">\n\t\t\t\t\t\t\t\t\t\t\t\t\t<img fetchpriority=\"high\" decoding=\"async\" width=\"295\" height=\"279\" src=\"https:\/\/www.biomaps.universite-paris-saclay.fr\/wp-content\/uploads\/2020\/11\/castor.jpg\" class=\"attachment-large size-large wp-image-1493\" alt=\"\" srcset=\"https:\/\/www.biomaps.universite-paris-saclay.fr\/wp-content\/uploads\/2020\/11\/castor.jpg 295w, https:\/\/www.biomaps.universite-paris-saclay.fr\/wp-content\/uploads\/2020\/11\/castor-150x142.jpg 150w\" sizes=\"(max-width: 295px) 100vw, 295px\" \/>\t\t\t\t\t\t\t\t\t\t\t\t\t<\/div>\n\t\t\t\t<\/div>\n\t\t\t\t\t<\/div>\n\t\t<\/div>\n\t\t\t\t\t<\/div>\n\t\t<\/section>\n\t\t\t\t<section class=\"elementor-section elementor-top-section elementor-element elementor-element-26de953 elementor-section-boxed elementor-section-height-default elementor-section-height-default\" data-id=\"26de953\" data-element_type=\"section\">\n\t\t\t\t\t\t<div class=\"elementor-container elementor-column-gap-default\">\n\t\t\t\t\t<div class=\"elementor-column elementor-col-100 elementor-top-column elementor-element elementor-element-3e25924\" data-id=\"3e25924\" data-element_type=\"column\">\n\t\t\t<div class=\"elementor-widget-wrap elementor-element-populated\">\n\t\t\t\t\t\t<div class=\"elementor-element elementor-element-3efd9c4 elementor-widget-divider--view-line elementor-widget elementor-widget-divider\" data-id=\"3efd9c4\" data-element_type=\"widget\" data-widget_type=\"divider.default\">\n\t\t\t\t<div class=\"elementor-widget-container\">\n\t\t\t\t\t<div class=\"elementor-divider\">\n\t\t\t<span class=\"elementor-divider-separator\">\n\t\t\t\t\t\t<\/span>\n\t\t<\/div>\n\t\t\t\t<\/div>\n\t\t\t\t<\/div>\n\t\t\t\t\t<\/div>\n\t\t<\/div>\n\t\t\t\t\t<\/div>\n\t\t<\/section>\n\t\t\t\t<section class=\"elementor-section elementor-top-section elementor-element elementor-element-5ef1ff6 elementor-section-boxed elementor-section-height-default elementor-section-height-default\" data-id=\"5ef1ff6\" data-element_type=\"section\">\n\t\t\t\t\t\t<div class=\"elementor-container elementor-column-gap-default\">\n\t\t\t\t\t<div class=\"elementor-column elementor-col-50 elementor-top-column elementor-element elementor-element-13b90ba\" data-id=\"13b90ba\" data-element_type=\"column\">\n\t\t\t<div class=\"elementor-widget-wrap elementor-element-populated\">\n\t\t\t\t\t\t<div class=\"elementor-element elementor-element-3592195 elementor-widget elementor-widget-image\" data-id=\"3592195\" data-element_type=\"widget\" data-widget_type=\"image.default\">\n\t\t\t\t<div class=\"elementor-widget-container\">\n\t\t\t\t\t\t\t\t\t\t\t\t\t<img decoding=\"async\" width=\"500\" height=\"242\" src=\"https:\/\/www.biomaps.universite-paris-saclay.fr\/wp-content\/uploads\/2020\/11\/incertitude-500x242.png\" class=\"attachment-large size-large wp-image-1494\" alt=\"\" srcset=\"https:\/\/www.biomaps.universite-paris-saclay.fr\/wp-content\/uploads\/2020\/11\/incertitude-500x242.png 500w, https:\/\/www.biomaps.universite-paris-saclay.fr\/wp-content\/uploads\/2020\/11\/incertitude-150x73.png 150w, https:\/\/www.biomaps.universite-paris-saclay.fr\/wp-content\/uploads\/2020\/11\/incertitude-768x372.png 768w, https:\/\/www.biomaps.universite-paris-saclay.fr\/wp-content\/uploads\/2020\/11\/incertitude-1536x743.png 1536w, https:\/\/www.biomaps.universite-paris-saclay.fr\/wp-content\/uploads\/2020\/11\/incertitude-2048x991.png 2048w\" sizes=\"(max-width: 500px) 100vw, 500px\" \/>\t\t\t\t\t\t\t\t\t\t\t\t\t<\/div>\n\t\t\t\t<\/div>\n\t\t\t\t\t<\/div>\n\t\t<\/div>\n\t\t\t\t<div class=\"elementor-column elementor-col-50 elementor-top-column elementor-element elementor-element-8c3e878\" data-id=\"8c3e878\" data-element_type=\"column\">\n\t\t\t<div class=\"elementor-widget-wrap elementor-element-populated\">\n\t\t\t\t\t\t<div class=\"elementor-element elementor-element-880a671 elementor-widget elementor-widget-text-editor\" data-id=\"880a671\" data-element_type=\"widget\" data-widget_type=\"text-editor.default\">\n\t\t\t\t<div class=\"elementor-widget-container\">\n\t\t\t\t\t\t\t<p><strong>Incertitude des images TEP<\/strong><\/p>\t\t\t\t\t\t<\/div>\n\t\t\t\t<\/div>\n\t\t\t\t<div class=\"elementor-element elementor-element-56d093c elementor-widget elementor-widget-text-editor\" data-id=\"56d093c\" data-element_type=\"widget\" data-widget_type=\"text-editor.default\">\n\t\t\t\t<div class=\"elementor-widget-container\">\n\t\t\t\t\t\t\t<p>Rapport signal sur bruit bas + probl\u00e8me inverse mal pos\u00e9 = haute incertitude des images TEP reconstruites.<\/p><p>Estimation de l\u2019incertitude \u00e0 travers la distribution post\u00e9rieure de l\u2019image TEP reconstruite avec diff\u00e9rentes informations a priori.<\/p>\t\t\t\t\t\t<\/div>\n\t\t\t\t<\/div>\n\t\t\t\t<div class=\"elementor-element elementor-element-6415baf elementor-widget elementor-widget-text-editor\" data-id=\"6415baf\" data-element_type=\"widget\" data-widget_type=\"text-editor.default\">\n\t\t\t\t<div class=\"elementor-widget-container\">\n\t\t\t\t\t\t\t<h3>Contact<\/h3><p><a href=\"mailto: Marina.FILIPOVICPIERUCCI@cea.fr\">Marina Filipovic Pierucci<\/a><\/p>\t\t\t\t\t\t<\/div>\n\t\t\t\t<\/div>\n\t\t\t\t\t<\/div>\n\t\t<\/div>\n\t\t\t\t\t<\/div>\n\t\t<\/section>\n\t\t\t\t<\/div>\n\t\t","protected":false},"excerpt":{"rendered":"<p>Impl\u00e9mentation des m\u00e9thodes de reconstruction d\u2019image TEP, TEMP et TDM, existantes et nouvelles, dans une m\u00eame plateforme libre. www.castor-project.org Incertitude des images TEP Rapport signal sur bruit bas + probl\u00e8me inverse mal pos\u00e9 = haute incertitude des images TEP reconstruites. Estimation de l\u2019incertitude \u00e0 travers la distribution post\u00e9rieure de l\u2019image TEP reconstruite avec diff\u00e9rentes informations [&hellip;]<\/p>\n","protected":false},"author":2,"featured_media":615,"parent":0,"menu_order":0,"comment_status":"closed","ping_status":"closed","template":"","meta":{"footnotes":""},"guten_post_layout_featured_media_urls":{"full":["https:\/\/www.biomaps.universite-paris-saclay.fr\/wp-content\/uploads\/2020\/04\/Footer-e1609957375858.png",750,126,false],"thumbnail":["https:\/\/www.biomaps.universite-paris-saclay.fr\/wp-content\/uploads\/2020\/04\/Footer-100x100.png",100,100,true],"medium":["https:\/\/www.biomaps.universite-paris-saclay.fr\/wp-content\/uploads\/2020\/04\/Footer-150x25.png",150,25,true],"medium_large":["https:\/\/www.biomaps.universite-paris-saclay.fr\/wp-content\/uploads\/2020\/04\/Footer-768x129.png",640,108,true],"large":["https:\/\/www.biomaps.universite-paris-saclay.fr\/wp-content\/uploads\/2020\/04\/Footer-500x84.png",500,84,true],"1536x1536":["https:\/\/www.biomaps.universite-paris-saclay.fr\/wp-content\/uploads\/2020\/04\/Footer-1536x257.png",1536,257,true],"2048x2048":["https:\/\/www.biomaps.universite-paris-saclay.fr\/wp-content\/uploads\/2020\/04\/Footer-e1609957375858.png",750,126,false],"guten_post_layout_landscape_large":["https:\/\/www.biomaps.universite-paris-saclay.fr\/wp-content\/uploads\/2020\/04\/Footer-1200x318.png",1200,318,true],"guten_post_layout_portrait_large":["https:\/\/www.biomaps.universite-paris-saclay.fr\/wp-content\/uploads\/2020\/04\/Footer-1200x318.png",1200,318,true],"guten_post_layout_square_large":["https:\/\/www.biomaps.universite-paris-saclay.fr\/wp-content\/uploads\/2020\/04\/Footer-1200x318.png",1200,318,true],"guten_post_layout_landscape":["https:\/\/www.biomaps.universite-paris-saclay.fr\/wp-content\/uploads\/2020\/04\/Footer-600x318.png",600,318,true],"guten_post_layout_portrait":["https:\/\/www.biomaps.universite-paris-saclay.fr\/wp-content\/uploads\/2020\/04\/Footer-600x318.png",600,318,true],"guten_post_layout_square":["https:\/\/www.biomaps.universite-paris-saclay.fr\/wp-content\/uploads\/2020\/04\/Footer-600x318.png",600,318,true],"sciencex-single-team-thumb":["https:\/\/www.biomaps.universite-paris-saclay.fr\/wp-content\/uploads\/2020\/04\/Footer-360x270.png",360,270,true],"sciencex-team-thumbnail":["https:\/\/www.biomaps.universite-paris-saclay.fr\/wp-content\/uploads\/2020\/04\/Footer-263x216.png",263,216,true],"sciencex-event-thumbnail":["https:\/\/www.biomaps.universite-paris-saclay.fr\/wp-content\/uploads\/2020\/04\/Footer-555x318.png",555,318,true],"sciencex-event-gallery-thumb":["https:\/\/www.biomaps.universite-paris-saclay.fr\/wp-content\/uploads\/2020\/04\/Footer-227x168.png",227,168,true],"sciencex-blog-thumb":["https:\/\/www.biomaps.universite-paris-saclay.fr\/wp-content\/uploads\/2020\/04\/Footer-100x80.png",100,80,true]},"_links":{"self":[{"href":"https:\/\/www.biomaps.universite-paris-saclay.fr\/index.php\/wp-json\/wp\/v2\/pages\/1491"}],"collection":[{"href":"https:\/\/www.biomaps.universite-paris-saclay.fr\/index.php\/wp-json\/wp\/v2\/pages"}],"about":[{"href":"https:\/\/www.biomaps.universite-paris-saclay.fr\/index.php\/wp-json\/wp\/v2\/types\/page"}],"author":[{"embeddable":true,"href":"https:\/\/www.biomaps.universite-paris-saclay.fr\/index.php\/wp-json\/wp\/v2\/users\/2"}],"replies":[{"embeddable":true,"href":"https:\/\/www.biomaps.universite-paris-saclay.fr\/index.php\/wp-json\/wp\/v2\/comments?post=1491"}],"version-history":[{"count":7,"href":"https:\/\/www.biomaps.universite-paris-saclay.fr\/index.php\/wp-json\/wp\/v2\/pages\/1491\/revisions"}],"predecessor-version":[{"id":1508,"href":"https:\/\/www.biomaps.universite-paris-saclay.fr\/index.php\/wp-json\/wp\/v2\/pages\/1491\/revisions\/1508"}],"wp:featuredmedia":[{"embeddable":true,"href":"https:\/\/www.biomaps.universite-paris-saclay.fr\/index.php\/wp-json\/wp\/v2\/media\/615"}],"wp:attachment":[{"href":"https:\/\/www.biomaps.universite-paris-saclay.fr\/index.php\/wp-json\/wp\/v2\/media?parent=1491"}],"curies":[{"name":"wp","href":"https:\/\/api.w.org\/{rel}","templated":true}]}}